{"id":3442,"date":"2025-11-15T07:57:21","date_gmt":"2025-11-15T07:57:21","guid":{"rendered":"https:\/\/bri9ita.com\/?post_type=product&#038;p=3442"},"modified":"2025-12-26T16:56:26","modified_gmt":"2025-12-26T16:56:26","slug":"avizu-pieno-oatmilk-soap-bar","status":"publish","type":"product","link":"https:\/\/bri9ita.com\/lt\/produktas\/avizu-pieno-oatmilk-soap-bar\/","title":{"rendered":"Avi\u017e\u0173 Pieno | Oatmilk Soap bar"},"content":{"rendered":"<div class=\"relative basis-auto flex-col -mb-(--composer-overlap-px) [--composer-overlap-px:55px] grow flex overflow-hidden\">\n<div class=\"relative h-full\">\n<div class=\"flex h-full flex-col overflow-y-auto thread-xl:pt-(--header-height) [scrollbar-gutter:stable_both-edges]\">\n<div class=\"flex flex-col text-sm thread-xl:pt-header-height pb-25\">\n<article class=\"text-token-text-primary w-full focus:outline-none [--shadow-height:45px] has-data-writing-block:pointer-events-none has-data-writing-block:-mt-(--shadow-height) has-data-writing-block:pt-(--shadow-height) [&amp;:has([data-writing-block])&gt;*]:pointer-events-auto scroll-mt-[calc(var(--header-height)+min(200px,max(70px,20svh)))]\" dir=\"auto\" tabindex=\"-1\" data-turn-id=\"request-WEB:deccacf1-e342-4ea8-ae83-7e2219918385-0\" data-testid=\"conversation-turn-2\" data-scroll-anchor=\"true\" data-turn=\"assistant\">\n<div class=\"text-base my-auto mx-auto pb-10 [--thread-content-margin:--spacing(4)] thread-sm:[--thread-content-margin:--spacing(6)] thread-lg:[--thread-content-margin:--spacing(16)] px-(--thread-content-margin)\">\n<div class=\"[--thread-content-max-width:40rem] thread-lg:[--thread-content-max-width:48rem] mx-auto max-w-(--thread-content-max-width) flex-1 group\/turn-messages focus-visible:outline-hidden relative flex w-full min-w-0 flex-col agent-turn\" tabindex=\"-1\">\n<div class=\"flex max-w-full flex-col grow\">\n<div class=\"min-h-8 text-message relative flex w-full flex-col items-end gap-2 text-start break-words whitespace-normal [.text-message+&amp;]:mt-1\" dir=\"auto\" data-message-author-role=\"assistant\" data-message-id=\"3851cde7-a6f9-45a8-89b4-ac799461a459\" data-message-model-slug=\"gpt-5\">\n<div class=\"flex w-full flex-col gap-1 empty:hidden first:pt-[1px]\">\n<div class=\"markdown prose dark:prose-invert w-full break-words dark markdown-new-styling\">\n<p data-start=\"0\" data-end=\"48\">\ud83c\uddf1\ud83c\uddf9\ud83c\uddec\ud83c\udde7 <strong data-start=\"9\" data-end=\"46\">Apie J\u016bs\u0173 Muil\u0105 \/ About Your Soap<\/strong><\/p>\n<h3 data-start=\"176\" data-end=\"211\"><strong data-start=\"178\" data-end=\"211\">Avi\u017e\u0173 Pieno SPA &#8211; nat\u016bralus muilas<\/strong><\/h3>\n<p data-start=\"213\" data-end=\"666\">Leiskite odai pasim\u0117gauti \u0161ilkiniu \u0161velnumu su Avi\u017e\u0173 Pieno muilu \u2013 od\u0105 raminan\u010diu ir maitinamuoju kasdieniu pasirinkimu. Pagamintas i\u0161 kruop\u0161\u010diai subalansuoto sald\u017ei\u0173j\u0173 migdol\u0173, raps\u0173, ricin\u0173, kokos\u0173 ir sviestmed\u017eio sviesto, \u0161is muilas apr\u016bpina od\u0105 vitaminais A, E ir D, padedan\u010diais i\u0161laikyti mink\u0161tum\u0105 ir elastingum\u0105. Avi\u017e\u0173 pienas suteikia kremi\u0161kumo, nat\u016braliai ramina ir saugo jautri\u0105 od\u0105.<\/p>\n<p data-start=\"213\" data-end=\"666\">Kvepiantis \u0161velniu, sald\u017eiu pieno aromatu, jis sukuria jaukumo ir \u0161varos poj\u016bt\u012f. Kruop\u0161\u010diai pagamintas rankomis ma\u017eais kiekiais.<\/p>\n<p data-start=\"868\" data-end=\"1052\">\ud83c\udf43 \u0160velniai valo ir dr\u0117kina<br data-start=\"894\" data-end=\"897\" \/>\ud83c\udf43\u00a0 Avi\u017e\u0173 pienas ramina jautri\u0105 od\u0105<br data-start=\"930\" data-end=\"933\" \/>\ud83c\udf43 Maistingi aliejai suteikia elastingumo ir mink\u0161tumo<br data-start=\"986\" data-end=\"989\" \/>\ud83c\udf43\u00a0 Saldus, \u0161iltas pieno kvapas<br data-start=\"1018\" data-end=\"1021\" \/>\ud83c\udf43\u00a0 100% nat\u016bralus, rank\u0173 darbo<\/p>\n<p data-start=\"868\" data-end=\"1052\"><strong data-start=\"334\" data-end=\"346\">Sud\u0117tis:<\/strong> sald\u017ei\u0173j\u0173 migdol\u0173 aliejus, raps\u0173 (high oleic) aliejus, ricin\u0173 aliejus, sviestmed\u017eio sviestas ir kokos\u0173 aliejus, avi\u017e\u0173 pienas, kvapusis aliejus.<\/p>\n<hr data-start=\"1054\" data-end=\"1057\" \/>\n<h4 data-start=\"1059\" data-end=\"1080\"><strong data-start=\"1061\" data-end=\"1080\">\ud83c\uddec\ud83c\udde7 About Your Soap<\/strong><\/h4>\n<h3 data-start=\"1082\" data-end=\"1113\"><strong data-start=\"1084\" data-end=\"1113\">Oat Milk SPA &#8211; Natural Soap Bar<\/strong><\/h3>\n<p data-start=\"1115\" data-end=\"1496\">Wrap your skin in creamy comfort with the Oat Milk soap bar \u2014 a soothing, nourishing blend crafted for everyday care. Formulated with sweet almond, high-oleic canola, castor, coconut, and shea butter, it delivers vitamins A, E &amp; D to soften and protect the skin. Oat milk adds a velvety texture, calms sensitivity, and helps maintain a healthy moisture balance.<\/p>\n<p data-start=\"1498\" data-end=\"1673\">Lightly scented with a warm, sweet milk fragrance, this bar offers a cosy, clean aroma reminiscent of fresh dairy sweetness. Handmade in small batches for the highest quality.<\/p>\n<h3 data-start=\"1675\" data-end=\"1696\"><strong data-start=\"1679\" data-end=\"1696\">Key Benefits:<\/strong><\/h3>\n<p data-start=\"1697\" data-end=\"1865\">\ud83c\udf43 Gently cleanses &amp; moisturizes<br data-start=\"1728\" data-end=\"1731\" \/>\ud83c\udf43\u00a0 Oat milk calms and softens the skin<br data-start=\"1768\" data-end=\"1771\" \/>\ud83c\udf43 Vitamin-rich, nourishing oil blend<br data-start=\"1806\" data-end=\"1809\" \/>\ud83c\udf43\u00a0 Sweet, creamy milk scent<br data-start=\"1835\" data-end=\"1838\" \/>\ud83c\udf43 100% natural &amp; handmade<\/p>\n<\/div>\n<\/div>\n<\/div>\n<\/div>\n<div class=\"z-0 flex min-h-[46px] justify-start\"><strong data-start=\"679\" data-end=\"695\">Ingredients: <\/strong>Saponified sweet almond oil, high oleic canola oil, castor oil, shea butter and coconut oil, water, glycerin, oat milk, fragrance oil.<\/div>\n<\/div>\n<\/div>\n<\/article>\n<div class=\"pointer-events-none h-px w-px\" aria-hidden=\"true\" data-edge=\"true\"><\/div>\n<div><\/div>\n<\/div>\n<\/div>\n<\/div>\n<\/div>\n<div id=\"thread-bottom-container\" class=\"group\/thread-bottom-container relative isolate z-10 w-full basis-auto has-data-has-thread-error:pt-2 has-data-has-thread-error:[box-shadow:var(--sharp-edge-bottom-shadow)] md:border-transparent md:pt-0 dark:border-white\/20 md:dark:border-transparent content-fade flex flex-col\">\n<div id=\"thread-bottom\">\n<div class=\"text-base mx-auto [--thread-content-margin:--spacing(4)] thread-sm:[--thread-content-margin:--spacing(6)] thread-lg:[--thread-content-margin:--spacing(16)] px-(--thread-content-margin)\">\n<div class=\"[--thread-content-max-width:40rem] thread-lg:[--thread-content-max-width:48rem] mx-auto max-w-(--thread-content-max-width) flex-1\">\n<div class=\"flex justify-center empty:hidden\"><\/div>\n<div class=\"pointer-events-auto relative z-1 flex h-[var(--composer-container-height,100%)] max-w-full flex-[var(--composer-container-flex,1)] flex-col\">\n<p><button class=\"invisible absolute self-center\" tabindex=\"-1\" name=\"context-connector-pasted-link-popover-trigger\" type=\"button\" aria-hidden=\"true\" aria-haspopup=\"dialog\" aria-expanded=\"false\" aria-controls=\"radix-_R_2ekim4paclhq4qcm_\" data-state=\"closed\"><\/button><\/p>\n<div class=\"absolute start-0 end-0 bottom-full z-20\"><\/div>\n<form class=\"group\/composer w-full\" data-expanded=\"\" data-type=\"unified-composer\" action=\"\">\n<div class=\"hidden\"><input tabindex=\"-1\" accept=\"image\/webp,.webp,image\/gif,.gif,image\/jpeg,.jpg,.jpeg,image\/png,.png\" multiple=\"multiple\" type=\"file\" \/><\/div>\n<div class=\"\">\n<div class=\"bg-token-bg-primary cursor-text overflow-clip bg-clip-padding p-2.5 contain-inline-size dark:bg-[#303030] grid grid-cols-[auto_1fr_auto] [grid-template-areas:'header_header_header'_'leading_primary_trailing'_'._footer_.'] group-data-expanded\/composer:[grid-template-areas:'header_header_header'_'primary_primary_primary'_'leading_footer_trailing'] shadow-short\">\n<div class=\"-my-2.5 flex min-h-14 items-center overflow-x-hidden px-1.5 [grid-area:primary] group-data-expanded\/composer:mb-0 group-data-expanded\/composer:px-2.5\">\n<div class=\"_prosemirror-parent_1dsxi_2 text-token-text-primary max-h-[max(35svh,5rem)] max-h-52 flex-1 overflow-auto [scrollbar-width:thin] default-browser vertical-scroll-fade-mask\">\n<p><textarea class=\"_fallbackTextarea_1dsxi_2\" name=\"prompt-textarea\" placeholder=\"Ask anything\" data-virtualkeyboard=\"true\"><\/textarea><\/p>\n<div id=\"prompt-textarea\" class=\"ProseMirror\" contenteditable=\"true\" translate=\"no\" data-virtualkeyboard=\"true\"><\/div>\n<\/div>\n<\/div>\n<div class=\"-m-1 max-w-full overflow-x-auto p-1 [grid-area:footer] [scrollbar-width:none] group-not-data-expanded\/composer:-mb-12\" data-testid=\"composer-footer-actions\">\n<div class=\"flex min-w-fit items-center gap-1.5 ps-0 pe-1.5\">\n<div data-testid=\"composer-action-file-upload\">\n<div class=\"relative\">\n<div id=\"radix-_R_2praekim4paclhq4qcm_\" class=\"flex\" aria-haspopup=\"menu\" aria-expanded=\"false\" data-state=\"closed\"><button class=\"flex items-center justify-center h-9 rounded-full border border-token-border-default text-token-text-secondary min-w-8 w-auto p-2 text-[13px] font-semibold radix-state-open:bg-black\/10 hover:bg-token-main-surface-secondary\" aria-label=\"Add photos\"><span class=\"ps-1 pe-1 whitespace-nowrap [[data-collapse-labels]_&amp;]:sr-only\">Attach<\/span><\/button><\/div>\n<\/div>\n<\/div>\n<div data-testid=\"system-hint-search\">\n<div>\n<div class=\"radix-state-open:bg-black\/10 inline-flex h-9 rounded-full border text-[13px] font-medium text-token-text-secondary border-token-border-default hover:bg-token-main-surface-secondary focus-visible:outline-black dark:focus-visible:outline-white\">\n<div class=\"ps-1 pe-1 font-semibold whitespace-nowrap [[data-collapse-labels]_&amp;]:sr-only\">Search<\/div>\n<\/div>\n<\/div>\n<\/div>\n<div class=\"radix-state-open:bg-black\/10 inline-flex h-9 rounded-full border text-[13px] font-medium text-token-text-secondary border-token-border-default hover:bg-token-main-surface-secondary focus-visible:outline-black dark:focus-visible:outline-white\">\n<div class=\"ps-1 pe-1 font-semibold whitespace-nowrap [[data-collapse-labels]_&amp;]:sr-only\">Study<\/div>\n<\/div>\n<\/div>\n<\/div>\n<\/div>\n<\/div>\n<input type=\"hidden\" name=\"trp-form-language\" value=\"lt\"\/><\/form>\n<\/div>\n<\/div>\n<\/div>\n<\/div>\n<\/div>","protected":false},"excerpt":{"rendered":"<p data-start=\"0\" data-end=\"48\">\ud83c\uddf1\ud83c\uddf9\ud83c\uddec\ud83c\udde7 <strong data-start=\"9\" data-end=\"46\">Apie J\u016bs\u0173 Muil\u0105 \/ About Your Soap<\/strong><\/p>\n<h3 data-start=\"176\" data-end=\"211\"><strong data-start=\"178\" data-end=\"211\">Avi\u017e\u0173 Pieno SPA &#8211; nat\u016bralus muilas<\/strong><\/h3>\n<p data-start=\"213\" data-end=\"666\">Leiskite odai pasim\u0117gauti \u0161ilkiniu \u0161velnumu su Avi\u017e\u0173 Pieno muilu \u2013 od\u0105 raminan\u010diu ir maitinamuoju kasdieniu pasirinkimu. Pagamintas i\u0161 kruop\u0161\u010diai subalansuoto sald\u017ei\u0173j\u0173 migdol\u0173, raps\u0173, ricin\u0173, kokos\u0173 ir sviestmed\u017eio sviesto, \u0161is muilas apr\u016bpina od\u0105 vitaminais A, E ir D, padedan\u010diais i\u0161laikyti mink\u0161tum\u0105 ir elastingum\u0105. Avi\u017e\u0173 pienas suteikia kremi\u0161kumo, nat\u016braliai ramina ir saugo jautri\u0105 od\u0105. Kvepiantis \u0161velniu, sald\u017eiu pieno aromatu.<\/p>\n<p data-start=\"868\" data-end=\"1052\">\ud83c\udf43 \u0160velniai valo ir dr\u0117kina<br data-start=\"894\" data-end=\"897\" \/>\ud83c\udf43\u00a0 Avi\u017e\u0173 pienas ramina jautri\u0105 od\u0105<br data-start=\"930\" data-end=\"933\" \/>\ud83c\udf43 Maistingi aliejai suteikia elastingumo ir mink\u0161tumo<br data-start=\"986\" data-end=\"989\" \/>\ud83c\udf43\u00a0 Saldus, \u0161varus pieno kvapas<br data-start=\"1018\" data-end=\"1021\" \/>\ud83c\udf43\u00a0 100% nat\u016bralus, rank\u0173 darbo<\/p>\n<p data-start=\"868\" data-end=\"1052\">_________________________________________<\/p>\n<h4 data-start=\"1059\" data-end=\"1080\"><strong data-start=\"1061\" data-end=\"1080\">\ud83c\uddec\ud83c\udde7 About Your Soap<\/strong><\/h4>\n<h4 data-start=\"1059\" data-end=\"1080\"><strong data-start=\"1084\" data-end=\"1113\">Oat Milk SPA &#8211; Natural Soap Bar<\/strong><\/h4>\n<p data-start=\"1115\" data-end=\"1496\">Pamper your skin with the Oat Milk soap bar \u2014 a soothing, nourishing blend crafted for everyday care. Formulated with sweet almond, high-oleic canola, castor, coconut, and shea butter, it delivers vitamins A, E &amp; D to soften, hydrate, and protect the skin. Oat milk adds a velvety texture, calms sensitivity, and helps maintain a healthy moisture balance. Lightly scented with a warm, sweet milk fragrance oil.<\/p>\n<p data-start=\"1115\" data-end=\"1496\"><strong data-start=\"1679\" data-end=\"1696\">Key Benefits:<\/strong><\/p>\n<p data-start=\"1697\" data-end=\"1865\">\ud83c\udf43 Gently cleanses &amp; moisturizes<br data-start=\"1728\" data-end=\"1731\" \/>\ud83c\udf43\u00a0 Oat milk calms and softens the skin<br data-start=\"1768\" data-end=\"1771\" \/>\ud83c\udf43 Vitamin-rich, nourishing oil blend<br data-start=\"1806\" data-end=\"1809\" \/>\ud83c\udf43\u00a0 Sweet, creamy milk scent<br data-start=\"1835\" data-end=\"1838\" \/>\ud83c\udf43 100% natural &amp; handmade<\/p>","protected":false},"featured_media":3443,"comment_status":"open","ping_status":"closed","template":"","meta":[],"product_brand":[],"product_cat":[130],"product_tag":[],"class_list":{"0":"post-3442","1":"product","2":"type-product","3":"status-publish","4":"has-post-thumbnail","6":"product_cat-ritual-shop","8":"first","9":"instock","10":"shipping-taxable","11":"purchasable","12":"product-type-simple"},"yoast_head":"<!-- This site is optimized with the Yoast SEO plugin v26.6 - https:\/\/yoast.com\/wordpress\/plugins\/seo\/ -->\n<title>Avi\u017e\u0173 Pieno | Oatmilk Soap bar - bri9ita.com<\/title>\n<meta name=\"robots\" content=\"index, follow, max-snippet:-1, max-image-preview:large, max-video-preview:-1\" \/>\n<link rel=\"canonical\" href=\"https:\/\/bri9ita.com\/lt\/produktas\/avizu-pieno-oatmilk-soap-bar\/\" \/>\n<meta property=\"og:locale\" content=\"lt_LT\" \/>\n<meta property=\"og:type\" content=\"article\" \/>\n<meta property=\"og:title\" content=\"Avi\u017e\u0173 Pieno | Oatmilk Soap bar - bri9ita.com\" \/>\n<meta property=\"og:description\" content=\"\ud83c\uddf1\ud83c\uddf9\ud83c\uddec\ud83c\udde7 Apie J\u016bs\u0173 Muil\u0105 \/ About Your Soap  Avi\u017e\u0173 Pieno SPA - nat\u016bralus muilas Leiskite odai pasim\u0117gauti \u0161ilkiniu \u0161velnumu su Avi\u017e\u0173 Pieno muilu \u2013 od\u0105 raminan\u010diu ir maitinamuoju kasdieniu pasirinkimu. Pagamintas i\u0161 kruop\u0161\u010diai subalansuoto sald\u017ei\u0173j\u0173 migdol\u0173, raps\u0173, ricin\u0173, kokos\u0173 ir sviestmed\u017eio sviesto, \u0161is muilas apr\u016bpina od\u0105 vitaminais A, E ir D, padedan\u010diais i\u0161laikyti mink\u0161tum\u0105 ir elastingum\u0105. Avi\u017e\u0173 pienas suteikia kremi\u0161kumo, nat\u016braliai ramina ir saugo jautri\u0105 od\u0105. Kvepiantis \u0161velniu, sald\u017eiu pieno aromatu. \ud83c\udf43 \u0160velniai valo ir dr\u0117kina\ud83c\udf43\u00a0 Avi\u017e\u0173 pienas ramina jautri\u0105 od\u0105\ud83c\udf43 Maistingi aliejai suteikia elastingumo ir mink\u0161tumo\ud83c\udf43\u00a0 Saldus, \u0161varus pieno kvapas\ud83c\udf43\u00a0 100% nat\u016bralus, rank\u0173 darbo _________________________________________  \ud83c\uddec\ud83c\udde7 About Your Soap Oat Milk SPA - Natural Soap Bar Pamper your skin with the Oat Milk soap bar \u2014 a soothing, nourishing blend crafted for everyday care. Formulated with sweet almond, high-oleic canola, castor, coconut, and shea butter, it delivers vitamins A, E &amp; D to soften, hydrate, and protect the skin. Oat milk adds a velvety texture, calms sensitivity, and helps maintain a healthy moisture balance. Lightly scented with a warm, sweet milk fragrance oil. Key Benefits: \ud83c\udf43 Gently cleanses &amp; moisturizes\ud83c\udf43\u00a0 Oat milk calms and softens the skin\ud83c\udf43 Vitamin-rich, nourishing oil blend\ud83c\udf43\u00a0 Sweet, creamy milk scent\ud83c\udf43 100% natural &amp; handmade\" \/>\n<meta property=\"og:url\" content=\"https:\/\/bri9ita.com\/lt\/produktas\/avizu-pieno-oatmilk-soap-bar\/\" \/>\n<meta property=\"og:site_name\" content=\"bri9ita.com\" \/>\n<meta property=\"article:modified_time\" content=\"2025-12-26T16:56:26+00:00\" \/>\n<meta property=\"og:image\" content=\"https:\/\/bri9ita.com\/wp-content\/uploads\/2025\/11\/Avizu-pieno-spa-editedd-scaled.jpg\" \/>\n\t<meta property=\"og:image:width\" content=\"1920\" \/>\n\t<meta property=\"og:image:height\" content=\"2560\" \/>\n\t<meta property=\"og:image:type\" content=\"image\/jpeg\" \/>\n<meta name=\"twitter:card\" content=\"summary_large_image\" \/>\n<meta name=\"twitter:label1\" content=\"Est. reading time\" \/>\n\t<meta name=\"twitter:data1\" content=\"2 minut\u0117s\" \/>\n<script type=\"application\/ld+json\" class=\"yoast-schema-graph\">{\"@context\":\"https:\/\/schema.org\",\"@graph\":[{\"@type\":\"WebPage\",\"@id\":\"https:\/\/bri9ita.com\/product\/avizu-pieno-oatmilk-soap-bar\/\",\"url\":\"https:\/\/bri9ita.com\/product\/avizu-pieno-oatmilk-soap-bar\/\",\"name\":\"Avi\u017e\u0173 Pieno | Oatmilk Soap bar - bri9ita.com\",\"isPartOf\":{\"@id\":\"https:\/\/bri9ita.com\/#website\"},\"primaryImageOfPage\":{\"@id\":\"https:\/\/bri9ita.com\/product\/avizu-pieno-oatmilk-soap-bar\/#primaryimage\"},\"image\":{\"@id\":\"https:\/\/bri9ita.com\/product\/avizu-pieno-oatmilk-soap-bar\/#primaryimage\"},\"thumbnailUrl\":\"https:\/\/bri9ita.com\/wp-content\/uploads\/2025\/11\/Avizu-pieno-spa-editedd-scaled.jpg\",\"datePublished\":\"2025-11-15T07:57:21+00:00\",\"dateModified\":\"2025-12-26T16:56:26+00:00\",\"breadcrumb\":{\"@id\":\"https:\/\/bri9ita.com\/product\/avizu-pieno-oatmilk-soap-bar\/#breadcrumb\"},\"inLanguage\":\"lt-LT\",\"potentialAction\":[{\"@type\":\"ReadAction\",\"target\":[\"https:\/\/bri9ita.com\/product\/avizu-pieno-oatmilk-soap-bar\/\"]}]},{\"@type\":\"ImageObject\",\"inLanguage\":\"lt-LT\",\"@id\":\"https:\/\/bri9ita.com\/product\/avizu-pieno-oatmilk-soap-bar\/#primaryimage\",\"url\":\"https:\/\/bri9ita.com\/wp-content\/uploads\/2025\/11\/Avizu-pieno-spa-editedd-scaled.jpg\",\"contentUrl\":\"https:\/\/bri9ita.com\/wp-content\/uploads\/2025\/11\/Avizu-pieno-spa-editedd-scaled.jpg\",\"width\":1920,\"height\":2560},{\"@type\":\"BreadcrumbList\",\"@id\":\"https:\/\/bri9ita.com\/product\/avizu-pieno-oatmilk-soap-bar\/#breadcrumb\",\"itemListElement\":[{\"@type\":\"ListItem\",\"position\":1,\"name\":\"Home\",\"item\":\"https:\/\/bri9ita.com\/\"},{\"@type\":\"ListItem\",\"position\":2,\"name\":\"Shop\",\"item\":\"https:\/\/bri9ita.com\/shop\/\"},{\"@type\":\"ListItem\",\"position\":3,\"name\":\"Avi\u017e\u0173 Pieno | Oatmilk Soap bar\"}]},{\"@type\":\"WebSite\",\"@id\":\"https:\/\/bri9ita.com\/#website\",\"url\":\"https:\/\/bri9ita.com\/\",\"name\":\"bri9ita.com\",\"description\":\"\",\"publisher\":{\"@id\":\"https:\/\/bri9ita.com\/#organization\"},\"potentialAction\":[{\"@type\":\"SearchAction\",\"target\":{\"@type\":\"EntryPoint\",\"urlTemplate\":\"https:\/\/bri9ita.com\/?s={search_term_string}\"},\"query-input\":{\"@type\":\"PropertyValueSpecification\",\"valueRequired\":true,\"valueName\":\"search_term_string\"}}],\"inLanguage\":\"lt-LT\"},{\"@type\":\"Organization\",\"@id\":\"https:\/\/bri9ita.com\/#organization\",\"name\":\"bri9ita.com\",\"url\":\"https:\/\/bri9ita.com\/\",\"logo\":{\"@type\":\"ImageObject\",\"inLanguage\":\"lt-LT\",\"@id\":\"https:\/\/bri9ita.com\/#\/schema\/logo\/image\/\",\"url\":\"https:\/\/bri9ita.com\/wp-content\/uploads\/2023\/03\/new_logo_for_web_2-removebg-preview.png\",\"contentUrl\":\"https:\/\/bri9ita.com\/wp-content\/uploads\/2023\/03\/new_logo_for_web_2-removebg-preview.png\",\"width\":560,\"height\":135,\"caption\":\"bri9ita.com\"},\"image\":{\"@id\":\"https:\/\/bri9ita.com\/#\/schema\/logo\/image\/\"},\"sameAs\":[\"https:\/\/www.instagram.com\/_bri9ita_\/?igshid=YmMyMTA2M2Y\",\"https:\/\/www.youtube.com\/@bri9ita599\"]}]}<\/script>\n<!-- \/ Yoast SEO plugin. -->","yoast_head_json":{"title":"Avi\u017e\u0173 Pieno | Oatmilk Soap bar - bri9ita.com","robots":{"index":"index","follow":"follow","max-snippet":"max-snippet:-1","max-image-preview":"max-image-preview:large","max-video-preview":"max-video-preview:-1"},"canonical":"https:\/\/bri9ita.com\/lt\/produktas\/avizu-pieno-oatmilk-soap-bar\/","og_locale":"lt_LT","og_type":"article","og_title":"Avi\u017e\u0173 Pieno | Oatmilk Soap bar - bri9ita.com","og_description":"\ud83c\uddf1\ud83c\uddf9\ud83c\uddec\ud83c\udde7 Apie J\u016bs\u0173 Muil\u0105 \/ About Your Soap  Avi\u017e\u0173 Pieno SPA - nat\u016bralus muilas Leiskite odai pasim\u0117gauti \u0161ilkiniu \u0161velnumu su Avi\u017e\u0173 Pieno muilu \u2013 od\u0105 raminan\u010diu ir maitinamuoju kasdieniu pasirinkimu. Pagamintas i\u0161 kruop\u0161\u010diai subalansuoto sald\u017ei\u0173j\u0173 migdol\u0173, raps\u0173, ricin\u0173, kokos\u0173 ir sviestmed\u017eio sviesto, \u0161is muilas apr\u016bpina od\u0105 vitaminais A, E ir D, padedan\u010diais i\u0161laikyti mink\u0161tum\u0105 ir elastingum\u0105. Avi\u017e\u0173 pienas suteikia kremi\u0161kumo, nat\u016braliai ramina ir saugo jautri\u0105 od\u0105. Kvepiantis \u0161velniu, sald\u017eiu pieno aromatu. \ud83c\udf43 \u0160velniai valo ir dr\u0117kina\ud83c\udf43\u00a0 Avi\u017e\u0173 pienas ramina jautri\u0105 od\u0105\ud83c\udf43 Maistingi aliejai suteikia elastingumo ir mink\u0161tumo\ud83c\udf43\u00a0 Saldus, \u0161varus pieno kvapas\ud83c\udf43\u00a0 100% nat\u016bralus, rank\u0173 darbo _________________________________________  \ud83c\uddec\ud83c\udde7 About Your Soap Oat Milk SPA - Natural Soap Bar Pamper your skin with the Oat Milk soap bar \u2014 a soothing, nourishing blend crafted for everyday care. Formulated with sweet almond, high-oleic canola, castor, coconut, and shea butter, it delivers vitamins A, E &amp; D to soften, hydrate, and protect the skin. Oat milk adds a velvety texture, calms sensitivity, and helps maintain a healthy moisture balance. Lightly scented with a warm, sweet milk fragrance oil. Key Benefits: \ud83c\udf43 Gently cleanses &amp; moisturizes\ud83c\udf43\u00a0 Oat milk calms and softens the skin\ud83c\udf43 Vitamin-rich, nourishing oil blend\ud83c\udf43\u00a0 Sweet, creamy milk scent\ud83c\udf43 100% natural &amp; handmade","og_url":"https:\/\/bri9ita.com\/lt\/produktas\/avizu-pieno-oatmilk-soap-bar\/","og_site_name":"bri9ita.com","article_modified_time":"2025-12-26T16:56:26+00:00","og_image":[{"width":1920,"height":2560,"url":"https:\/\/bri9ita.com\/wp-content\/uploads\/2025\/11\/Avizu-pieno-spa-editedd-scaled.jpg","type":"image\/jpeg"}],"twitter_card":"summary_large_image","twitter_misc":{"Est. reading time":"2 minut\u0117s"},"schema":{"@context":"https:\/\/schema.org","@graph":[{"@type":"WebPage","@id":"https:\/\/bri9ita.com\/product\/avizu-pieno-oatmilk-soap-bar\/","url":"https:\/\/bri9ita.com\/product\/avizu-pieno-oatmilk-soap-bar\/","name":"Avi\u017e\u0173 Pieno | Oatmilk Soap bar - bri9ita.com","isPartOf":{"@id":"https:\/\/bri9ita.com\/#website"},"primaryImageOfPage":{"@id":"https:\/\/bri9ita.com\/product\/avizu-pieno-oatmilk-soap-bar\/#primaryimage"},"image":{"@id":"https:\/\/bri9ita.com\/product\/avizu-pieno-oatmilk-soap-bar\/#primaryimage"},"thumbnailUrl":"https:\/\/bri9ita.com\/wp-content\/uploads\/2025\/11\/Avizu-pieno-spa-editedd-scaled.jpg","datePublished":"2025-11-15T07:57:21+00:00","dateModified":"2025-12-26T16:56:26+00:00","breadcrumb":{"@id":"https:\/\/bri9ita.com\/product\/avizu-pieno-oatmilk-soap-bar\/#breadcrumb"},"inLanguage":"lt-LT","potentialAction":[{"@type":"ReadAction","target":["https:\/\/bri9ita.com\/product\/avizu-pieno-oatmilk-soap-bar\/"]}]},{"@type":"ImageObject","inLanguage":"lt-LT","@id":"https:\/\/bri9ita.com\/product\/avizu-pieno-oatmilk-soap-bar\/#primaryimage","url":"https:\/\/bri9ita.com\/wp-content\/uploads\/2025\/11\/Avizu-pieno-spa-editedd-scaled.jpg","contentUrl":"https:\/\/bri9ita.com\/wp-content\/uploads\/2025\/11\/Avizu-pieno-spa-editedd-scaled.jpg","width":1920,"height":2560},{"@type":"BreadcrumbList","@id":"https:\/\/bri9ita.com\/product\/avizu-pieno-oatmilk-soap-bar\/#breadcrumb","itemListElement":[{"@type":"ListItem","position":1,"name":"Home","item":"https:\/\/bri9ita.com\/"},{"@type":"ListItem","position":2,"name":"Shop","item":"https:\/\/bri9ita.com\/shop\/"},{"@type":"ListItem","position":3,"name":"Avi\u017e\u0173 Pieno | Oatmilk Soap bar"}]},{"@type":"WebSite","@id":"https:\/\/bri9ita.com\/#website","url":"https:\/\/bri9ita.com\/","name":"bri9ita.com","description":"","publisher":{"@id":"https:\/\/bri9ita.com\/#organization"},"potentialAction":[{"@type":"SearchAction","target":{"@type":"EntryPoint","urlTemplate":"https:\/\/bri9ita.com\/?s={search_term_string}"},"query-input":{"@type":"PropertyValueSpecification","valueRequired":true,"valueName":"search_term_string"}}],"inLanguage":"lt-LT"},{"@type":"Organization","@id":"https:\/\/bri9ita.com\/#organization","name":"bri9ita.com","url":"https:\/\/bri9ita.com\/","logo":{"@type":"ImageObject","inLanguage":"lt-LT","@id":"https:\/\/bri9ita.com\/#\/schema\/logo\/image\/","url":"https:\/\/bri9ita.com\/wp-content\/uploads\/2023\/03\/new_logo_for_web_2-removebg-preview.png","contentUrl":"https:\/\/bri9ita.com\/wp-content\/uploads\/2023\/03\/new_logo_for_web_2-removebg-preview.png","width":560,"height":135,"caption":"bri9ita.com"},"image":{"@id":"https:\/\/bri9ita.com\/#\/schema\/logo\/image\/"},"sameAs":["https:\/\/www.instagram.com\/_bri9ita_\/?igshid=YmMyMTA2M2Y","https:\/\/www.youtube.com\/@bri9ita599"]}]}},"_links":{"self":[{"href":"https:\/\/bri9ita.com\/lt\/wp-json\/wp\/v2\/product\/3442","targetHints":{"allow":["GET"]}}],"collection":[{"href":"https:\/\/bri9ita.com\/lt\/wp-json\/wp\/v2\/product"}],"about":[{"href":"https:\/\/bri9ita.com\/lt\/wp-json\/wp\/v2\/types\/product"}],"replies":[{"embeddable":true,"href":"https:\/\/bri9ita.com\/lt\/wp-json\/wp\/v2\/comments?post=3442"}],"wp:featuredmedia":[{"embeddable":true,"href":"https:\/\/bri9ita.com\/lt\/wp-json\/wp\/v2\/media\/3443"}],"wp:attachment":[{"href":"https:\/\/bri9ita.com\/lt\/wp-json\/wp\/v2\/media?parent=3442"}],"wp:term":[{"taxonomy":"product_brand","embeddable":true,"href":"https:\/\/bri9ita.com\/lt\/wp-json\/wp\/v2\/product_brand?post=3442"},{"taxonomy":"product_cat","embeddable":true,"href":"https:\/\/bri9ita.com\/lt\/wp-json\/wp\/v2\/product_cat?post=3442"},{"taxonomy":"product_tag","embeddable":true,"href":"https:\/\/bri9ita.com\/lt\/wp-json\/wp\/v2\/product_tag?post=3442"}],"curies":[{"name":"wp","href":"https:\/\/api.w.org\/{rel}","templated":true}]}}