{"id":3410,"date":"2025-07-08T20:16:57","date_gmt":"2025-07-08T20:16:57","guid":{"rendered":"https:\/\/bri9ita.com\/?post_type=product&#038;p=3410"},"modified":"2026-02-14T14:00:13","modified_gmt":"2026-02-14T14:00:13","slug":"ritual-mist-ceremonial-cleanse","status":"publish","type":"product","link":"https:\/\/bri9ita.com\/lt\/produktas\/ritual-mist-ceremonial-cleanse\/","title":{"rendered":"Ritualin\u0117 migla: Apsivalymas | Ritual Mist: Ceremonial Cleanse"},"content":{"rendered":"<h3 data-start=\"125\" data-end=\"197\">\ud83c\uddf1\ud83c\uddf9 <strong data-start=\"130\" data-end=\"191\">Aromatin\u0117 migla: Apsivalymo Ritualas 100\u202fml \/ 3.38oz<\/strong><\/h3>\n<p data-start=\"283\" data-end=\"633\">\u0160i migla sukurta j\u016bs\u0173 dvasin\u0117ms praktikoms, ritualams ir energetiniam darbui. Su valan\u010diu <strong data-start=\"401\" data-end=\"413\">\u0161alaviju<\/strong>, apsauginiu <strong data-start=\"426\" data-end=\"445\">juoduoju pipiru<\/strong> ir <strong data-start=\"471\" data-end=\"503\">pipirm\u0117\u010di\u0173 eteriniu aliejumi<\/strong>, padeda neutralizuoti nepageidaujamas vibracijas ir sukurti erdv\u0119 intencijai bei ramybei. Pagaminta rankomis, ma\u017eomis partijomis.<\/p>\n<p data-start=\"884\" data-end=\"969\">Netoksi\u0161ka, be ftalat\u0173, pagaminta i\u0161 auk\u0161tos kokyb\u0117s eterini\u0173 ir kvap\u0173 aliej\u0173<\/p>\n<p data-start=\"971\" data-end=\"1210\">Prie\u0161 naudojim\u0105 gerai suplakti. Prie\u0161 pur\u0161kiant ant audini\u0173, i\u0161bandyti ant nedidelio ploto. Purk\u0161ti nuo veido. Laikyti v\u0117sioje vietoje, saugoti nuo tiesiogini\u0173 saul\u0117s spinduli\u0173. Laikyti vaikams nepasiekiamoje vietoje.<\/p>\n<p data-start=\"971\" data-end=\"1210\">_______________________________________________<\/p>\n<h3 data-start=\"180\" data-end=\"218\">\ud83c\uddec\ud83c\udde7\u00a0 <strong data-start=\"220\" data-end=\"270\">Ritual Mist: Ceremonial Cleanse 100ml \/ 3.38oz<\/strong><\/h3>\n<p data-start=\"278\" data-end=\"354\">Experience the magic of scent \u2013 your sanctuary is just a spray away.<\/p>\n<p data-start=\"356\" data-end=\"673\">A sacred mist designed to support your spiritual practices, rituals, and energy work. Blended with purifying <strong data-start=\"472\" data-end=\"480\">sage<\/strong>, protective <strong data-start=\"493\" data-end=\"509\">black pepper<\/strong>, and cleansing <strong data-start=\"525\" data-end=\"553\">peppermint essential oil<\/strong>, it helps clear energetic blockages, neutralise unwanted vibrations, and create space for intention and stillness.<\/p>\n<p data-start=\"890\" data-end=\"1131\">Use it before meditation, spellwork, or to reset your space after emotional or energetic heaviness. It\u2019s your go-to ritual companion for realignment, renewal, and spiritual clarity. Mixed and poured by hand in small quantities.<\/p>\n<p data-start=\"1133\" data-end=\"1212\">Non-toxic, phthalate-free, made with premium essential &amp; fragrance oils<\/p>\n<p data-start=\"1214\" data-end=\"1415\">Shake well before use. Before spraying on fabrics, test on a small area. Spray away from the face. Store in a cool place, protect from direct sunlight. Keep out of reach of children.<\/p>\n<p>&nbsp;<\/p>\n<p>&nbsp;<\/p>","protected":false},"excerpt":{"rendered":"<p data-start=\"125\" data-end=\"197\">\ud83c\uddf1\ud83c\uddf9 <strong data-start=\"130\" data-end=\"191\">Aromatin\u0117 migla: Apsivalymo Ritualas 100\u202fml \/ 3,38\u202foz<\/strong><\/p>\n<p data-start=\"283\" data-end=\"633\">\u0160i migla sukurta j\u016bs\u0173 dvasin\u0117ms praktikoms, ritualams ir energetiniam darbui. Su valan\u010diu <strong data-start=\"401\" data-end=\"413\">\u0161alaviju<\/strong>, apsauginiu <strong data-start=\"426\" data-end=\"445\">juoduoju pipiru<\/strong> ir <strong data-start=\"471\" data-end=\"503\">pipirm\u0117\u010di\u0173 eteriniu aliejumi<\/strong>, padeda neutralizuoti nepageidaujamas vibracijas ir sukurti erdv\u0119 intencijai bei ramybei. Pagaminta rankomis, ma\u017eomis partijomis.<\/p>\n<p data-start=\"884\" data-end=\"969\">Netoksi\u0161ka, be ftalat\u0173, pagaminta i\u0161 auk\u0161tos kokyb\u0117s eterini\u0173 ir kvap\u0173 aliej\u0173.<\/p>\n<p data-start=\"884\" data-end=\"969\">_____________________________________________<\/p>\n<h3 data-start=\"180\" data-end=\"218\">\ud83c\uddec\ud83c\udde7\u00a0 <strong data-start=\"220\" data-end=\"270\">Ritual Mist: Ceremonial Cleanse 100ml \/ 3.38oz<\/strong><\/h3>\n<p data-start=\"278\" data-end=\"354\">Experience the magic of scent \u2013 your sanctuary is just a spray away.<\/p>\n<p data-start=\"356\" data-end=\"673\">A sacred mist designed to support your spiritual practices, rituals, and energy work. Blended with purifying <strong data-start=\"472\" data-end=\"480\">sage<\/strong>, protective <strong data-start=\"493\" data-end=\"509\">black pepper<\/strong>, and cleansing <strong data-start=\"525\" data-end=\"553\">peppermint essential oil<\/strong>, it helps clear energetic blockages, neutralise unwanted vibrations, and create space for intention and stillness.<\/p>\n<p data-start=\"890\" data-end=\"1131\">Use it before meditation, spellwork, or to reset your space after emotional or energetic heaviness. It\u2019s your go-to ritual companion for realignment, renewal, and spiritual clarity. Mixed and poured by hand in small quantities.<\/p>","protected":false},"featured_media":3467,"comment_status":"open","ping_status":"closed","template":"","meta":[],"product_brand":[],"product_cat":[130,131],"product_tag":[],"class_list":{"0":"post-3410","1":"product","2":"type-product","3":"status-publish","4":"has-post-thumbnail","6":"product_cat-ritual-shop","7":"product_cat-sanctuary-mists","9":"first","10":"outofstock","11":"shipping-taxable","12":"purchasable","13":"product-type-simple"},"yoast_head":"<!-- This site is optimized with the Yoast SEO plugin v26.6 - https:\/\/yoast.com\/wordpress\/plugins\/seo\/ -->\n<title>Ritualin\u0117 migla: Apsivalymas | Ritual Mist: Ceremonial Cleanse - bri9ita.com<\/title>\n<meta name=\"robots\" content=\"index, follow, max-snippet:-1, max-image-preview:large, max-video-preview:-1\" \/>\n<link rel=\"canonical\" href=\"https:\/\/bri9ita.com\/lt\/produktas\/ritual-mist-ceremonial-cleanse\/\" \/>\n<meta property=\"og:locale\" content=\"lt_LT\" \/>\n<meta property=\"og:type\" content=\"article\" \/>\n<meta property=\"og:title\" content=\"Ritualin\u0117 migla: Apsivalymas | Ritual Mist: Ceremonial Cleanse - bri9ita.com\" \/>\n<meta property=\"og:description\" content=\"\ud83c\uddf1\ud83c\uddf9 Aromatin\u0117 migla: Apsivalymo Ritualas 100\u202fml \/ 3,38\u202foz \u0160i migla sukurta j\u016bs\u0173 dvasin\u0117ms praktikoms, ritualams ir energetiniam darbui. Su valan\u010diu \u0161alaviju, apsauginiu juoduoju pipiru ir pipirm\u0117\u010di\u0173 eteriniu aliejumi, padeda neutralizuoti nepageidaujamas vibracijas ir sukurti erdv\u0119 intencijai bei ramybei. Pagaminta rankomis, ma\u017eomis partijomis. Netoksi\u0161ka, be ftalat\u0173, pagaminta i\u0161 auk\u0161tos kokyb\u0117s eterini\u0173 ir kvap\u0173 aliej\u0173. _____________________________________________  \ud83c\uddec\ud83c\udde7\u00a0 Ritual Mist: Ceremonial Cleanse 100ml \/ 3.38oz Experience the magic of scent \u2013 your sanctuary is just a spray away. A sacred mist designed to support your spiritual practices, rituals, and energy work. Blended with purifying sage, protective black pepper, and cleansing peppermint essential oil, it helps clear energetic blockages, neutralise unwanted vibrations, and create space for intention and stillness. Use it before meditation, spellwork, or to reset your space after emotional or energetic heaviness. It\u2019s your go-to ritual companion for realignment, renewal, and spiritual clarity. Mixed and poured by hand in small quantities.\" \/>\n<meta property=\"og:url\" content=\"https:\/\/bri9ita.com\/lt\/produktas\/ritual-mist-ceremonial-cleanse\/\" \/>\n<meta property=\"og:site_name\" content=\"bri9ita.com\" \/>\n<meta property=\"article:modified_time\" content=\"2026-02-14T14:00:13+00:00\" \/>\n<meta property=\"og:image\" content=\"https:\/\/bri9ita.com\/wp-content\/uploads\/2025\/07\/Untitled-design-33.jpg\" \/>\n\t<meta property=\"og:image:width\" content=\"1793\" \/>\n\t<meta property=\"og:image:height\" content=\"2391\" \/>\n\t<meta property=\"og:image:type\" content=\"image\/jpeg\" \/>\n<meta name=\"twitter:card\" content=\"summary_large_image\" \/>\n<meta name=\"twitter:label1\" content=\"Est. reading time\" \/>\n\t<meta name=\"twitter:data1\" content=\"2 minut\u0117s\" \/>\n<script type=\"application\/ld+json\" class=\"yoast-schema-graph\">{\"@context\":\"https:\/\/schema.org\",\"@graph\":[{\"@type\":\"WebPage\",\"@id\":\"https:\/\/bri9ita.com\/product\/ritual-mist-ceremonial-cleanse\/\",\"url\":\"https:\/\/bri9ita.com\/product\/ritual-mist-ceremonial-cleanse\/\",\"name\":\"Ritualin\u0117 migla: Apsivalymas | Ritual Mist: Ceremonial Cleanse - bri9ita.com\",\"isPartOf\":{\"@id\":\"https:\/\/bri9ita.com\/#website\"},\"primaryImageOfPage\":{\"@id\":\"https:\/\/bri9ita.com\/product\/ritual-mist-ceremonial-cleanse\/#primaryimage\"},\"image\":{\"@id\":\"https:\/\/bri9ita.com\/product\/ritual-mist-ceremonial-cleanse\/#primaryimage\"},\"thumbnailUrl\":\"https:\/\/bri9ita.com\/wp-content\/uploads\/2025\/07\/Untitled-design-33.jpg\",\"datePublished\":\"2025-07-08T20:16:57+00:00\",\"dateModified\":\"2026-02-14T14:00:13+00:00\",\"breadcrumb\":{\"@id\":\"https:\/\/bri9ita.com\/product\/ritual-mist-ceremonial-cleanse\/#breadcrumb\"},\"inLanguage\":\"lt-LT\",\"potentialAction\":[{\"@type\":\"ReadAction\",\"target\":[\"https:\/\/bri9ita.com\/product\/ritual-mist-ceremonial-cleanse\/\"]}]},{\"@type\":\"ImageObject\",\"inLanguage\":\"lt-LT\",\"@id\":\"https:\/\/bri9ita.com\/product\/ritual-mist-ceremonial-cleanse\/#primaryimage\",\"url\":\"https:\/\/bri9ita.com\/wp-content\/uploads\/2025\/07\/Untitled-design-33.jpg\",\"contentUrl\":\"https:\/\/bri9ita.com\/wp-content\/uploads\/2025\/07\/Untitled-design-33.jpg\",\"width\":1793,\"height\":2391},{\"@type\":\"BreadcrumbList\",\"@id\":\"https:\/\/bri9ita.com\/product\/ritual-mist-ceremonial-cleanse\/#breadcrumb\",\"itemListElement\":[{\"@type\":\"ListItem\",\"position\":1,\"name\":\"Home\",\"item\":\"https:\/\/bri9ita.com\/\"},{\"@type\":\"ListItem\",\"position\":2,\"name\":\"Shop\",\"item\":\"https:\/\/bri9ita.com\/shop\/\"},{\"@type\":\"ListItem\",\"position\":3,\"name\":\"Ritualin\u0117 migla: Apsivalymas | Ritual Mist: Ceremonial Cleanse\"}]},{\"@type\":\"WebSite\",\"@id\":\"https:\/\/bri9ita.com\/#website\",\"url\":\"https:\/\/bri9ita.com\/\",\"name\":\"bri9ita.com\",\"description\":\"\",\"publisher\":{\"@id\":\"https:\/\/bri9ita.com\/#organization\"},\"potentialAction\":[{\"@type\":\"SearchAction\",\"target\":{\"@type\":\"EntryPoint\",\"urlTemplate\":\"https:\/\/bri9ita.com\/?s={search_term_string}\"},\"query-input\":{\"@type\":\"PropertyValueSpecification\",\"valueRequired\":true,\"valueName\":\"search_term_string\"}}],\"inLanguage\":\"lt-LT\"},{\"@type\":\"Organization\",\"@id\":\"https:\/\/bri9ita.com\/#organization\",\"name\":\"bri9ita.com\",\"url\":\"https:\/\/bri9ita.com\/\",\"logo\":{\"@type\":\"ImageObject\",\"inLanguage\":\"lt-LT\",\"@id\":\"https:\/\/bri9ita.com\/#\/schema\/logo\/image\/\",\"url\":\"https:\/\/bri9ita.com\/wp-content\/uploads\/2023\/03\/new_logo_for_web_2-removebg-preview.png\",\"contentUrl\":\"https:\/\/bri9ita.com\/wp-content\/uploads\/2023\/03\/new_logo_for_web_2-removebg-preview.png\",\"width\":560,\"height\":135,\"caption\":\"bri9ita.com\"},\"image\":{\"@id\":\"https:\/\/bri9ita.com\/#\/schema\/logo\/image\/\"},\"sameAs\":[\"https:\/\/www.instagram.com\/_bri9ita_\/?igshid=YmMyMTA2M2Y\",\"https:\/\/www.youtube.com\/@bri9ita599\"]}]}<\/script>\n<!-- \/ Yoast SEO plugin. -->","yoast_head_json":{"title":"Ritualin\u0117 migla: Apsivalymas | Ritual Mist: Ceremonial Cleanse - bri9ita.com","robots":{"index":"index","follow":"follow","max-snippet":"max-snippet:-1","max-image-preview":"max-image-preview:large","max-video-preview":"max-video-preview:-1"},"canonical":"https:\/\/bri9ita.com\/lt\/produktas\/ritual-mist-ceremonial-cleanse\/","og_locale":"lt_LT","og_type":"article","og_title":"Ritualin\u0117 migla: Apsivalymas | Ritual Mist: Ceremonial Cleanse - bri9ita.com","og_description":"\ud83c\uddf1\ud83c\uddf9 Aromatin\u0117 migla: Apsivalymo Ritualas 100\u202fml \/ 3,38\u202foz \u0160i migla sukurta j\u016bs\u0173 dvasin\u0117ms praktikoms, ritualams ir energetiniam darbui. Su valan\u010diu \u0161alaviju, apsauginiu juoduoju pipiru ir pipirm\u0117\u010di\u0173 eteriniu aliejumi, padeda neutralizuoti nepageidaujamas vibracijas ir sukurti erdv\u0119 intencijai bei ramybei. Pagaminta rankomis, ma\u017eomis partijomis. Netoksi\u0161ka, be ftalat\u0173, pagaminta i\u0161 auk\u0161tos kokyb\u0117s eterini\u0173 ir kvap\u0173 aliej\u0173. _____________________________________________  \ud83c\uddec\ud83c\udde7\u00a0 Ritual Mist: Ceremonial Cleanse 100ml \/ 3.38oz Experience the magic of scent \u2013 your sanctuary is just a spray away. A sacred mist designed to support your spiritual practices, rituals, and energy work. Blended with purifying sage, protective black pepper, and cleansing peppermint essential oil, it helps clear energetic blockages, neutralise unwanted vibrations, and create space for intention and stillness. Use it before meditation, spellwork, or to reset your space after emotional or energetic heaviness. It\u2019s your go-to ritual companion for realignment, renewal, and spiritual clarity. Mixed and poured by hand in small quantities.","og_url":"https:\/\/bri9ita.com\/lt\/produktas\/ritual-mist-ceremonial-cleanse\/","og_site_name":"bri9ita.com","article_modified_time":"2026-02-14T14:00:13+00:00","og_image":[{"width":1793,"height":2391,"url":"https:\/\/bri9ita.com\/wp-content\/uploads\/2025\/07\/Untitled-design-33.jpg","type":"image\/jpeg"}],"twitter_card":"summary_large_image","twitter_misc":{"Est. reading time":"2 minut\u0117s"},"schema":{"@context":"https:\/\/schema.org","@graph":[{"@type":"WebPage","@id":"https:\/\/bri9ita.com\/product\/ritual-mist-ceremonial-cleanse\/","url":"https:\/\/bri9ita.com\/product\/ritual-mist-ceremonial-cleanse\/","name":"Ritualin\u0117 migla: Apsivalymas | Ritual Mist: Ceremonial Cleanse - bri9ita.com","isPartOf":{"@id":"https:\/\/bri9ita.com\/#website"},"primaryImageOfPage":{"@id":"https:\/\/bri9ita.com\/product\/ritual-mist-ceremonial-cleanse\/#primaryimage"},"image":{"@id":"https:\/\/bri9ita.com\/product\/ritual-mist-ceremonial-cleanse\/#primaryimage"},"thumbnailUrl":"https:\/\/bri9ita.com\/wp-content\/uploads\/2025\/07\/Untitled-design-33.jpg","datePublished":"2025-07-08T20:16:57+00:00","dateModified":"2026-02-14T14:00:13+00:00","breadcrumb":{"@id":"https:\/\/bri9ita.com\/product\/ritual-mist-ceremonial-cleanse\/#breadcrumb"},"inLanguage":"lt-LT","potentialAction":[{"@type":"ReadAction","target":["https:\/\/bri9ita.com\/product\/ritual-mist-ceremonial-cleanse\/"]}]},{"@type":"ImageObject","inLanguage":"lt-LT","@id":"https:\/\/bri9ita.com\/product\/ritual-mist-ceremonial-cleanse\/#primaryimage","url":"https:\/\/bri9ita.com\/wp-content\/uploads\/2025\/07\/Untitled-design-33.jpg","contentUrl":"https:\/\/bri9ita.com\/wp-content\/uploads\/2025\/07\/Untitled-design-33.jpg","width":1793,"height":2391},{"@type":"BreadcrumbList","@id":"https:\/\/bri9ita.com\/product\/ritual-mist-ceremonial-cleanse\/#breadcrumb","itemListElement":[{"@type":"ListItem","position":1,"name":"Home","item":"https:\/\/bri9ita.com\/"},{"@type":"ListItem","position":2,"name":"Shop","item":"https:\/\/bri9ita.com\/shop\/"},{"@type":"ListItem","position":3,"name":"Ritualin\u0117 migla: Apsivalymas | Ritual Mist: Ceremonial Cleanse"}]},{"@type":"WebSite","@id":"https:\/\/bri9ita.com\/#website","url":"https:\/\/bri9ita.com\/","name":"bri9ita.com","description":"","publisher":{"@id":"https:\/\/bri9ita.com\/#organization"},"potentialAction":[{"@type":"SearchAction","target":{"@type":"EntryPoint","urlTemplate":"https:\/\/bri9ita.com\/?s={search_term_string}"},"query-input":{"@type":"PropertyValueSpecification","valueRequired":true,"valueName":"search_term_string"}}],"inLanguage":"lt-LT"},{"@type":"Organization","@id":"https:\/\/bri9ita.com\/#organization","name":"bri9ita.com","url":"https:\/\/bri9ita.com\/","logo":{"@type":"ImageObject","inLanguage":"lt-LT","@id":"https:\/\/bri9ita.com\/#\/schema\/logo\/image\/","url":"https:\/\/bri9ita.com\/wp-content\/uploads\/2023\/03\/new_logo_for_web_2-removebg-preview.png","contentUrl":"https:\/\/bri9ita.com\/wp-content\/uploads\/2023\/03\/new_logo_for_web_2-removebg-preview.png","width":560,"height":135,"caption":"bri9ita.com"},"image":{"@id":"https:\/\/bri9ita.com\/#\/schema\/logo\/image\/"},"sameAs":["https:\/\/www.instagram.com\/_bri9ita_\/?igshid=YmMyMTA2M2Y","https:\/\/www.youtube.com\/@bri9ita599"]}]}},"_links":{"self":[{"href":"https:\/\/bri9ita.com\/lt\/wp-json\/wp\/v2\/product\/3410","targetHints":{"allow":["GET"]}}],"collection":[{"href":"https:\/\/bri9ita.com\/lt\/wp-json\/wp\/v2\/product"}],"about":[{"href":"https:\/\/bri9ita.com\/lt\/wp-json\/wp\/v2\/types\/product"}],"replies":[{"embeddable":true,"href":"https:\/\/bri9ita.com\/lt\/wp-json\/wp\/v2\/comments?post=3410"}],"wp:featuredmedia":[{"embeddable":true,"href":"https:\/\/bri9ita.com\/lt\/wp-json\/wp\/v2\/media\/3467"}],"wp:attachment":[{"href":"https:\/\/bri9ita.com\/lt\/wp-json\/wp\/v2\/media?parent=3410"}],"wp:term":[{"taxonomy":"product_brand","embeddable":true,"href":"https:\/\/bri9ita.com\/lt\/wp-json\/wp\/v2\/product_brand?post=3410"},{"taxonomy":"product_cat","embeddable":true,"href":"https:\/\/bri9ita.com\/lt\/wp-json\/wp\/v2\/product_cat?post=3410"},{"taxonomy":"product_tag","embeddable":true,"href":"https:\/\/bri9ita.com\/lt\/wp-json\/wp\/v2\/product_tag?post=3410"}],"curies":[{"name":"wp","href":"https:\/\/api.w.org\/{rel}","templated":true}]}}