{"id":3360,"date":"2025-05-03T19:50:51","date_gmt":"2025-05-03T19:50:51","guid":{"rendered":"https:\/\/bri9ita.com\/?post_type=product&#038;p=3360"},"modified":"2025-11-15T09:02:04","modified_gmt":"2025-11-15T09:02:04","slug":"sapropel-mud-handmade-soap-bar","status":"publish","type":"product","link":"https:\/\/bri9ita.com\/lt\/produktas\/sapropel-mud-handmade-soap-bar\/","title":{"rendered":"Sapropelio purvas | Sapropelio purvo muilas"},"content":{"rendered":"<div class=\"relative basis-auto flex-col -mb-(--composer-overlap-px) [--composer-overlap-px:55px] grow flex overflow-hidden\">\n<div class=\"relative h-full\">\n<div class=\"flex h-full flex-col overflow-y-auto thread-xl:pt-(--header-height) [scrollbar-gutter:stable_both-edges]\">\n<div class=\"flex flex-col text-sm thread-xl:pt-header-height\">\n<article class=\"text-token-text-primary w-full focus:outline-none [--shadow-height:45px] has-data-writing-block:pointer-events-none has-data-writing-block:-mt-(--shadow-height) has-data-writing-block:pt-(--shadow-height) [&amp;:has([data-writing-block])&gt;*]:pointer-events-auto scroll-mt-[calc(var(--header-height)+min(200px,max(70px,20svh)))]\" dir=\"auto\" tabindex=\"-1\" data-turn-id=\"request-WEB:deccacf1-e342-4ea8-ae83-7e2219918385-2\" data-testid=\"conversation-turn-6\" data-scroll-anchor=\"true\" data-turn=\"assistant\">\n<div class=\"text-base my-auto mx-auto pb-10 [--thread-content-margin:--spacing(4)] thread-sm:[--thread-content-margin:--spacing(6)] thread-lg:[--thread-content-margin:--spacing(16)] px-(--thread-content-margin)\">\n<div class=\"[--thread-content-max-width:40rem] thread-lg:[--thread-content-max-width:48rem] mx-auto max-w-(--thread-content-max-width) flex-1 group\/turn-messages focus-visible:outline-hidden relative flex w-full min-w-0 flex-col agent-turn\" tabindex=\"-1\">\n<div class=\"flex max-w-full flex-col grow\">\n<div class=\"min-h-8 text-message relative flex w-full flex-col items-end gap-2 text-start break-words whitespace-normal [.text-message+&amp;]:mt-1\" dir=\"auto\" data-message-author-role=\"assistant\" data-message-id=\"90458c21-e9a7-4ba7-9e0d-a57978691cc5\" data-message-model-slug=\"gpt-5\">\n<div class=\"flex w-full flex-col gap-1 empty:hidden first:pt-[1px]\">\n<div class=\"markdown prose dark:prose-invert w-full break-words dark markdown-new-styling\">\n<p data-start=\"0\" data-end=\"48\">\ud83c\uddf1\ud83c\uddf9\ud83c\uddec\ud83c\udde7 <strong data-start=\"9\" data-end=\"46\">Apie J\u016bs\u0173 Muil\u0105 \/ About Your Soap<\/strong><\/p>\n<p data-start=\"50\" data-end=\"105\"><strong data-start=\"50\" data-end=\"103\">Nat\u016bralus muilas su Sapropelio purvu<\/strong><\/p>\n<p data-start=\"107\" data-end=\"154\">\u012ekv\u0117ptas gydan\u010dio Baltijos gamtos turtingumo.<\/p>\n<p data-start=\"156\" data-end=\"631\">Pagamintas rankomis, naudojant tradicin\u012f \u0161altojo proceso metod\u0105, \u0161is nat\u016bralus muilas yra su lietuvi\u0161ku sapropelio purvu \u2014 retu, mineralais turtingu organiniu nuos\u0117d\u0173 sluoksniu, vertinamu visame Baltijos regione d\u0117l savo od\u0105 atgaivinan\u010di\u0173 ir detoksikuojan\u010di\u0173 savybi\u0173. I\u0161gaunamas i\u0161 sen\u0173j\u0173 e\u017eer\u0173 dugno, sapropelis yra turtingas humin\u0117mis r\u016bg\u0161timis, bioaktyviais mineralais ir nat\u016braliais antioksidantais, nuo seno naudojamais vietiniuose SPA bei sveikatinimosi ritualuose.<\/p>\n<p data-start=\"633\" data-end=\"995\">Prisotintas odai nauding\u0173 kokos\u0173 aliejaus, sviestmed\u017eio sviesto, raps\u0173, sald\u017ei\u0173j\u0173 migdol\u0173 ir ricin\u0173 aliej\u0173, \u0161is muilas sukuria sodrias putas, kurios \u0161velniai valo, nesausinant odos. Kvepia \u012f\u017eeminan\u010diu kedru ir eterini\u0173 aliej\u0173 mi\u0161iniu, kuriame dera bergamot\u0117s, levand\u0173, ho med\u017eio bei ilang-ilang natos.<\/p>\n<p data-start=\"997\" data-end=\"1287\"><strong data-start=\"997\" data-end=\"1025\">Pagrindiniai privalumai:<\/strong><br data-start=\"1025\" data-end=\"1028\" \/>\ud83c\udf43 \u0160velniai valo ir maitina od\u0105<br data-start=\"1059\" data-end=\"1062\" \/>\ud83c\udf43 Praturtintas Baltijos sapropeliu ir huminiais mineralais<br data-start=\"1121\" data-end=\"1124\" \/>\ud83c\udf43 Raminantys, dr\u0117kinantys aliejai, tinkantys vis\u0173 tip\u0173 odai<br data-start=\"1184\" data-end=\"1187\" \/>\ud83c\udf43 Nat\u016braliai kvepiantis eteriniais aliejais<br data-start=\"1231\" data-end=\"1234\" \/>\ud83c\udf43 100% nat\u016bralus rank\u0173 darbo<\/p>\n<p data-start=\"1289\" data-end=\"1480\"><strong data-start=\"1289\" data-end=\"1301\">Sud\u0117tis:<\/strong> Saponifikuoti sviestmed\u017eio sviesto, migdol\u0173, kokos\u0173, raps\u0173 ir ricin\u0173 aliejai, vanduo, sapropelio purvas, eteriniai aliejai (kedro, bergamot\u0117s, levand\u0173, ho med\u017eio, ilang-ilang).<\/p>\n<hr data-start=\"1482\" data-end=\"1485\" \/>\n<h3 data-start=\"1487\" data-end=\"1515\">\ud83c\uddec\ud83c\udde7 <strong data-start=\"1496\" data-end=\"1515\">About Your Soap<\/strong><\/h3>\n<p data-start=\"1517\" data-end=\"1565\"><strong data-start=\"1517\" data-end=\"1563\">Sapropel Mud Natural Cold Process Soap Bar<\/strong><\/p>\n<p data-start=\"1567\" data-end=\"1619\">Inspired by the healing richness of Baltic nature.<\/p>\n<p data-start=\"1621\" data-end=\"2022\">Handcrafted using the traditional cold process method, this natural soap bar features Lithuanian sapropel mud \u2014 a rare, mineral-rich organic sediment treasured throughout the Baltic region for its skin-rejuvenating and detoxifying properties. Harvested from ancient lakebeds, sapropel is rich in humic acids, bioactive minerals, and natural antioxidants, long used in local spa and wellness rituals.<\/p>\n<p data-start=\"2024\" data-end=\"2371\">Infused with a skin-loving base of coconut oil, shea butter, canola oil, sweet almond oil, and castor oil, this soap delivers a rich, nourishing lather that gently cleanses without stripping moisture. Scented with a grounding blend of cedarwood essential oil and an essential oil blend consisting of bergamot, lavender, ho wood, and ylang ylang.<\/p>\n<p data-start=\"2373\" data-end=\"2633\"><strong data-start=\"2373\" data-end=\"2390\">Key Benefits:<\/strong><br data-start=\"2390\" data-end=\"2393\" \/>\ud83c\udf43 Gently purifies and nourishes the skin<br data-start=\"2434\" data-end=\"2437\" \/>\ud83c\udf43 Enriched with Baltic sapropel and humic minerals<br data-start=\"2488\" data-end=\"2491\" \/>\ud83c\udf43 Soothing, moisturizing oils for all skin types<br data-start=\"2540\" data-end=\"2543\" \/>\ud83c\udf43 Naturally scented with essential oils<br data-start=\"2583\" data-end=\"2586\" \/>\ud83c\udf43 100% natural and handmade in small batches<\/p>\n<p data-start=\"2635\" data-end=\"2823\" data-is-last-node=\"\" data-is-only-node=\"\"><strong data-start=\"2635\" data-end=\"2651\">Ingredients:<\/strong> Saponified Oils of Shea Butter, Almond Oil, Coconut Oil, Canola Oil, Castor Oil, Water, Sapropel Mud, Essential Oils (Cedarwood, Bergamot, Lavender, Ho Wood, Ylang Ylang).<\/p>\n<\/div>\n<\/div>\n<\/div>\n<\/div>\n<div class=\"z-0 flex min-h-[46px] justify-start\"><\/div>\n<\/div>\n<\/div>\n<\/article>\n<div class=\"pointer-events-none h-px w-px\" aria-hidden=\"true\" data-edge=\"true\"><\/div>\n<div><\/div>\n<\/div>\n<\/div>\n<\/div>\n<\/div>\n<div id=\"thread-bottom-container\" class=\"group\/thread-bottom-container relative isolate z-10 w-full basis-auto has-data-has-thread-error:pt-2 has-data-has-thread-error:[box-shadow:var(--sharp-edge-bottom-shadow)] md:border-transparent md:pt-0 dark:border-white\/20 md:dark:border-transparent content-fade flex flex-col\">\n<div id=\"thread-bottom\">\n<div class=\"text-base mx-auto [--thread-content-margin:--spacing(4)] thread-sm:[--thread-content-margin:--spacing(6)] thread-lg:[--thread-content-margin:--spacing(16)] px-(--thread-content-margin)\">\n<div class=\"[--thread-content-max-width:40rem] thread-lg:[--thread-content-max-width:48rem] mx-auto max-w-(--thread-content-max-width) flex-1\">\n<div class=\"flex justify-center empty:hidden\"><\/div>\n<div class=\"pointer-events-auto relative z-1 flex h-[var(--composer-container-height,100%)] max-w-full flex-[var(--composer-container-flex,1)] flex-col\">\n<p><button class=\"invisible absolute self-center\" tabindex=\"-1\" name=\"context-connector-pasted-link-popover-trigger\" type=\"button\" aria-hidden=\"true\" aria-haspopup=\"dialog\" aria-expanded=\"false\" aria-controls=\"radix-_R_2ekim4paclhq4qcm_\" data-state=\"closed\"><\/button><\/p>\n<div class=\"absolute start-0 end-0 bottom-full z-20\">\n<div class=\"relative h-full w-full\">\n<div class=\"mb-2 flex flex-col gap-3.5 pt-2\">\n<aside class=\"flex w-full items-start gap-4 rounded-3xl border py-4 ps-5 pe-3 text-sm [text-wrap:pretty] lg:mx-auto dark:border-transparent shadow-xxs md:items-center border-token-border-default bg-token-main-surface-primary text-token-text-primary dark:bg-token-main-surface-secondary\">\n<div class=\"flex h-full w-full gap-3 md:items-center\">\n<div class=\"flex grow flex-col md:flex-row md:items-center md:justify-between md:gap-8\">\n<div class=\"flex flex-col\">\n<div class=\"\">Get smarter responses, upload files and images, and more.<\/div>\n<\/div>\n<\/div>\n<\/div>\n<\/aside>\n<\/div>\n<\/div>\n<\/div>\n<\/div>\n<\/div>\n<\/div>\n<\/div>\n<\/div>","protected":false},"excerpt":{"rendered":"<article class=\"text-token-text-primary w-full focus:outline-none [--shadow-height:45px] has-data-writing-block:pointer-events-none has-data-writing-block:-mt-(--shadow-height) has-data-writing-block:pt-(--shadow-height) [&amp;:has([data-writing-block])&gt;*]:pointer-events-auto scroll-mt-[calc(var(--header-height)+min(200px,max(70px,20svh)))]\" dir=\"auto\" style=\"caret-color: #000000; color: #000000; font-style: normal; font-variant-caps: normal; font-weight: 400; letter-spacing: normal; orphans: auto; text-align: start; text-indent: 0px; text-transform: none; white-space: normal; widows: auto; word-spacing: 0px; -webkit-text-stroke-width: 0px; text-decoration: none;\" tabindex=\"-1\" data-turn-id=\"request-WEB:deccacf1-e342-4ea8-ae83-7e2219918385-3\" data-testid=\"conversation-turn-8\" data-scroll-anchor=\"true\" data-turn=\"assistant\">\n<div class=\"text-base my-auto mx-auto pb-10 [--thread-content-margin:--spacing(4)] thread-sm:[--thread-content-margin:--spacing(6)] thread-lg:[--thread-content-margin:--spacing(16)] px-(--thread-content-margin)\">\n<div class=\"[--thread-content-max-width:40rem] thread-lg:[--thread-content-max-width:48rem] mx-auto max-w-(--thread-content-max-width) flex-1 group\/turn-messages focus-visible:outline-hidden relative flex w-full min-w-0 flex-col agent-turn\" tabindex=\"-1\">\n<div class=\"flex max-w-full flex-col grow\">\n<div class=\"min-h-8 text-message relative flex w-full flex-col items-end gap-2 text-start break-words whitespace-normal [.text-message+&amp;]:mt-1\" dir=\"auto\" data-message-author-role=\"assistant\" data-message-id=\"2bbb48f0-2bc3-4579-8505-e8df3df6c009\" data-message-model-slug=\"gpt-5\">\n<div class=\"flex w-full flex-col gap-1 empty:hidden first:pt-[1px]\">\n<div class=\"markdown prose dark:prose-invert w-full break-words dark markdown-new-styling\">\n<p data-start=\"0\" data-end=\"48\">\ud83c\uddf1\ud83c\uddf9\ud83c\uddec\ud83c\udde7 <strong data-start=\"9\" data-end=\"46\">Apie J\u016bs\u0173 Muil\u0105 \/ About Your Soap<\/strong><\/p>\n<p data-start=\"50\" data-end=\"89\"><strong data-start=\"50\" data-end=\"87\">Nat\u016bralus muilas su Sapropelio purvu<\/strong><\/p>\n<p data-start=\"91\" data-end=\"471\">Rank\u0173 darbo, \u0161altojo proceso muilas su lietuvi\u0161ku sapropelio purvu \u2014 mineralais ir antioksidantais turtingu ingredientu, \u017einomu d\u0117l detoksikuojan\u010di\u0173 ir od\u0105 atgaivinan\u010di\u0173 savybi\u0173. Maitinamasis kokos\u0173, sviestmed\u017eio, migdol\u0173, raps\u0173 ir ricin\u0173 aliej\u0173 mi\u0161inys \u0161velniai valo ir dr\u0117kina od\u0105. Kvepia nat\u016braliu kedro, bergamot\u0117s, levand\u0173, ho med\u017eio ir ilang-ilang eterini\u0173 aliej\u0173 aromatu.<\/p>\n<p data-start=\"473\" data-end=\"599\"><strong data-start=\"473\" data-end=\"501\">Pagrindiniai privalumai:<\/strong><br data-start=\"501\" data-end=\"504\" \/>\ud83c\udf43 Maitina ir valo od\u0105<br data-start=\"526\" data-end=\"529\" \/>\ud83c\udf43 Praturtintas Baltijos sapropeliu<br data-start=\"564\" data-end=\"567\" \/>\ud83c\udf43 100% nat\u016bralus, rank\u0173 darbo<\/p>\n<hr data-start=\"601\" data-end=\"604\" \/>\n<h3 data-start=\"606\" data-end=\"634\">\ud83c\uddec\ud83c\udde7 <strong data-start=\"615\" data-end=\"634\">About Your Soap<\/strong><\/h3>\n<p data-start=\"636\" data-end=\"671\"><strong data-start=\"636\" data-end=\"669\">Sapropel Mud Natural Soap Bar<\/strong><\/p>\n<p data-start=\"673\" data-end=\"1024\">A handmade cold process soap enriched with Lithuanian sapropel mud \u2014 a mineral-rich ingredient known for its detoxifying and rejuvenating properties. Nourishing oils of coconut, shea butter, almond, canola, and castor gently cleanse and hydrate the skin. Naturally scented with cedarwood, bergamot, lavender, ho wood, and ylang ylang essential oils.<\/p>\n<p data-start=\"1026\" data-end=\"1135\" data-is-last-node=\"\" data-is-only-node=\"\"><strong data-start=\"1026\" data-end=\"1043\">Key Benefits:<\/strong><br data-start=\"1043\" data-end=\"1046\" \/>\ud83c\udf43 Purifies and nourishes<br data-start=\"1071\" data-end=\"1074\" \/>\ud83c\udf43 Enriched with Baltic sapropel<br data-start=\"1106\" data-end=\"1109\" \/>\ud83c\udf43 100% natural &amp; handmade<\/p>\n<\/div>\n<\/div>\n<\/div>\n<\/div>\n<div class=\"z-0 flex min-h-[46px] justify-start\"><\/div>\n<\/div>\n<\/div>\n<\/article>","protected":false},"featured_media":3371,"comment_status":"open","ping_status":"closed","template":"","meta":[],"product_brand":[],"product_cat":[130],"product_tag":[],"class_list":{"0":"post-3360","1":"product","2":"type-product","3":"status-publish","4":"has-post-thumbnail","6":"product_cat-ritual-shop","8":"first","9":"instock","10":"shipping-taxable","11":"purchasable","12":"product-type-simple"},"yoast_head":"<!-- This site is optimized with the Yoast SEO plugin v26.6 - https:\/\/yoast.com\/wordpress\/plugins\/seo\/ -->\n<title>Sapropelio Purvas | Sapropel Mud soap - bri9ita.com<\/title>\n<meta name=\"robots\" content=\"index, follow, max-snippet:-1, max-image-preview:large, max-video-preview:-1\" \/>\n<link rel=\"canonical\" href=\"https:\/\/bri9ita.com\/lt\/produktas\/sapropel-mud-handmade-soap-bar\/\" \/>\n<meta property=\"og:locale\" content=\"lt_LT\" \/>\n<meta property=\"og:type\" content=\"article\" \/>\n<meta property=\"og:title\" content=\"Sapropelio Purvas | Sapropel Mud soap - bri9ita.com\" \/>\n<meta property=\"og:description\" content=\"\ud83c\uddf1\ud83c\uddf9\ud83c\uddec\ud83c\udde7 Apie J\u016bs\u0173 Muil\u0105 \/ About Your Soap Nat\u016bralus muilas su Sapropelio purvu Rank\u0173 darbo, \u0161altojo proceso muilas su lietuvi\u0161ku sapropelio purvu \u2014 mineralais ir antioksidantais turtingu ingredientu, \u017einomu d\u0117l detoksikuojan\u010di\u0173 ir od\u0105 atgaivinan\u010di\u0173 savybi\u0173. Maitinamasis kokos\u0173, sviestmed\u017eio, migdol\u0173, raps\u0173 ir ricin\u0173 aliej\u0173 mi\u0161inys \u0161velniai valo ir dr\u0117kina od\u0105. Kvepia nat\u016braliu kedro, bergamot\u0117s, levand\u0173, ho med\u017eio ir ilang-ilang eterini\u0173 aliej\u0173 aromatu. Pagrindiniai privalumai:\ud83c\udf43 Maitina ir valo od\u0105\ud83c\udf43 Praturtintas Baltijos sapropeliu\ud83c\udf43 100% nat\u016bralus, rank\u0173 darbo     \ud83c\uddec\ud83c\udde7 About Your Soap Sapropel Mud Natural Soap Bar A handmade cold process soap enriched with Lithuanian sapropel mud \u2014 a mineral-rich ingredient known for its detoxifying and rejuvenating properties. Nourishing oils of coconut, shea butter, almond, canola, and castor gently cleanse and hydrate the skin. Naturally scented with cedarwood, bergamot, lavender, ho wood, and ylang ylang essential oils. Key Benefits:\ud83c\udf43 Purifies and nourishes\ud83c\udf43 Enriched with Baltic sapropel\ud83c\udf43 100% natural &amp; handmade\" \/>\n<meta property=\"og:url\" content=\"https:\/\/bri9ita.com\/lt\/produktas\/sapropel-mud-handmade-soap-bar\/\" \/>\n<meta property=\"og:site_name\" content=\"bri9ita.com\" \/>\n<meta property=\"article:modified_time\" content=\"2025-11-15T09:02:04+00:00\" \/>\n<meta property=\"og:image\" content=\"https:\/\/bri9ita.com\/wp-content\/uploads\/2025\/05\/Sapropellll.jpg\" \/>\n\t<meta property=\"og:image:width\" content=\"774\" \/>\n\t<meta property=\"og:image:height\" content=\"1032\" \/>\n\t<meta property=\"og:image:type\" content=\"image\/jpeg\" \/>\n<meta name=\"twitter:card\" content=\"summary_large_image\" \/>\n<meta name=\"twitter:label1\" content=\"Est. reading time\" \/>\n\t<meta name=\"twitter:data1\" content=\"2 minut\u0117s\" \/>\n<script type=\"application\/ld+json\" class=\"yoast-schema-graph\">{\"@context\":\"https:\/\/schema.org\",\"@graph\":[{\"@type\":\"WebPage\",\"@id\":\"https:\/\/bri9ita.com\/product\/sapropel-mud-handmade-soap-bar\/\",\"url\":\"https:\/\/bri9ita.com\/product\/sapropel-mud-handmade-soap-bar\/\",\"name\":\"Sapropelio Purvas | Sapropel Mud soap - bri9ita.com\",\"isPartOf\":{\"@id\":\"https:\/\/bri9ita.com\/#website\"},\"primaryImageOfPage\":{\"@id\":\"https:\/\/bri9ita.com\/product\/sapropel-mud-handmade-soap-bar\/#primaryimage\"},\"image\":{\"@id\":\"https:\/\/bri9ita.com\/product\/sapropel-mud-handmade-soap-bar\/#primaryimage\"},\"thumbnailUrl\":\"https:\/\/bri9ita.com\/wp-content\/uploads\/2025\/05\/Sapropellll.jpg\",\"datePublished\":\"2025-05-03T19:50:51+00:00\",\"dateModified\":\"2025-11-15T09:02:04+00:00\",\"breadcrumb\":{\"@id\":\"https:\/\/bri9ita.com\/product\/sapropel-mud-handmade-soap-bar\/#breadcrumb\"},\"inLanguage\":\"lt-LT\",\"potentialAction\":[{\"@type\":\"ReadAction\",\"target\":[\"https:\/\/bri9ita.com\/product\/sapropel-mud-handmade-soap-bar\/\"]}]},{\"@type\":\"ImageObject\",\"inLanguage\":\"lt-LT\",\"@id\":\"https:\/\/bri9ita.com\/product\/sapropel-mud-handmade-soap-bar\/#primaryimage\",\"url\":\"https:\/\/bri9ita.com\/wp-content\/uploads\/2025\/05\/Sapropellll.jpg\",\"contentUrl\":\"https:\/\/bri9ita.com\/wp-content\/uploads\/2025\/05\/Sapropellll.jpg\",\"width\":774,\"height\":1032},{\"@type\":\"BreadcrumbList\",\"@id\":\"https:\/\/bri9ita.com\/product\/sapropel-mud-handmade-soap-bar\/#breadcrumb\",\"itemListElement\":[{\"@type\":\"ListItem\",\"position\":1,\"name\":\"Home\",\"item\":\"https:\/\/bri9ita.com\/\"},{\"@type\":\"ListItem\",\"position\":2,\"name\":\"Shop\",\"item\":\"https:\/\/bri9ita.com\/shop\/\"},{\"@type\":\"ListItem\",\"position\":3,\"name\":\"Sapropelio Purvas | Sapropel Mud soap\"}]},{\"@type\":\"WebSite\",\"@id\":\"https:\/\/bri9ita.com\/#website\",\"url\":\"https:\/\/bri9ita.com\/\",\"name\":\"bri9ita.com\",\"description\":\"\",\"publisher\":{\"@id\":\"https:\/\/bri9ita.com\/#organization\"},\"potentialAction\":[{\"@type\":\"SearchAction\",\"target\":{\"@type\":\"EntryPoint\",\"urlTemplate\":\"https:\/\/bri9ita.com\/?s={search_term_string}\"},\"query-input\":{\"@type\":\"PropertyValueSpecification\",\"valueRequired\":true,\"valueName\":\"search_term_string\"}}],\"inLanguage\":\"lt-LT\"},{\"@type\":\"Organization\",\"@id\":\"https:\/\/bri9ita.com\/#organization\",\"name\":\"bri9ita.com\",\"url\":\"https:\/\/bri9ita.com\/\",\"logo\":{\"@type\":\"ImageObject\",\"inLanguage\":\"lt-LT\",\"@id\":\"https:\/\/bri9ita.com\/#\/schema\/logo\/image\/\",\"url\":\"https:\/\/bri9ita.com\/wp-content\/uploads\/2023\/03\/new_logo_for_web_2-removebg-preview.png\",\"contentUrl\":\"https:\/\/bri9ita.com\/wp-content\/uploads\/2023\/03\/new_logo_for_web_2-removebg-preview.png\",\"width\":560,\"height\":135,\"caption\":\"bri9ita.com\"},\"image\":{\"@id\":\"https:\/\/bri9ita.com\/#\/schema\/logo\/image\/\"},\"sameAs\":[\"https:\/\/www.instagram.com\/_bri9ita_\/?igshid=YmMyMTA2M2Y\",\"https:\/\/www.youtube.com\/@bri9ita599\"]}]}<\/script>\n<!-- \/ Yoast SEO plugin. -->","yoast_head_json":{"title":"Sapropelio Purvas | Sapropel Mud soap - bri9ita.com","robots":{"index":"index","follow":"follow","max-snippet":"max-snippet:-1","max-image-preview":"max-image-preview:large","max-video-preview":"max-video-preview:-1"},"canonical":"https:\/\/bri9ita.com\/lt\/produktas\/sapropel-mud-handmade-soap-bar\/","og_locale":"lt_LT","og_type":"article","og_title":"Sapropelio Purvas | Sapropel Mud soap - bri9ita.com","og_description":"\ud83c\uddf1\ud83c\uddf9\ud83c\uddec\ud83c\udde7 Apie J\u016bs\u0173 Muil\u0105 \/ About Your Soap Nat\u016bralus muilas su Sapropelio purvu Rank\u0173 darbo, \u0161altojo proceso muilas su lietuvi\u0161ku sapropelio purvu \u2014 mineralais ir antioksidantais turtingu ingredientu, \u017einomu d\u0117l detoksikuojan\u010di\u0173 ir od\u0105 atgaivinan\u010di\u0173 savybi\u0173. Maitinamasis kokos\u0173, sviestmed\u017eio, migdol\u0173, raps\u0173 ir ricin\u0173 aliej\u0173 mi\u0161inys \u0161velniai valo ir dr\u0117kina od\u0105. Kvepia nat\u016braliu kedro, bergamot\u0117s, levand\u0173, ho med\u017eio ir ilang-ilang eterini\u0173 aliej\u0173 aromatu. Pagrindiniai privalumai:\ud83c\udf43 Maitina ir valo od\u0105\ud83c\udf43 Praturtintas Baltijos sapropeliu\ud83c\udf43 100% nat\u016bralus, rank\u0173 darbo     \ud83c\uddec\ud83c\udde7 About Your Soap Sapropel Mud Natural Soap Bar A handmade cold process soap enriched with Lithuanian sapropel mud \u2014 a mineral-rich ingredient known for its detoxifying and rejuvenating properties. Nourishing oils of coconut, shea butter, almond, canola, and castor gently cleanse and hydrate the skin. Naturally scented with cedarwood, bergamot, lavender, ho wood, and ylang ylang essential oils. Key Benefits:\ud83c\udf43 Purifies and nourishes\ud83c\udf43 Enriched with Baltic sapropel\ud83c\udf43 100% natural &amp; handmade","og_url":"https:\/\/bri9ita.com\/lt\/produktas\/sapropel-mud-handmade-soap-bar\/","og_site_name":"bri9ita.com","article_modified_time":"2025-11-15T09:02:04+00:00","og_image":[{"width":774,"height":1032,"url":"https:\/\/bri9ita.com\/wp-content\/uploads\/2025\/05\/Sapropellll.jpg","type":"image\/jpeg"}],"twitter_card":"summary_large_image","twitter_misc":{"Est. reading time":"2 minut\u0117s"},"schema":{"@context":"https:\/\/schema.org","@graph":[{"@type":"WebPage","@id":"https:\/\/bri9ita.com\/product\/sapropel-mud-handmade-soap-bar\/","url":"https:\/\/bri9ita.com\/product\/sapropel-mud-handmade-soap-bar\/","name":"Sapropelio Purvas | Sapropel Mud soap - bri9ita.com","isPartOf":{"@id":"https:\/\/bri9ita.com\/#website"},"primaryImageOfPage":{"@id":"https:\/\/bri9ita.com\/product\/sapropel-mud-handmade-soap-bar\/#primaryimage"},"image":{"@id":"https:\/\/bri9ita.com\/product\/sapropel-mud-handmade-soap-bar\/#primaryimage"},"thumbnailUrl":"https:\/\/bri9ita.com\/wp-content\/uploads\/2025\/05\/Sapropellll.jpg","datePublished":"2025-05-03T19:50:51+00:00","dateModified":"2025-11-15T09:02:04+00:00","breadcrumb":{"@id":"https:\/\/bri9ita.com\/product\/sapropel-mud-handmade-soap-bar\/#breadcrumb"},"inLanguage":"lt-LT","potentialAction":[{"@type":"ReadAction","target":["https:\/\/bri9ita.com\/product\/sapropel-mud-handmade-soap-bar\/"]}]},{"@type":"ImageObject","inLanguage":"lt-LT","@id":"https:\/\/bri9ita.com\/product\/sapropel-mud-handmade-soap-bar\/#primaryimage","url":"https:\/\/bri9ita.com\/wp-content\/uploads\/2025\/05\/Sapropellll.jpg","contentUrl":"https:\/\/bri9ita.com\/wp-content\/uploads\/2025\/05\/Sapropellll.jpg","width":774,"height":1032},{"@type":"BreadcrumbList","@id":"https:\/\/bri9ita.com\/product\/sapropel-mud-handmade-soap-bar\/#breadcrumb","itemListElement":[{"@type":"ListItem","position":1,"name":"Home","item":"https:\/\/bri9ita.com\/"},{"@type":"ListItem","position":2,"name":"Shop","item":"https:\/\/bri9ita.com\/shop\/"},{"@type":"ListItem","position":3,"name":"Sapropelio Purvas | Sapropel Mud soap"}]},{"@type":"WebSite","@id":"https:\/\/bri9ita.com\/#website","url":"https:\/\/bri9ita.com\/","name":"bri9ita.com","description":"","publisher":{"@id":"https:\/\/bri9ita.com\/#organization"},"potentialAction":[{"@type":"SearchAction","target":{"@type":"EntryPoint","urlTemplate":"https:\/\/bri9ita.com\/?s={search_term_string}"},"query-input":{"@type":"PropertyValueSpecification","valueRequired":true,"valueName":"search_term_string"}}],"inLanguage":"lt-LT"},{"@type":"Organization","@id":"https:\/\/bri9ita.com\/#organization","name":"bri9ita.com","url":"https:\/\/bri9ita.com\/","logo":{"@type":"ImageObject","inLanguage":"lt-LT","@id":"https:\/\/bri9ita.com\/#\/schema\/logo\/image\/","url":"https:\/\/bri9ita.com\/wp-content\/uploads\/2023\/03\/new_logo_for_web_2-removebg-preview.png","contentUrl":"https:\/\/bri9ita.com\/wp-content\/uploads\/2023\/03\/new_logo_for_web_2-removebg-preview.png","width":560,"height":135,"caption":"bri9ita.com"},"image":{"@id":"https:\/\/bri9ita.com\/#\/schema\/logo\/image\/"},"sameAs":["https:\/\/www.instagram.com\/_bri9ita_\/?igshid=YmMyMTA2M2Y","https:\/\/www.youtube.com\/@bri9ita599"]}]}},"_links":{"self":[{"href":"https:\/\/bri9ita.com\/lt\/wp-json\/wp\/v2\/product\/3360","targetHints":{"allow":["GET"]}}],"collection":[{"href":"https:\/\/bri9ita.com\/lt\/wp-json\/wp\/v2\/product"}],"about":[{"href":"https:\/\/bri9ita.com\/lt\/wp-json\/wp\/v2\/types\/product"}],"replies":[{"embeddable":true,"href":"https:\/\/bri9ita.com\/lt\/wp-json\/wp\/v2\/comments?post=3360"}],"wp:featuredmedia":[{"embeddable":true,"href":"https:\/\/bri9ita.com\/lt\/wp-json\/wp\/v2\/media\/3371"}],"wp:attachment":[{"href":"https:\/\/bri9ita.com\/lt\/wp-json\/wp\/v2\/media?parent=3360"}],"wp:term":[{"taxonomy":"product_brand","embeddable":true,"href":"https:\/\/bri9ita.com\/lt\/wp-json\/wp\/v2\/product_brand?post=3360"},{"taxonomy":"product_cat","embeddable":true,"href":"https:\/\/bri9ita.com\/lt\/wp-json\/wp\/v2\/product_cat?post=3360"},{"taxonomy":"product_tag","embeddable":true,"href":"https:\/\/bri9ita.com\/lt\/wp-json\/wp\/v2\/product_tag?post=3360"}],"curies":[{"name":"wp","href":"https:\/\/api.w.org\/{rel}","templated":true}]}}