{"id":3338,"date":"2025-04-01T15:10:17","date_gmt":"2025-04-01T15:10:17","guid":{"rendered":"https:\/\/bri9ita.com\/?post_type=product&#038;p=3338"},"modified":"2025-12-26T18:07:06","modified_gmt":"2025-12-26T18:07:06","slug":"personal-journal-moon","status":"publish","type":"product","link":"https:\/\/bri9ita.com\/lt\/produktas\/personal-journal-moon\/","title":{"rendered":"Dienora\u0161tis: M\u0117nulis | Journal: Moon"},"content":{"rendered":"","protected":false},"excerpt":{"rendered":"<p>\ud83c\uddf1\ud83c\uddf9 Nesvarbu, ar ra\u0161ote m\u0117nesienos \u0161viesoje, ar dienos \u0161viesoje - \u0161is nuostabus <strong data-start=\"145\" data-end=\"153\">M\u0117nulio<\/strong> dienora\u0161tis skirtas jums. 112 puslapi\u0173 su visatos tematika \u012fkv\u0117ptais paveiksl\u0117liais, kurie \u012f\u017eiebs j\u016bs\u0173 vaizduot\u0119.<\/p>\n<p>\ud83c\uddec\ud83c\udde7Whether ra\u0161ote dienora\u0161t\u012f m\u0117nulio \u0161viesoje arba apm\u0105stote dienos \u0161viesoje, \u0161is gra\u017eus <strong>M\u0117nulis<\/strong> \u017eurnalas skirtas jums. 112 puslapi\u0173 su ry\u0161kiais visatos temos intarpais, i\u0161m\u0117tytais tarp puslapi\u0173, kurie su\u017eadins j\u016bs\u0173 vaizduot\u0119.<\/p>","protected":false},"featured_media":3341,"comment_status":"open","ping_status":"closed","template":"","meta":[],"product_brand":[],"product_cat":[130],"product_tag":[132],"class_list":{"0":"post-3338","1":"product","2":"type-product","3":"status-publish","4":"has-post-thumbnail","6":"product_cat-ritual-shop","7":"product_tag-journals","9":"first","10":"instock","11":"shipping-taxable","12":"purchasable","13":"product-type-simple"},"yoast_head":"<!-- This site is optimized with the Yoast SEO plugin v26.6 - https:\/\/yoast.com\/wordpress\/plugins\/seo\/ -->\n<title>Dienora\u0161tis: M\u0117nulis | Journal: Moon - bri9ita.com<\/title>\n<meta name=\"robots\" content=\"index, follow, max-snippet:-1, max-image-preview:large, max-video-preview:-1\" \/>\n<link rel=\"canonical\" href=\"https:\/\/bri9ita.com\/lt\/produktas\/personal-journal-moon\/\" \/>\n<meta property=\"og:locale\" content=\"lt_LT\" \/>\n<meta property=\"og:type\" content=\"article\" \/>\n<meta property=\"og:title\" content=\"Dienora\u0161tis: M\u0117nulis | Journal: Moon - bri9ita.com\" \/>\n<meta property=\"og:description\" content=\"\ud83c\uddf1\ud83c\uddf9 Nesvarbu, ar ra\u0161ote m\u0117nesienos \u0161viesoje, ar dienos \u0161viesoje \u2013 \u0161is nuostabus M\u0117nulio dienora\u0161tis skirtas jums. 112 puslapi\u0173 su visatos tematika \u012fkv\u0117ptais paveiksl\u0117liais,\u00a0 kurie \u012f\u017eiebs j\u016bs\u0173 vaizduot\u0119.  \ud83c\uddec\ud83c\udde7Whether you\u2019re journaling under moonlight or reflecting by daylight, this beautiful Moon journal is for you. 112 pages with vibrant universe-themed inserts\u2014sprinkled between the pages \u2014to ignite your imagination.\" \/>\n<meta property=\"og:url\" content=\"https:\/\/bri9ita.com\/lt\/produktas\/personal-journal-moon\/\" \/>\n<meta property=\"og:site_name\" content=\"bri9ita.com\" \/>\n<meta property=\"article:modified_time\" content=\"2025-12-26T18:07:06+00:00\" \/>\n<meta property=\"og:image\" content=\"https:\/\/bri9ita.com\/wp-content\/uploads\/2025\/04\/Journal-grey.jpg\" \/>\n\t<meta property=\"og:image:width\" content=\"913\" \/>\n\t<meta property=\"og:image:height\" content=\"1240\" \/>\n\t<meta property=\"og:image:type\" content=\"image\/jpeg\" \/>\n<meta name=\"twitter:card\" content=\"summary_large_image\" \/>\n<meta name=\"twitter:label1\" content=\"Est. reading time\" \/>\n\t<meta name=\"twitter:data1\" content=\"1 minut\u0117\" \/>\n<script type=\"application\/ld+json\" class=\"yoast-schema-graph\">{\"@context\":\"https:\/\/schema.org\",\"@graph\":[{\"@type\":\"WebPage\",\"@id\":\"https:\/\/bri9ita.com\/product\/personal-journal-moon\/\",\"url\":\"https:\/\/bri9ita.com\/product\/personal-journal-moon\/\",\"name\":\"Dienora\u0161tis: M\u0117nulis | Journal: Moon - bri9ita.com\",\"isPartOf\":{\"@id\":\"https:\/\/bri9ita.com\/#website\"},\"primaryImageOfPage\":{\"@id\":\"https:\/\/bri9ita.com\/product\/personal-journal-moon\/#primaryimage\"},\"image\":{\"@id\":\"https:\/\/bri9ita.com\/product\/personal-journal-moon\/#primaryimage\"},\"thumbnailUrl\":\"https:\/\/bri9ita.com\/wp-content\/uploads\/2025\/04\/Journal-grey.jpg\",\"datePublished\":\"2025-04-01T15:10:17+00:00\",\"dateModified\":\"2025-12-26T18:07:06+00:00\",\"breadcrumb\":{\"@id\":\"https:\/\/bri9ita.com\/product\/personal-journal-moon\/#breadcrumb\"},\"inLanguage\":\"lt-LT\",\"potentialAction\":[{\"@type\":\"ReadAction\",\"target\":[\"https:\/\/bri9ita.com\/product\/personal-journal-moon\/\"]}]},{\"@type\":\"ImageObject\",\"inLanguage\":\"lt-LT\",\"@id\":\"https:\/\/bri9ita.com\/product\/personal-journal-moon\/#primaryimage\",\"url\":\"https:\/\/bri9ita.com\/wp-content\/uploads\/2025\/04\/Journal-grey.jpg\",\"contentUrl\":\"https:\/\/bri9ita.com\/wp-content\/uploads\/2025\/04\/Journal-grey.jpg\",\"width\":913,\"height\":1240},{\"@type\":\"BreadcrumbList\",\"@id\":\"https:\/\/bri9ita.com\/product\/personal-journal-moon\/#breadcrumb\",\"itemListElement\":[{\"@type\":\"ListItem\",\"position\":1,\"name\":\"Home\",\"item\":\"https:\/\/bri9ita.com\/\"},{\"@type\":\"ListItem\",\"position\":2,\"name\":\"Shop\",\"item\":\"https:\/\/bri9ita.com\/shop\/\"},{\"@type\":\"ListItem\",\"position\":3,\"name\":\"Dienora\u0161tis: M\u0117nulis | Journal: Moon\"}]},{\"@type\":\"WebSite\",\"@id\":\"https:\/\/bri9ita.com\/#website\",\"url\":\"https:\/\/bri9ita.com\/\",\"name\":\"bri9ita.com\",\"description\":\"\",\"publisher\":{\"@id\":\"https:\/\/bri9ita.com\/#organization\"},\"potentialAction\":[{\"@type\":\"SearchAction\",\"target\":{\"@type\":\"EntryPoint\",\"urlTemplate\":\"https:\/\/bri9ita.com\/?s={search_term_string}\"},\"query-input\":{\"@type\":\"PropertyValueSpecification\",\"valueRequired\":true,\"valueName\":\"search_term_string\"}}],\"inLanguage\":\"lt-LT\"},{\"@type\":\"Organization\",\"@id\":\"https:\/\/bri9ita.com\/#organization\",\"name\":\"bri9ita.com\",\"url\":\"https:\/\/bri9ita.com\/\",\"logo\":{\"@type\":\"ImageObject\",\"inLanguage\":\"lt-LT\",\"@id\":\"https:\/\/bri9ita.com\/#\/schema\/logo\/image\/\",\"url\":\"https:\/\/bri9ita.com\/wp-content\/uploads\/2023\/03\/new_logo_for_web_2-removebg-preview.png\",\"contentUrl\":\"https:\/\/bri9ita.com\/wp-content\/uploads\/2023\/03\/new_logo_for_web_2-removebg-preview.png\",\"width\":560,\"height\":135,\"caption\":\"bri9ita.com\"},\"image\":{\"@id\":\"https:\/\/bri9ita.com\/#\/schema\/logo\/image\/\"},\"sameAs\":[\"https:\/\/www.instagram.com\/_bri9ita_\/?igshid=YmMyMTA2M2Y\",\"https:\/\/www.youtube.com\/@bri9ita599\"]}]}<\/script>\n<!-- \/ Yoast SEO plugin. -->","yoast_head_json":{"title":"Dienora\u0161tis: M\u0117nulis | Journal: Moon - bri9ita.com","robots":{"index":"index","follow":"follow","max-snippet":"max-snippet:-1","max-image-preview":"max-image-preview:large","max-video-preview":"max-video-preview:-1"},"canonical":"https:\/\/bri9ita.com\/lt\/produktas\/personal-journal-moon\/","og_locale":"lt_LT","og_type":"article","og_title":"Dienora\u0161tis: M\u0117nulis | Journal: Moon - bri9ita.com","og_description":"\ud83c\uddf1\ud83c\uddf9 Nesvarbu, ar ra\u0161ote m\u0117nesienos \u0161viesoje, ar dienos \u0161viesoje \u2013 \u0161is nuostabus M\u0117nulio dienora\u0161tis skirtas jums. 112 puslapi\u0173 su visatos tematika \u012fkv\u0117ptais paveiksl\u0117liais,\u00a0 kurie \u012f\u017eiebs j\u016bs\u0173 vaizduot\u0119.  \ud83c\uddec\ud83c\udde7Whether you\u2019re journaling under moonlight or reflecting by daylight, this beautiful Moon journal is for you. 112 pages with vibrant universe-themed inserts\u2014sprinkled between the pages \u2014to ignite your imagination.","og_url":"https:\/\/bri9ita.com\/lt\/produktas\/personal-journal-moon\/","og_site_name":"bri9ita.com","article_modified_time":"2025-12-26T18:07:06+00:00","og_image":[{"width":913,"height":1240,"url":"https:\/\/bri9ita.com\/wp-content\/uploads\/2025\/04\/Journal-grey.jpg","type":"image\/jpeg"}],"twitter_card":"summary_large_image","twitter_misc":{"Est. reading time":"1 minut\u0117"},"schema":{"@context":"https:\/\/schema.org","@graph":[{"@type":"WebPage","@id":"https:\/\/bri9ita.com\/product\/personal-journal-moon\/","url":"https:\/\/bri9ita.com\/product\/personal-journal-moon\/","name":"Dienora\u0161tis: M\u0117nulis | Journal: Moon - bri9ita.com","isPartOf":{"@id":"https:\/\/bri9ita.com\/#website"},"primaryImageOfPage":{"@id":"https:\/\/bri9ita.com\/product\/personal-journal-moon\/#primaryimage"},"image":{"@id":"https:\/\/bri9ita.com\/product\/personal-journal-moon\/#primaryimage"},"thumbnailUrl":"https:\/\/bri9ita.com\/wp-content\/uploads\/2025\/04\/Journal-grey.jpg","datePublished":"2025-04-01T15:10:17+00:00","dateModified":"2025-12-26T18:07:06+00:00","breadcrumb":{"@id":"https:\/\/bri9ita.com\/product\/personal-journal-moon\/#breadcrumb"},"inLanguage":"lt-LT","potentialAction":[{"@type":"ReadAction","target":["https:\/\/bri9ita.com\/product\/personal-journal-moon\/"]}]},{"@type":"ImageObject","inLanguage":"lt-LT","@id":"https:\/\/bri9ita.com\/product\/personal-journal-moon\/#primaryimage","url":"https:\/\/bri9ita.com\/wp-content\/uploads\/2025\/04\/Journal-grey.jpg","contentUrl":"https:\/\/bri9ita.com\/wp-content\/uploads\/2025\/04\/Journal-grey.jpg","width":913,"height":1240},{"@type":"BreadcrumbList","@id":"https:\/\/bri9ita.com\/product\/personal-journal-moon\/#breadcrumb","itemListElement":[{"@type":"ListItem","position":1,"name":"Home","item":"https:\/\/bri9ita.com\/"},{"@type":"ListItem","position":2,"name":"Shop","item":"https:\/\/bri9ita.com\/shop\/"},{"@type":"ListItem","position":3,"name":"Dienora\u0161tis: M\u0117nulis | Journal: Moon"}]},{"@type":"WebSite","@id":"https:\/\/bri9ita.com\/#website","url":"https:\/\/bri9ita.com\/","name":"bri9ita.com","description":"","publisher":{"@id":"https:\/\/bri9ita.com\/#organization"},"potentialAction":[{"@type":"SearchAction","target":{"@type":"EntryPoint","urlTemplate":"https:\/\/bri9ita.com\/?s={search_term_string}"},"query-input":{"@type":"PropertyValueSpecification","valueRequired":true,"valueName":"search_term_string"}}],"inLanguage":"lt-LT"},{"@type":"Organization","@id":"https:\/\/bri9ita.com\/#organization","name":"bri9ita.com","url":"https:\/\/bri9ita.com\/","logo":{"@type":"ImageObject","inLanguage":"lt-LT","@id":"https:\/\/bri9ita.com\/#\/schema\/logo\/image\/","url":"https:\/\/bri9ita.com\/wp-content\/uploads\/2023\/03\/new_logo_for_web_2-removebg-preview.png","contentUrl":"https:\/\/bri9ita.com\/wp-content\/uploads\/2023\/03\/new_logo_for_web_2-removebg-preview.png","width":560,"height":135,"caption":"bri9ita.com"},"image":{"@id":"https:\/\/bri9ita.com\/#\/schema\/logo\/image\/"},"sameAs":["https:\/\/www.instagram.com\/_bri9ita_\/?igshid=YmMyMTA2M2Y","https:\/\/www.youtube.com\/@bri9ita599"]}]}},"_links":{"self":[{"href":"https:\/\/bri9ita.com\/lt\/wp-json\/wp\/v2\/product\/3338","targetHints":{"allow":["GET"]}}],"collection":[{"href":"https:\/\/bri9ita.com\/lt\/wp-json\/wp\/v2\/product"}],"about":[{"href":"https:\/\/bri9ita.com\/lt\/wp-json\/wp\/v2\/types\/product"}],"replies":[{"embeddable":true,"href":"https:\/\/bri9ita.com\/lt\/wp-json\/wp\/v2\/comments?post=3338"}],"wp:featuredmedia":[{"embeddable":true,"href":"https:\/\/bri9ita.com\/lt\/wp-json\/wp\/v2\/media\/3341"}],"wp:attachment":[{"href":"https:\/\/bri9ita.com\/lt\/wp-json\/wp\/v2\/media?parent=3338"}],"wp:term":[{"taxonomy":"product_brand","embeddable":true,"href":"https:\/\/bri9ita.com\/lt\/wp-json\/wp\/v2\/product_brand?post=3338"},{"taxonomy":"product_cat","embeddable":true,"href":"https:\/\/bri9ita.com\/lt\/wp-json\/wp\/v2\/product_cat?post=3338"},{"taxonomy":"product_tag","embeddable":true,"href":"https:\/\/bri9ita.com\/lt\/wp-json\/wp\/v2\/product_tag?post=3338"}],"curies":[{"name":"wp","href":"https:\/\/api.w.org\/{rel}","templated":true}]}}