{"id":3298,"date":"2025-03-13T11:26:58","date_gmt":"2025-03-13T11:26:58","guid":{"rendered":"https:\/\/bri9ita.com\/?post_type=product&#038;p=3298"},"modified":"2026-02-14T14:00:13","modified_gmt":"2026-02-14T14:00:13","slug":"room-linen-mist-celestial-rain","status":"publish","type":"product","link":"https:\/\/bri9ita.com\/lt\/produktas\/room-linen-mist-celestial-rain\/","title":{"rendered":"Dangi\u0161kasis Lietus | Celestial Rain - aromatin\u0117 migla"},"content":{"rendered":"<h3 data-start=\"48\" data-end=\"661\">\ud83c\uddf1\ud83c\uddf9 <strong data-start=\"130\" data-end=\"191\">Aromatin\u0117 migla: Dangi\u0161kasis Lietus <\/strong><strong>100ml \/ 3.38 oz<\/strong><\/h3>\n<p data-start=\"48\" data-end=\"661\">Patirkite kvap\u0173 magij\u0105 \u2013 j\u016bs\u0173 ramyb\u0117s oaz\u0117 yra vos vieno pur\u0161kimo atstumu. <strong data-start=\"123\" data-end=\"141\">Dangi\u0161kasis Lietus<\/strong> suteikia gaiv\u0173 ir pakyl\u0117jant\u012f poj\u016bt\u012f, primenant\u012f lietaus tyrum\u0105, susiliejus\u012f su gamtos gyvybingumu. Ry\u0161kios <strong data-start=\"250\" data-end=\"292\">greipfrut\u0173 ir papajos citrusin\u0117s natos<\/strong> pa\u017eadina poj\u016b\u010dius, o <strong data-start=\"314\" data-end=\"327\">pipirm\u0117t\u0117<\/strong> suteikia v\u0117s\u0173 ir gaivinant\u012f akcent\u0105. \u0160irdyje <strong data-start=\"373\" data-end=\"403\">jazminas ir \u017ealioji arbata<\/strong> atne\u0161a raminan\u010di\u0105, dvasin\u0119 harmonij\u0105, subalansuot\u0105 <strong data-start=\"455\" data-end=\"478\">pa\u010diulio<\/strong> \u0161ilumos. \u0160is kvapas \u012fk\u016bnija atsinaujinim\u0105, paversdamas j\u016bs\u0173 erdv\u0119 gaivumo ir ramyb\u0117s prieglobs\u010diu. Pagaminta rankomis, ma\u017eomis partijomis.<\/p>\n<p data-start=\"663\" data-end=\"743\">Netoksi\u0161ka, be ftalat\u0173, pagaminta i\u0161 auk\u0161tos kokyb\u0117s eterini\u0173 ir kvap\u0173 aliej\u0173.<\/p>\n<p data-start=\"745\" data-end=\"967\">Prie\u0161 naudojim\u0105 gerai suplakti. Prie\u0161 pur\u0161kiant ant audini\u0173, i\u0161bandyti ant nedidelio ploto. Purk\u0161ti nuo veido. Laikyti v\u0117sioje vietoje, saugoti nuo tiesiogini\u0173 saul\u0117s spinduli\u0173. Laikyti vaikams nepasiekiamoje vietoje.<\/p>\n<h3 data-start=\"180\" data-end=\"218\"><\/h3>\n<h3 data-start=\"180\" data-end=\"218\">\ud83c\uddec\ud83c\udde7\u00a0<strong>Aromatic Mist: Celestial Rain 100ml \/ 3.38 oz<\/strong><\/h3>\n<p class=\"p1\"><em>Experience the magic of scent \u2013 your sanctuary is just a spray away<\/em>. Celestial Rain offers a refreshing and uplifting experience, evoking the purity of rain mingled with the vibrancy of nature. The bright citrus notes of grapefruit and papaya awaken the senses, while peppermint adds a cool, invigorating touch. At its heart, jasmine and green tea bring a calming, spiritual harmony, balanced by the grounding warmth of patchouli and amber. This fragrance embodies renewal, clarity, and a deep connection to the earth, transforming your space into a sanctuary of freshness and tranquillity. Handmade in small quantities.<\/p>\n<p>Non-toxic, phthalate-free, made with premium essential &amp; fragrance oils.<\/p>\n<p class=\"p1\">Shake well before use. Before spraying on fabrics, test on a small area.\u00a0Spray away from the face. Store in a cool place, protect from direct sunlight. Keep out of reach of children.<\/p>\n<p>&nbsp;<\/p>","protected":false},"excerpt":{"rendered":"<h3 data-start=\"48\" data-end=\"661\">\ud83c\uddf1\ud83c\uddf9 <strong data-start=\"130\" data-end=\"191\">Aromatin\u0117 migla: Dangi\u0161kasis Lietus <\/strong><strong>100ml \/ 3.38 oz<\/strong><\/h3>\n<p data-start=\"48\" data-end=\"661\">Patirkite kvap\u0173 magij\u0105 \u2013 j\u016bs\u0173 ramyb\u0117s oaz\u0117 yra vos vieno pur\u0161kimo atstumu. <strong data-start=\"123\" data-end=\"141\">Dangi\u0161kasis Lietus<\/strong> suteikia gaiv\u0173 ir pakyl\u0117jant\u012f poj\u016bt\u012f, primenant\u012f lietaus tyrum\u0105, susiliejus\u012f su gamtos gyvybingumu. Ry\u0161kios <strong data-start=\"250\" data-end=\"292\">greipfrut\u0173 ir papajos citrusin\u0117s natos<\/strong> pa\u017eadina poj\u016b\u010dius, o <strong data-start=\"314\" data-end=\"327\">pipirm\u0117t\u0117<\/strong> suteikia v\u0117s\u0173 ir gaivinant\u012f akcent\u0105. \u0160irdyje <strong data-start=\"373\" data-end=\"403\">jazminas ir \u017ealioji arbata<\/strong> atne\u0161a raminan\u010di\u0105, dvasin\u0119 harmonij\u0105, subalansuot\u0105 <strong data-start=\"455\" data-end=\"478\">pa\u010diulio<\/strong> \u0161ilumos. \u0160is kvapas \u012fk\u016bnija atsinaujinim\u0105, paversdamas j\u016bs\u0173 erdv\u0119 gaivumo ir ramyb\u0117s prieglobs\u010diu. Pagaminta rankomis, ma\u017eomis partijomis.<\/p>\n<p data-start=\"48\" data-end=\"661\">______________________________________<\/p>\n<h3 data-start=\"180\" data-end=\"218\">\ud83c\uddec\ud83c\udde7\u00a0<strong>Aromatic Mist: Celestial Rain 100ml \/ 3.38 oz<\/strong><\/h3>\n<p class=\"p1\"><em>Experience the magic of scent \u2013 your sanctuary is just a spray away<\/em>. Celestial Rain offers a refreshing and uplifting experience, evoking the purity of rain mingled with the vibrancy of nature. The bright citrus notes of grapefruit and papaya awaken the senses, while peppermint adds a cool, invigorating touch. At its heart, jasmine and green tea bring a calming, spiritual harmony, balanced by the grounding warmth of patchouli. This fragrance embodies renewal, clarity, and a deep connection to the earth, transforming your space into a sanctuary of freshness and tranquillity. Handmade in small quantities.<\/p>","protected":false},"featured_media":3468,"comment_status":"open","ping_status":"closed","template":"","meta":[],"product_brand":[],"product_cat":[130,131],"product_tag":[],"class_list":{"0":"post-3298","1":"product","2":"type-product","3":"status-publish","4":"has-post-thumbnail","6":"product_cat-ritual-shop","7":"product_cat-sanctuary-mists","9":"first","10":"outofstock","11":"shipping-taxable","12":"purchasable","13":"product-type-simple"},"yoast_head":"<!-- This site is optimized with the Yoast SEO plugin v26.6 - https:\/\/yoast.com\/wordpress\/plugins\/seo\/ -->\n<title>Dangi\u0161kasis Lietus | Celestial Rain - aromatic mist - bri9ita.com<\/title>\n<meta name=\"robots\" content=\"index, follow, max-snippet:-1, max-image-preview:large, max-video-preview:-1\" \/>\n<link rel=\"canonical\" href=\"https:\/\/bri9ita.com\/lt\/produktas\/room-linen-mist-celestial-rain\/\" \/>\n<meta property=\"og:locale\" content=\"lt_LT\" \/>\n<meta property=\"og:type\" content=\"article\" \/>\n<meta property=\"og:title\" content=\"Dangi\u0161kasis Lietus | Celestial Rain - aromatic mist - bri9ita.com\" \/>\n<meta property=\"og:description\" content=\"\ud83c\uddf1\ud83c\uddf9 Aromatin\u0117 migla: Dangi\u0161kasis Lietus 100ml \/ 3.38 oz Patirkite kvap\u0173 magij\u0105 \u2013 j\u016bs\u0173 ramyb\u0117s oaz\u0117 yra vos vieno pur\u0161kimo atstumu. Dangi\u0161kasis Lietus suteikia gaiv\u0173 ir pakyl\u0117jant\u012f poj\u016bt\u012f, primenant\u012f lietaus tyrum\u0105, susiliejus\u012f su gamtos gyvybingumu. Ry\u0161kios greipfrut\u0173 ir papajos citrusin\u0117s natos pa\u017eadina poj\u016b\u010dius, o pipirm\u0117t\u0117 suteikia v\u0117s\u0173 ir gaivinant\u012f akcent\u0105. \u0160irdyje jazminas ir \u017ealioji arbata atne\u0161a raminan\u010di\u0105, dvasin\u0119 harmonij\u0105, subalansuot\u0105 pa\u010diulio \u0161ilumos. \u0160is kvapas \u012fk\u016bnija atsinaujinim\u0105, paversdamas j\u016bs\u0173 erdv\u0119 gaivumo ir ramyb\u0117s prieglobs\u010diu. Pagaminta rankomis, ma\u017eomis partijomis. ______________________________________  \ud83c\uddec\ud83c\udde7\u00a0Aromatic Mist: Celestial Rain 100ml \/ 3.38 oz Experience the magic of scent \u2013 your sanctuary is just a spray away. Celestial Rain offers a refreshing and uplifting experience, evoking the purity of rain mingled with the vibrancy of nature. The bright citrus notes of grapefruit and papaya awaken the senses, while peppermint adds a cool, invigorating touch. At its heart, jasmine and green tea bring a calming, spiritual harmony, balanced by the grounding warmth of patchouli. This fragrance embodies renewal, clarity, and a deep connection to the earth, transforming your space into a sanctuary of freshness and tranquillity. Handmade in small quantities.\" \/>\n<meta property=\"og:url\" content=\"https:\/\/bri9ita.com\/lt\/produktas\/room-linen-mist-celestial-rain\/\" \/>\n<meta property=\"og:site_name\" content=\"bri9ita.com\" \/>\n<meta property=\"article:modified_time\" content=\"2026-02-14T14:00:13+00:00\" \/>\n<meta property=\"og:image\" content=\"https:\/\/bri9ita.com\/wp-content\/uploads\/2025\/03\/Untitled-design-34.jpg\" \/>\n\t<meta property=\"og:image:width\" content=\"1338\" \/>\n\t<meta property=\"og:image:height\" content=\"1784\" \/>\n\t<meta property=\"og:image:type\" content=\"image\/jpeg\" \/>\n<meta name=\"twitter:card\" content=\"summary_large_image\" \/>\n<meta name=\"twitter:label1\" content=\"Est. reading time\" \/>\n\t<meta name=\"twitter:data1\" content=\"2 minut\u0117s\" \/>\n<script type=\"application\/ld+json\" class=\"yoast-schema-graph\">{\"@context\":\"https:\/\/schema.org\",\"@graph\":[{\"@type\":\"WebPage\",\"@id\":\"https:\/\/bri9ita.com\/product\/room-linen-mist-celestial-rain\/\",\"url\":\"https:\/\/bri9ita.com\/product\/room-linen-mist-celestial-rain\/\",\"name\":\"Dangi\u0161kasis Lietus | Celestial Rain - aromatic mist - bri9ita.com\",\"isPartOf\":{\"@id\":\"https:\/\/bri9ita.com\/#website\"},\"primaryImageOfPage\":{\"@id\":\"https:\/\/bri9ita.com\/product\/room-linen-mist-celestial-rain\/#primaryimage\"},\"image\":{\"@id\":\"https:\/\/bri9ita.com\/product\/room-linen-mist-celestial-rain\/#primaryimage\"},\"thumbnailUrl\":\"https:\/\/bri9ita.com\/wp-content\/uploads\/2025\/03\/Untitled-design-34.jpg\",\"datePublished\":\"2025-03-13T11:26:58+00:00\",\"dateModified\":\"2026-02-14T14:00:13+00:00\",\"breadcrumb\":{\"@id\":\"https:\/\/bri9ita.com\/product\/room-linen-mist-celestial-rain\/#breadcrumb\"},\"inLanguage\":\"lt-LT\",\"potentialAction\":[{\"@type\":\"ReadAction\",\"target\":[\"https:\/\/bri9ita.com\/product\/room-linen-mist-celestial-rain\/\"]}]},{\"@type\":\"ImageObject\",\"inLanguage\":\"lt-LT\",\"@id\":\"https:\/\/bri9ita.com\/product\/room-linen-mist-celestial-rain\/#primaryimage\",\"url\":\"https:\/\/bri9ita.com\/wp-content\/uploads\/2025\/03\/Untitled-design-34.jpg\",\"contentUrl\":\"https:\/\/bri9ita.com\/wp-content\/uploads\/2025\/03\/Untitled-design-34.jpg\",\"width\":1338,\"height\":1784},{\"@type\":\"BreadcrumbList\",\"@id\":\"https:\/\/bri9ita.com\/product\/room-linen-mist-celestial-rain\/#breadcrumb\",\"itemListElement\":[{\"@type\":\"ListItem\",\"position\":1,\"name\":\"Home\",\"item\":\"https:\/\/bri9ita.com\/\"},{\"@type\":\"ListItem\",\"position\":2,\"name\":\"Shop\",\"item\":\"https:\/\/bri9ita.com\/shop\/\"},{\"@type\":\"ListItem\",\"position\":3,\"name\":\"Dangi\u0161kasis Lietus | Celestial Rain &#8211; aromatic mist\"}]},{\"@type\":\"WebSite\",\"@id\":\"https:\/\/bri9ita.com\/#website\",\"url\":\"https:\/\/bri9ita.com\/\",\"name\":\"bri9ita.com\",\"description\":\"\",\"publisher\":{\"@id\":\"https:\/\/bri9ita.com\/#organization\"},\"potentialAction\":[{\"@type\":\"SearchAction\",\"target\":{\"@type\":\"EntryPoint\",\"urlTemplate\":\"https:\/\/bri9ita.com\/?s={search_term_string}\"},\"query-input\":{\"@type\":\"PropertyValueSpecification\",\"valueRequired\":true,\"valueName\":\"search_term_string\"}}],\"inLanguage\":\"lt-LT\"},{\"@type\":\"Organization\",\"@id\":\"https:\/\/bri9ita.com\/#organization\",\"name\":\"bri9ita.com\",\"url\":\"https:\/\/bri9ita.com\/\",\"logo\":{\"@type\":\"ImageObject\",\"inLanguage\":\"lt-LT\",\"@id\":\"https:\/\/bri9ita.com\/#\/schema\/logo\/image\/\",\"url\":\"https:\/\/bri9ita.com\/wp-content\/uploads\/2023\/03\/new_logo_for_web_2-removebg-preview.png\",\"contentUrl\":\"https:\/\/bri9ita.com\/wp-content\/uploads\/2023\/03\/new_logo_for_web_2-removebg-preview.png\",\"width\":560,\"height\":135,\"caption\":\"bri9ita.com\"},\"image\":{\"@id\":\"https:\/\/bri9ita.com\/#\/schema\/logo\/image\/\"},\"sameAs\":[\"https:\/\/www.instagram.com\/_bri9ita_\/?igshid=YmMyMTA2M2Y\",\"https:\/\/www.youtube.com\/@bri9ita599\"]}]}<\/script>\n<!-- \/ Yoast SEO plugin. -->","yoast_head_json":{"title":"Dangi\u0161kasis Lietus | Celestial Rain - aromatic mist - bri9ita.com","robots":{"index":"index","follow":"follow","max-snippet":"max-snippet:-1","max-image-preview":"max-image-preview:large","max-video-preview":"max-video-preview:-1"},"canonical":"https:\/\/bri9ita.com\/lt\/produktas\/room-linen-mist-celestial-rain\/","og_locale":"lt_LT","og_type":"article","og_title":"Dangi\u0161kasis Lietus | Celestial Rain - aromatic mist - bri9ita.com","og_description":"\ud83c\uddf1\ud83c\uddf9 Aromatin\u0117 migla: Dangi\u0161kasis Lietus 100ml \/ 3.38 oz Patirkite kvap\u0173 magij\u0105 \u2013 j\u016bs\u0173 ramyb\u0117s oaz\u0117 yra vos vieno pur\u0161kimo atstumu. Dangi\u0161kasis Lietus suteikia gaiv\u0173 ir pakyl\u0117jant\u012f poj\u016bt\u012f, primenant\u012f lietaus tyrum\u0105, susiliejus\u012f su gamtos gyvybingumu. Ry\u0161kios greipfrut\u0173 ir papajos citrusin\u0117s natos pa\u017eadina poj\u016b\u010dius, o pipirm\u0117t\u0117 suteikia v\u0117s\u0173 ir gaivinant\u012f akcent\u0105. \u0160irdyje jazminas ir \u017ealioji arbata atne\u0161a raminan\u010di\u0105, dvasin\u0119 harmonij\u0105, subalansuot\u0105 pa\u010diulio \u0161ilumos. \u0160is kvapas \u012fk\u016bnija atsinaujinim\u0105, paversdamas j\u016bs\u0173 erdv\u0119 gaivumo ir ramyb\u0117s prieglobs\u010diu. Pagaminta rankomis, ma\u017eomis partijomis. ______________________________________  \ud83c\uddec\ud83c\udde7\u00a0Aromatic Mist: Celestial Rain 100ml \/ 3.38 oz Experience the magic of scent \u2013 your sanctuary is just a spray away. Celestial Rain offers a refreshing and uplifting experience, evoking the purity of rain mingled with the vibrancy of nature. The bright citrus notes of grapefruit and papaya awaken the senses, while peppermint adds a cool, invigorating touch. At its heart, jasmine and green tea bring a calming, spiritual harmony, balanced by the grounding warmth of patchouli. This fragrance embodies renewal, clarity, and a deep connection to the earth, transforming your space into a sanctuary of freshness and tranquillity. Handmade in small quantities.","og_url":"https:\/\/bri9ita.com\/lt\/produktas\/room-linen-mist-celestial-rain\/","og_site_name":"bri9ita.com","article_modified_time":"2026-02-14T14:00:13+00:00","og_image":[{"width":1338,"height":1784,"url":"https:\/\/bri9ita.com\/wp-content\/uploads\/2025\/03\/Untitled-design-34.jpg","type":"image\/jpeg"}],"twitter_card":"summary_large_image","twitter_misc":{"Est. reading time":"2 minut\u0117s"},"schema":{"@context":"https:\/\/schema.org","@graph":[{"@type":"WebPage","@id":"https:\/\/bri9ita.com\/product\/room-linen-mist-celestial-rain\/","url":"https:\/\/bri9ita.com\/product\/room-linen-mist-celestial-rain\/","name":"Dangi\u0161kasis Lietus | Celestial Rain - aromatic mist - bri9ita.com","isPartOf":{"@id":"https:\/\/bri9ita.com\/#website"},"primaryImageOfPage":{"@id":"https:\/\/bri9ita.com\/product\/room-linen-mist-celestial-rain\/#primaryimage"},"image":{"@id":"https:\/\/bri9ita.com\/product\/room-linen-mist-celestial-rain\/#primaryimage"},"thumbnailUrl":"https:\/\/bri9ita.com\/wp-content\/uploads\/2025\/03\/Untitled-design-34.jpg","datePublished":"2025-03-13T11:26:58+00:00","dateModified":"2026-02-14T14:00:13+00:00","breadcrumb":{"@id":"https:\/\/bri9ita.com\/product\/room-linen-mist-celestial-rain\/#breadcrumb"},"inLanguage":"lt-LT","potentialAction":[{"@type":"ReadAction","target":["https:\/\/bri9ita.com\/product\/room-linen-mist-celestial-rain\/"]}]},{"@type":"ImageObject","inLanguage":"lt-LT","@id":"https:\/\/bri9ita.com\/product\/room-linen-mist-celestial-rain\/#primaryimage","url":"https:\/\/bri9ita.com\/wp-content\/uploads\/2025\/03\/Untitled-design-34.jpg","contentUrl":"https:\/\/bri9ita.com\/wp-content\/uploads\/2025\/03\/Untitled-design-34.jpg","width":1338,"height":1784},{"@type":"BreadcrumbList","@id":"https:\/\/bri9ita.com\/product\/room-linen-mist-celestial-rain\/#breadcrumb","itemListElement":[{"@type":"ListItem","position":1,"name":"Home","item":"https:\/\/bri9ita.com\/"},{"@type":"ListItem","position":2,"name":"Shop","item":"https:\/\/bri9ita.com\/shop\/"},{"@type":"ListItem","position":3,"name":"Dangi\u0161kasis Lietus | Celestial Rain &#8211; aromatic mist"}]},{"@type":"WebSite","@id":"https:\/\/bri9ita.com\/#website","url":"https:\/\/bri9ita.com\/","name":"bri9ita.com","description":"","publisher":{"@id":"https:\/\/bri9ita.com\/#organization"},"potentialAction":[{"@type":"SearchAction","target":{"@type":"EntryPoint","urlTemplate":"https:\/\/bri9ita.com\/?s={search_term_string}"},"query-input":{"@type":"PropertyValueSpecification","valueRequired":true,"valueName":"search_term_string"}}],"inLanguage":"lt-LT"},{"@type":"Organization","@id":"https:\/\/bri9ita.com\/#organization","name":"bri9ita.com","url":"https:\/\/bri9ita.com\/","logo":{"@type":"ImageObject","inLanguage":"lt-LT","@id":"https:\/\/bri9ita.com\/#\/schema\/logo\/image\/","url":"https:\/\/bri9ita.com\/wp-content\/uploads\/2023\/03\/new_logo_for_web_2-removebg-preview.png","contentUrl":"https:\/\/bri9ita.com\/wp-content\/uploads\/2023\/03\/new_logo_for_web_2-removebg-preview.png","width":560,"height":135,"caption":"bri9ita.com"},"image":{"@id":"https:\/\/bri9ita.com\/#\/schema\/logo\/image\/"},"sameAs":["https:\/\/www.instagram.com\/_bri9ita_\/?igshid=YmMyMTA2M2Y","https:\/\/www.youtube.com\/@bri9ita599"]}]}},"_links":{"self":[{"href":"https:\/\/bri9ita.com\/lt\/wp-json\/wp\/v2\/product\/3298","targetHints":{"allow":["GET"]}}],"collection":[{"href":"https:\/\/bri9ita.com\/lt\/wp-json\/wp\/v2\/product"}],"about":[{"href":"https:\/\/bri9ita.com\/lt\/wp-json\/wp\/v2\/types\/product"}],"replies":[{"embeddable":true,"href":"https:\/\/bri9ita.com\/lt\/wp-json\/wp\/v2\/comments?post=3298"}],"wp:featuredmedia":[{"embeddable":true,"href":"https:\/\/bri9ita.com\/lt\/wp-json\/wp\/v2\/media\/3468"}],"wp:attachment":[{"href":"https:\/\/bri9ita.com\/lt\/wp-json\/wp\/v2\/media?parent=3298"}],"wp:term":[{"taxonomy":"product_brand","embeddable":true,"href":"https:\/\/bri9ita.com\/lt\/wp-json\/wp\/v2\/product_brand?post=3298"},{"taxonomy":"product_cat","embeddable":true,"href":"https:\/\/bri9ita.com\/lt\/wp-json\/wp\/v2\/product_cat?post=3298"},{"taxonomy":"product_tag","embeddable":true,"href":"https:\/\/bri9ita.com\/lt\/wp-json\/wp\/v2\/product_tag?post=3298"}],"curies":[{"name":"wp","href":"https:\/\/api.w.org\/{rel}","templated":true}]}}