{"id":3275,"date":"2025-03-02T23:45:41","date_gmt":"2025-03-02T23:45:41","guid":{"rendered":"https:\/\/bri9ita.com\/?post_type=product&#038;p=3275"},"modified":"2025-12-27T12:03:02","modified_gmt":"2025-12-27T12:03:02","slug":"room-linen-mist-spicy-alpha-essence","status":"publish","type":"product","link":"https:\/\/bri9ita.com\/lt\/produktas\/room-linen-mist-spicy-alpha-essence\/","title":{"rendered":"Alfa Esencija | Alpha Essence mist"},"content":{"rendered":"<article class=\"text-token-text-primary w-full focus:outline-none [--shadow-height:45px] has-data-writing-block:pointer-events-none has-data-writing-block:-mt-(--shadow-height) has-data-writing-block:pt-(--shadow-height) [&amp;:has([data-writing-block])&gt;*]:pointer-events-auto scroll-mt-[calc(var(--header-height)+min(200px,max(70px,20svh)))]\" dir=\"auto\" style=\"color: #000000; font-style: normal; font-weight: 400; letter-spacing: normal; text-align: start; text-indent: 0px; text-transform: none; text-decoration: none;\" data-turn-id=\"request-WEB:deccacf1-e342-4ea8-ae83-7e2219918385-11\" data-testid=\"conversation-turn-20\" data-scroll-anchor=\"true\" data-turn=\"assistant\">\n<div class=\"text-base my-auto mx-auto pb-10 [--thread-content-margin:--spacing(4)] thread-sm:[--thread-content-margin:--spacing(6)] thread-lg:[--thread-content-margin:--spacing(16)] px-(--thread-content-margin)\">\n<div class=\"[--thread-content-max-width:40rem] thread-lg:[--thread-content-max-width:48rem] mx-auto max-w-(--thread-content-max-width) flex-1 group\/turn-messages focus-visible:outline-hidden relative flex w-full min-w-0 flex-col agent-turn\">\n<div class=\"flex max-w-full flex-col grow\">\n<div class=\"min-h-8 text-message relative flex w-full flex-col items-end gap-2 text-start break-words whitespace-normal [.text-message+&amp;]:mt-1\" dir=\"auto\" data-message-author-role=\"assistant\" data-message-id=\"931e7a85-6ee1-4172-b7d9-e629ef359686\" data-message-model-slug=\"gpt-5\">\n<div class=\"flex w-full flex-col gap-1 empty:hidden first:pt-[1px]\">\n<div class=\"markdown prose dark:prose-invert w-full break-words dark markdown-new-styling\">\n<p data-start=\"1481\" data-end=\"1580\" data-is-last-node=\"\" data-is-only-node=\"\">\n<\/div>\n<\/div>\n<\/div>\n<\/div>\n<div class=\"z-0 flex min-h-[46px] justify-start\"><\/div>\n<\/div>\n<\/div>\n<\/article>\n<p>&nbsp;<\/p>\n<p>&nbsp;<\/p>\n<p>&nbsp;<\/p>\n<p>&nbsp;<\/p>\n<p>&nbsp;<\/p>","protected":false},"excerpt":{"rendered":"<p data-start=\"0\" data-end=\"52\">\ud83c\uddf1\ud83c\uddf9\ud83c\uddec\ud83c\udde7 <strong data-start=\"9\" data-end=\"50\">Apie J\u016bs\u0173 Aromatin\u0119 migl\u0105 \/ About Your Mist<\/strong><\/p>\n<p data-start=\"54\" data-end=\"117\"><strong data-start=\"54\" data-end=\"115\">Kambari\u0173 ir audini\u0173 aromatin\u0117 migla: Alfa Esencija 100ml 3.38oz<\/strong><\/p>\n<p data-start=\"119\" data-end=\"467\">Patirkite kvapo magij\u0105 \u2013 j\u016bs\u0173 ramyb\u0117s oaz\u0117 vos vienu papur\u0161kimu. <em data-start=\"184\" data-end=\"205\">Alfa Esencija<\/em> pa\u017eadina stipryb\u0117s ir pasitik\u0117jimo jausm\u0105, dvelkia energizuojan\u010diais pipir\u0173 ir citrus\u0173 tonais. \u0160ilti ambros, sandalmed\u017eio ir muskuso akordai sukuria jauki\u0105, subalansuot\u0105 atmosfer\u0105, pripildyt\u0105 dr\u0105sos ir harmonijos. Mai\u0161ytas ir pilstytas rankomis.<\/p>\n<p data-start=\"469\" data-end=\"611\"><strong data-start=\"469\" data-end=\"481\">Savyb\u0117s:<\/strong><br data-start=\"481\" data-end=\"484\" \/>\u2728 Be toksin\u0173 ir ftalat\u0173<br data-start=\"507\" data-end=\"510\" \/>\u2728 Pagamintas i\u0161 auk\u0161tos kokyb\u0117s kvapi\u0173j\u0173 aliej\u0173<br data-start=\"557\" data-end=\"560\" \/>\u2728 Suteikia energijos ir \u0161ilumos bet kuriai erdvei<\/p>\n<p data-start=\"613\" data-end=\"748\"><strong data-start=\"613\" data-end=\"625\">Sud\u0117tis:<\/strong> Vanduo, izopropilo alkoholis, dipropilenglikolis (DPG), polisorbatas 80, konservantas, kvapieji aliejai.<\/p>\n<p data-start=\"750\" data-end=\"880\">Prie\u0161 naudojim\u0105 suplakite. Prie\u0161 pur\u0161kiant ant audini\u0173, i\u0161bandykite ma\u017eame plote. Laikykite v\u0117siai, atokiau nuo saul\u0117s ir vaik\u0173.<\/p>\n<hr data-start=\"882\" data-end=\"885\" \/>\n<h3 data-start=\"887\" data-end=\"915\">\ud83c\uddec\ud83c\udde7 <strong data-start=\"896\" data-end=\"915\">About Your Mist<\/strong><\/h3>\n<p data-start=\"917\" data-end=\"974\"><strong data-start=\"917\" data-end=\"972\">Room + Linen Mist: Alpha Essence 100ml \/ 3.38oz<\/strong><\/p>\n<p data-start=\"976\" data-end=\"1231\">Awaken your senses with<em data-start=\"1000\" data-end=\"1021\">\u00a0Alpha Essence<\/em> \u2014 a bold, energising scent that blends pepper and citrus for confidence and vitality. The warm notes of amber, sandalwood, and musk create a grounding, luxurious atmosphere. Hand-mixed and poured in small batches.<\/p>\n<p data-start=\"1233\" data-end=\"1356\"><strong data-start=\"1233\" data-end=\"1246\">Features:<\/strong><br data-start=\"1246\" data-end=\"1249\" \/>\u2728 Non-toxic &amp; phthalate-free<br data-start=\"1277\" data-end=\"1280\" \/>\u2728 Made with premium fragrance oils<br data-start=\"1314\" data-end=\"1317\" \/>\u2728 Adds warmth and energy to any space<\/p>\n<p data-start=\"1358\" data-end=\"1479\"><strong data-start=\"1358\" data-end=\"1374\">Ingredients:<\/strong> Water, Isopropyl Alcohol, Dipropylene Glycol (DPG), Polysorbate 80, Preservative, Fragrance Oil.<\/p>\n<p data-start=\"1481\" data-end=\"1580\" data-is-last-node=\"\" data-is-only-node=\"\">Shake well before use. Test on fabric first. Store in a cool, dark place, away from sunlight and children.<\/p>","protected":false},"featured_media":3294,"comment_status":"open","ping_status":"closed","template":"","meta":[],"product_brand":[],"product_cat":[130,131],"product_tag":[],"class_list":{"0":"post-3275","1":"product","2":"type-product","3":"status-publish","4":"has-post-thumbnail","6":"product_cat-ritual-shop","7":"product_cat-sanctuary-mists","9":"first","10":"instock","11":"shipping-taxable","12":"purchasable","13":"product-type-simple"},"yoast_head":"<!-- This site is optimized with the Yoast SEO plugin v26.6 - https:\/\/yoast.com\/wordpress\/plugins\/seo\/ -->\n<title>Alfa Esencija | Alpha Essence mist - bri9ita.com<\/title>\n<meta name=\"robots\" content=\"index, follow, max-snippet:-1, max-image-preview:large, max-video-preview:-1\" \/>\n<link rel=\"canonical\" href=\"https:\/\/bri9ita.com\/lt\/produktas\/room-linen-mist-spicy-alpha-essence\/\" \/>\n<meta property=\"og:locale\" content=\"lt_LT\" \/>\n<meta property=\"og:type\" content=\"article\" \/>\n<meta property=\"og:title\" content=\"Alfa Esencija | Alpha Essence mist - bri9ita.com\" \/>\n<meta property=\"og:description\" content=\"\ud83c\uddf1\ud83c\uddf9\ud83c\uddec\ud83c\udde7 Apie J\u016bs\u0173 Aromatin\u0119 migl\u0105 \/ About Your Mist Kambari\u0173 ir audini\u0173 aromatin\u0117 migla: Alfa Esencija 100ml 3.38oz Patirkite kvapo magij\u0105 \u2013 j\u016bs\u0173 ramyb\u0117s oaz\u0117 vos vienu papur\u0161kimu. Alfa Esencija pa\u017eadina stipryb\u0117s ir pasitik\u0117jimo jausm\u0105, dvelkia energizuojan\u010diais pipir\u0173 ir citrus\u0173 tonais. \u0160ilti ambros, sandalmed\u017eio ir muskuso akordai sukuria jauki\u0105, subalansuot\u0105 atmosfer\u0105, pripildyt\u0105 dr\u0105sos ir harmonijos. Mai\u0161ytas ir pilstytas rankomis. Savyb\u0117s:\u2728 Be toksin\u0173 ir ftalat\u0173\u2728 Pagamintas i\u0161 auk\u0161tos kokyb\u0117s kvapi\u0173j\u0173 aliej\u0173\u2728 Suteikia energijos ir \u0161ilumos bet kuriai erdvei Sud\u0117tis: Vanduo, izopropilo alkoholis, dipropilenglikolis (DPG), polisorbatas 80, konservantas, kvapieji aliejai. Prie\u0161 naudojim\u0105 suplakite. Prie\u0161 pur\u0161kiant ant audini\u0173, i\u0161bandykite ma\u017eame plote. Laikykite v\u0117siai, atokiau nuo saul\u0117s ir vaik\u0173.     \ud83c\uddec\ud83c\udde7 About Your Mist Room + Linen Mist: Alpha Essence 100ml \/ 3.38oz Awaken your senses with\u00a0Alpha Essence \u2014 a bold, energising scent that blends pepper and citrus for confidence and vitality. The warm notes of amber, sandalwood, and musk create a grounding, luxurious atmosphere. Hand-mixed and poured in small batches. Features:\u2728 Non-toxic &amp; phthalate-free\u2728 Made with premium fragrance oils\u2728 Adds warmth and energy to any space Ingredients: Water, Isopropyl Alcohol, Dipropylene Glycol (DPG), Polysorbate 80, Preservative, Fragrance Oil. Shake well before use. Test on fabric first. Store in a cool, dark place, away from sunlight and children.\" \/>\n<meta property=\"og:url\" content=\"https:\/\/bri9ita.com\/lt\/produktas\/room-linen-mist-spicy-alpha-essence\/\" \/>\n<meta property=\"og:site_name\" content=\"bri9ita.com\" \/>\n<meta property=\"article:modified_time\" content=\"2025-12-27T12:03:02+00:00\" \/>\n<meta property=\"og:image\" content=\"https:\/\/bri9ita.com\/wp-content\/uploads\/2025\/03\/Alpha-Essence-1.jpg\" \/>\n\t<meta property=\"og:image:width\" content=\"1368\" \/>\n\t<meta property=\"og:image:height\" content=\"1368\" \/>\n\t<meta property=\"og:image:type\" content=\"image\/jpeg\" \/>\n<meta name=\"twitter:card\" content=\"summary_large_image\" \/>\n<meta name=\"twitter:label1\" content=\"Est. reading time\" \/>\n\t<meta name=\"twitter:data1\" content=\"1 minut\u0117\" \/>\n<script type=\"application\/ld+json\" class=\"yoast-schema-graph\">{\"@context\":\"https:\/\/schema.org\",\"@graph\":[{\"@type\":\"WebPage\",\"@id\":\"https:\/\/bri9ita.com\/product\/room-linen-mist-spicy-alpha-essence\/\",\"url\":\"https:\/\/bri9ita.com\/product\/room-linen-mist-spicy-alpha-essence\/\",\"name\":\"Alfa Esencija | Alpha Essence mist - bri9ita.com\",\"isPartOf\":{\"@id\":\"https:\/\/bri9ita.com\/#website\"},\"primaryImageOfPage\":{\"@id\":\"https:\/\/bri9ita.com\/product\/room-linen-mist-spicy-alpha-essence\/#primaryimage\"},\"image\":{\"@id\":\"https:\/\/bri9ita.com\/product\/room-linen-mist-spicy-alpha-essence\/#primaryimage\"},\"thumbnailUrl\":\"https:\/\/bri9ita.com\/wp-content\/uploads\/2025\/03\/Alpha-Essence-1.jpg\",\"datePublished\":\"2025-03-02T23:45:41+00:00\",\"dateModified\":\"2025-12-27T12:03:02+00:00\",\"breadcrumb\":{\"@id\":\"https:\/\/bri9ita.com\/product\/room-linen-mist-spicy-alpha-essence\/#breadcrumb\"},\"inLanguage\":\"lt-LT\",\"potentialAction\":[{\"@type\":\"ReadAction\",\"target\":[\"https:\/\/bri9ita.com\/product\/room-linen-mist-spicy-alpha-essence\/\"]}]},{\"@type\":\"ImageObject\",\"inLanguage\":\"lt-LT\",\"@id\":\"https:\/\/bri9ita.com\/product\/room-linen-mist-spicy-alpha-essence\/#primaryimage\",\"url\":\"https:\/\/bri9ita.com\/wp-content\/uploads\/2025\/03\/Alpha-Essence-1.jpg\",\"contentUrl\":\"https:\/\/bri9ita.com\/wp-content\/uploads\/2025\/03\/Alpha-Essence-1.jpg\",\"width\":1368,\"height\":1368},{\"@type\":\"BreadcrumbList\",\"@id\":\"https:\/\/bri9ita.com\/product\/room-linen-mist-spicy-alpha-essence\/#breadcrumb\",\"itemListElement\":[{\"@type\":\"ListItem\",\"position\":1,\"name\":\"Home\",\"item\":\"https:\/\/bri9ita.com\/\"},{\"@type\":\"ListItem\",\"position\":2,\"name\":\"Shop\",\"item\":\"https:\/\/bri9ita.com\/shop\/\"},{\"@type\":\"ListItem\",\"position\":3,\"name\":\"Alfa Esencija | Alpha Essence mist\"}]},{\"@type\":\"WebSite\",\"@id\":\"https:\/\/bri9ita.com\/#website\",\"url\":\"https:\/\/bri9ita.com\/\",\"name\":\"bri9ita.com\",\"description\":\"\",\"publisher\":{\"@id\":\"https:\/\/bri9ita.com\/#organization\"},\"potentialAction\":[{\"@type\":\"SearchAction\",\"target\":{\"@type\":\"EntryPoint\",\"urlTemplate\":\"https:\/\/bri9ita.com\/?s={search_term_string}\"},\"query-input\":{\"@type\":\"PropertyValueSpecification\",\"valueRequired\":true,\"valueName\":\"search_term_string\"}}],\"inLanguage\":\"lt-LT\"},{\"@type\":\"Organization\",\"@id\":\"https:\/\/bri9ita.com\/#organization\",\"name\":\"bri9ita.com\",\"url\":\"https:\/\/bri9ita.com\/\",\"logo\":{\"@type\":\"ImageObject\",\"inLanguage\":\"lt-LT\",\"@id\":\"https:\/\/bri9ita.com\/#\/schema\/logo\/image\/\",\"url\":\"https:\/\/bri9ita.com\/wp-content\/uploads\/2023\/03\/new_logo_for_web_2-removebg-preview.png\",\"contentUrl\":\"https:\/\/bri9ita.com\/wp-content\/uploads\/2023\/03\/new_logo_for_web_2-removebg-preview.png\",\"width\":560,\"height\":135,\"caption\":\"bri9ita.com\"},\"image\":{\"@id\":\"https:\/\/bri9ita.com\/#\/schema\/logo\/image\/\"},\"sameAs\":[\"https:\/\/www.instagram.com\/_bri9ita_\/?igshid=YmMyMTA2M2Y\",\"https:\/\/www.youtube.com\/@bri9ita599\"]}]}<\/script>\n<!-- \/ Yoast SEO plugin. -->","yoast_head_json":{"title":"Alfa Esencija | Alpha Essence mist - bri9ita.com","robots":{"index":"index","follow":"follow","max-snippet":"max-snippet:-1","max-image-preview":"max-image-preview:large","max-video-preview":"max-video-preview:-1"},"canonical":"https:\/\/bri9ita.com\/lt\/produktas\/room-linen-mist-spicy-alpha-essence\/","og_locale":"lt_LT","og_type":"article","og_title":"Alfa Esencija | Alpha Essence mist - bri9ita.com","og_description":"\ud83c\uddf1\ud83c\uddf9\ud83c\uddec\ud83c\udde7 Apie J\u016bs\u0173 Aromatin\u0119 migl\u0105 \/ About Your Mist Kambari\u0173 ir audini\u0173 aromatin\u0117 migla: Alfa Esencija 100ml 3.38oz Patirkite kvapo magij\u0105 \u2013 j\u016bs\u0173 ramyb\u0117s oaz\u0117 vos vienu papur\u0161kimu. Alfa Esencija pa\u017eadina stipryb\u0117s ir pasitik\u0117jimo jausm\u0105, dvelkia energizuojan\u010diais pipir\u0173 ir citrus\u0173 tonais. \u0160ilti ambros, sandalmed\u017eio ir muskuso akordai sukuria jauki\u0105, subalansuot\u0105 atmosfer\u0105, pripildyt\u0105 dr\u0105sos ir harmonijos. Mai\u0161ytas ir pilstytas rankomis. Savyb\u0117s:\u2728 Be toksin\u0173 ir ftalat\u0173\u2728 Pagamintas i\u0161 auk\u0161tos kokyb\u0117s kvapi\u0173j\u0173 aliej\u0173\u2728 Suteikia energijos ir \u0161ilumos bet kuriai erdvei Sud\u0117tis: Vanduo, izopropilo alkoholis, dipropilenglikolis (DPG), polisorbatas 80, konservantas, kvapieji aliejai. Prie\u0161 naudojim\u0105 suplakite. Prie\u0161 pur\u0161kiant ant audini\u0173, i\u0161bandykite ma\u017eame plote. Laikykite v\u0117siai, atokiau nuo saul\u0117s ir vaik\u0173.     \ud83c\uddec\ud83c\udde7 About Your Mist Room + Linen Mist: Alpha Essence 100ml \/ 3.38oz Awaken your senses with\u00a0Alpha Essence \u2014 a bold, energising scent that blends pepper and citrus for confidence and vitality. The warm notes of amber, sandalwood, and musk create a grounding, luxurious atmosphere. Hand-mixed and poured in small batches. Features:\u2728 Non-toxic &amp; phthalate-free\u2728 Made with premium fragrance oils\u2728 Adds warmth and energy to any space Ingredients: Water, Isopropyl Alcohol, Dipropylene Glycol (DPG), Polysorbate 80, Preservative, Fragrance Oil. Shake well before use. Test on fabric first. Store in a cool, dark place, away from sunlight and children.","og_url":"https:\/\/bri9ita.com\/lt\/produktas\/room-linen-mist-spicy-alpha-essence\/","og_site_name":"bri9ita.com","article_modified_time":"2025-12-27T12:03:02+00:00","og_image":[{"width":1368,"height":1368,"url":"https:\/\/bri9ita.com\/wp-content\/uploads\/2025\/03\/Alpha-Essence-1.jpg","type":"image\/jpeg"}],"twitter_card":"summary_large_image","twitter_misc":{"Est. reading time":"1 minut\u0117"},"schema":{"@context":"https:\/\/schema.org","@graph":[{"@type":"WebPage","@id":"https:\/\/bri9ita.com\/product\/room-linen-mist-spicy-alpha-essence\/","url":"https:\/\/bri9ita.com\/product\/room-linen-mist-spicy-alpha-essence\/","name":"Alfa Esencija | Alpha Essence mist - bri9ita.com","isPartOf":{"@id":"https:\/\/bri9ita.com\/#website"},"primaryImageOfPage":{"@id":"https:\/\/bri9ita.com\/product\/room-linen-mist-spicy-alpha-essence\/#primaryimage"},"image":{"@id":"https:\/\/bri9ita.com\/product\/room-linen-mist-spicy-alpha-essence\/#primaryimage"},"thumbnailUrl":"https:\/\/bri9ita.com\/wp-content\/uploads\/2025\/03\/Alpha-Essence-1.jpg","datePublished":"2025-03-02T23:45:41+00:00","dateModified":"2025-12-27T12:03:02+00:00","breadcrumb":{"@id":"https:\/\/bri9ita.com\/product\/room-linen-mist-spicy-alpha-essence\/#breadcrumb"},"inLanguage":"lt-LT","potentialAction":[{"@type":"ReadAction","target":["https:\/\/bri9ita.com\/product\/room-linen-mist-spicy-alpha-essence\/"]}]},{"@type":"ImageObject","inLanguage":"lt-LT","@id":"https:\/\/bri9ita.com\/product\/room-linen-mist-spicy-alpha-essence\/#primaryimage","url":"https:\/\/bri9ita.com\/wp-content\/uploads\/2025\/03\/Alpha-Essence-1.jpg","contentUrl":"https:\/\/bri9ita.com\/wp-content\/uploads\/2025\/03\/Alpha-Essence-1.jpg","width":1368,"height":1368},{"@type":"BreadcrumbList","@id":"https:\/\/bri9ita.com\/product\/room-linen-mist-spicy-alpha-essence\/#breadcrumb","itemListElement":[{"@type":"ListItem","position":1,"name":"Home","item":"https:\/\/bri9ita.com\/"},{"@type":"ListItem","position":2,"name":"Shop","item":"https:\/\/bri9ita.com\/shop\/"},{"@type":"ListItem","position":3,"name":"Alfa Esencija | Alpha Essence mist"}]},{"@type":"WebSite","@id":"https:\/\/bri9ita.com\/#website","url":"https:\/\/bri9ita.com\/","name":"bri9ita.com","description":"","publisher":{"@id":"https:\/\/bri9ita.com\/#organization"},"potentialAction":[{"@type":"SearchAction","target":{"@type":"EntryPoint","urlTemplate":"https:\/\/bri9ita.com\/?s={search_term_string}"},"query-input":{"@type":"PropertyValueSpecification","valueRequired":true,"valueName":"search_term_string"}}],"inLanguage":"lt-LT"},{"@type":"Organization","@id":"https:\/\/bri9ita.com\/#organization","name":"bri9ita.com","url":"https:\/\/bri9ita.com\/","logo":{"@type":"ImageObject","inLanguage":"lt-LT","@id":"https:\/\/bri9ita.com\/#\/schema\/logo\/image\/","url":"https:\/\/bri9ita.com\/wp-content\/uploads\/2023\/03\/new_logo_for_web_2-removebg-preview.png","contentUrl":"https:\/\/bri9ita.com\/wp-content\/uploads\/2023\/03\/new_logo_for_web_2-removebg-preview.png","width":560,"height":135,"caption":"bri9ita.com"},"image":{"@id":"https:\/\/bri9ita.com\/#\/schema\/logo\/image\/"},"sameAs":["https:\/\/www.instagram.com\/_bri9ita_\/?igshid=YmMyMTA2M2Y","https:\/\/www.youtube.com\/@bri9ita599"]}]}},"_links":{"self":[{"href":"https:\/\/bri9ita.com\/lt\/wp-json\/wp\/v2\/product\/3275","targetHints":{"allow":["GET"]}}],"collection":[{"href":"https:\/\/bri9ita.com\/lt\/wp-json\/wp\/v2\/product"}],"about":[{"href":"https:\/\/bri9ita.com\/lt\/wp-json\/wp\/v2\/types\/product"}],"replies":[{"embeddable":true,"href":"https:\/\/bri9ita.com\/lt\/wp-json\/wp\/v2\/comments?post=3275"}],"wp:featuredmedia":[{"embeddable":true,"href":"https:\/\/bri9ita.com\/lt\/wp-json\/wp\/v2\/media\/3294"}],"wp:attachment":[{"href":"https:\/\/bri9ita.com\/lt\/wp-json\/wp\/v2\/media?parent=3275"}],"wp:term":[{"taxonomy":"product_brand","embeddable":true,"href":"https:\/\/bri9ita.com\/lt\/wp-json\/wp\/v2\/product_brand?post=3275"},{"taxonomy":"product_cat","embeddable":true,"href":"https:\/\/bri9ita.com\/lt\/wp-json\/wp\/v2\/product_cat?post=3275"},{"taxonomy":"product_tag","embeddable":true,"href":"https:\/\/bri9ita.com\/lt\/wp-json\/wp\/v2\/product_tag?post=3275"}],"curies":[{"name":"wp","href":"https:\/\/api.w.org\/{rel}","templated":true}]}}