{"id":3156,"date":"2024-12-16T11:56:02","date_gmt":"2024-12-16T11:56:02","guid":{"rendered":"https:\/\/bri9ita.com\/?post_type=product&#038;p=3156"},"modified":"2026-02-17T10:51:45","modified_gmt":"2026-02-17T10:51:45","slug":"video-2025-analysis","status":"publish","type":"product","link":"https:\/\/bri9ita.com\/lt\/produktas\/video-2025-analysis\/","title":{"rendered":"Video: 2026 Analysis"},"content":{"rendered":"<p>\u2018\u017dmogus tampa ap\u0161viestas ne \u012fsivaizduodamas \u0161viesos fig\u016bras, bet \u012fsis\u0105monindamas tams\u0105. C. G. Jungas<\/p>\n<p>\u0160i intuityvi konsultacija trunka apie 20 minu\u010di\u0173 ir yra orientuota \u012f J\u016bs\u0173 2025 met\u0173 analiz\u0119, leid\u017eiu, kad skaitymas vykt\u0173 organi\u0161kai, ir neatsakin\u0117ju \u012f konkre\u010dius klausimus. \u2666 \u0160is skaitymas vyksta vaizdo \u012fra\u0161o formatu, gausite priva\u010di\u0105 nuorod\u0105 \u012f savo skaitym\u0105, kad gal\u0117tum\u0117te j\u012f per\u017ei\u016br\u0117ti (vaizdo \u012fra\u0161as yra u\u017erakintas, tod\u0117l yra visi\u0161kai privatus, nebent nuspr\u0119stum\u0117te pasidalyti nuoroda su kuo nors kitu). Jei skubate (neatid\u0117liotin\u0173 skaitym\u0173 neatlieku), prie\u0161 u\u017esakydami skaitymus, atsi\u0173skite man \u017einut\u0119, nes paprastai b\u016bnu i\u0161 anksto u\u017esiregistrav\u0119s, tada gal\u0117siu prane\u0161ti, per kiek laiko gal\u0117site atlikti skaitymus. \u0160iuo metu nepriimu daugiau nei 3 klient\u0173 per dien\u0105, nes tai padeda man tur\u0117ti tiek pat energijos visiems tos dienos klientams.<\/p>\n<p>\u2666 <em><strong>Skaitymo konspektas<\/strong> <\/em>\u2666<\/p>\n<p>\u2666 J\u016bs\u0173 sielos kelion\u0117 2025 m.<\/p>\n<p>\u2666 J\u016bs\u0173 d\u0117mesio centras 2025 m.<\/p>\n<p>\u2666 J\u016bs\u0173 pasiekimai 2025 m.<\/p>\n<p>\u2666 J\u016bs\u0173 i\u0161\u0161\u016bkiai 2025 m.<\/p>\n<p>\u2666 Svarbi (-ios) 2025 m. tema (-os)<\/p>\n<p>\u2666 Patarimai<\/p>\n<p>Nekantriai laukiu, kada gal\u0117siu perskaityti j\u016bs\u0173 energij\u0105 ir suteikti ai\u0161kumo,<\/p>\n<p>Meil\u0117,<\/p>\n<p>Brigita<\/p>","protected":false},"excerpt":{"rendered":"<p>\u0160i intuityvi konsultacija trunka apie 20 minu\u010di\u0173 ir yra skirta j\u016bs\u0173 2025 m. analizei.<\/p>\n<p>\u2666 <em><strong>Skaitymo konspektas<\/strong> <\/em>\u2666<\/p>\n<p>\u2666 J\u016bs\u0173 sielos kelion\u0117 2025 m.<\/p>\n<p>\u2666 J\u016bs\u0173 d\u0117mesio centras 2025 m.<\/p>\n<p>\u2666 J\u016bs\u0173 pasiekimai 2025 m.<\/p>\n<p>\u2666 J\u016bs\u0173 i\u0161\u0161\u016bkiai 2025 m.<\/p>\n<p>\u2666 Svarbi (-ios) 2025 m. tema (-os)<\/p>\n<p>\u2666 Patarimai<\/p>\n<p>&nbsp;<\/p>","protected":false},"featured_media":3204,"comment_status":"open","ping_status":"closed","template":"","meta":[],"product_brand":[],"product_cat":[15],"product_tag":[],"class_list":{"0":"post-3156","1":"product","2":"type-product","3":"status-publish","4":"has-post-thumbnail","6":"product_cat-personal-sessions","8":"first","9":"instock","10":"virtual","11":"purchasable","12":"product-type-simple"},"yoast_head":"<!-- This site is optimized with the Yoast SEO plugin v26.6 - https:\/\/yoast.com\/wordpress\/plugins\/seo\/ -->\n<title>Video: 2026 Analysis - bri9ita.com<\/title>\n<meta name=\"robots\" content=\"index, follow, max-snippet:-1, max-image-preview:large, max-video-preview:-1\" \/>\n<link rel=\"canonical\" href=\"https:\/\/bri9ita.com\/lt\/produktas\/video-2025-analysis\/\" \/>\n<meta property=\"og:locale\" content=\"lt_LT\" \/>\n<meta property=\"og:type\" content=\"article\" \/>\n<meta property=\"og:title\" content=\"Video: 2026 Analysis - bri9ita.com\" \/>\n<meta property=\"og:description\" content=\"This Intuitive Consultation takes around 20 minutes and is focused on Your 2025 analysis.  \u2666 An Outline of Your Reading \u2666  \u2666 Your Soul&#039;s Journey in 2025  \u2666 Your Focus point in 2025  \u2666 Your Achievements in 2025  \u2666 Your Challenges in 2025  \u2666 Important Theme(s) in 2025  \u2666 Advice  &nbsp;\" \/>\n<meta property=\"og:url\" content=\"https:\/\/bri9ita.com\/lt\/produktas\/video-2025-analysis\/\" \/>\n<meta property=\"og:site_name\" content=\"bri9ita.com\" \/>\n<meta property=\"article:modified_time\" content=\"2026-02-17T10:51:45+00:00\" \/>\n<meta property=\"og:image\" content=\"https:\/\/bri9ita.com\/wp-content\/uploads\/2024\/12\/2025.jpg\" \/>\n\t<meta property=\"og:image:width\" content=\"518\" \/>\n\t<meta property=\"og:image:height\" content=\"506\" \/>\n\t<meta property=\"og:image:type\" content=\"image\/jpeg\" \/>\n<meta name=\"twitter:card\" content=\"summary_large_image\" \/>\n<meta name=\"twitter:label1\" content=\"Est. reading time\" \/>\n\t<meta name=\"twitter:data1\" content=\"2 minut\u0117s\" \/>\n<script type=\"application\/ld+json\" class=\"yoast-schema-graph\">{\"@context\":\"https:\/\/schema.org\",\"@graph\":[{\"@type\":\"WebPage\",\"@id\":\"https:\/\/bri9ita.com\/product\/video-2025-analysis\/\",\"url\":\"https:\/\/bri9ita.com\/product\/video-2025-analysis\/\",\"name\":\"Video: 2026 Analysis - bri9ita.com\",\"isPartOf\":{\"@id\":\"https:\/\/bri9ita.com\/#website\"},\"primaryImageOfPage\":{\"@id\":\"https:\/\/bri9ita.com\/product\/video-2025-analysis\/#primaryimage\"},\"image\":{\"@id\":\"https:\/\/bri9ita.com\/product\/video-2025-analysis\/#primaryimage\"},\"thumbnailUrl\":\"https:\/\/bri9ita.com\/wp-content\/uploads\/2024\/12\/2025.jpg\",\"datePublished\":\"2024-12-16T11:56:02+00:00\",\"dateModified\":\"2026-02-17T10:51:45+00:00\",\"breadcrumb\":{\"@id\":\"https:\/\/bri9ita.com\/product\/video-2025-analysis\/#breadcrumb\"},\"inLanguage\":\"lt-LT\",\"potentialAction\":[{\"@type\":\"ReadAction\",\"target\":[\"https:\/\/bri9ita.com\/product\/video-2025-analysis\/\"]}]},{\"@type\":\"ImageObject\",\"inLanguage\":\"lt-LT\",\"@id\":\"https:\/\/bri9ita.com\/product\/video-2025-analysis\/#primaryimage\",\"url\":\"https:\/\/bri9ita.com\/wp-content\/uploads\/2024\/12\/2025.jpg\",\"contentUrl\":\"https:\/\/bri9ita.com\/wp-content\/uploads\/2024\/12\/2025.jpg\",\"width\":518,\"height\":506},{\"@type\":\"BreadcrumbList\",\"@id\":\"https:\/\/bri9ita.com\/product\/video-2025-analysis\/#breadcrumb\",\"itemListElement\":[{\"@type\":\"ListItem\",\"position\":1,\"name\":\"Home\",\"item\":\"https:\/\/bri9ita.com\/\"},{\"@type\":\"ListItem\",\"position\":2,\"name\":\"Shop\",\"item\":\"https:\/\/bri9ita.com\/shop\/\"},{\"@type\":\"ListItem\",\"position\":3,\"name\":\"Video: 2026 Analysis\"}]},{\"@type\":\"WebSite\",\"@id\":\"https:\/\/bri9ita.com\/#website\",\"url\":\"https:\/\/bri9ita.com\/\",\"name\":\"bri9ita.com\",\"description\":\"\",\"publisher\":{\"@id\":\"https:\/\/bri9ita.com\/#organization\"},\"potentialAction\":[{\"@type\":\"SearchAction\",\"target\":{\"@type\":\"EntryPoint\",\"urlTemplate\":\"https:\/\/bri9ita.com\/?s={search_term_string}\"},\"query-input\":{\"@type\":\"PropertyValueSpecification\",\"valueRequired\":true,\"valueName\":\"search_term_string\"}}],\"inLanguage\":\"lt-LT\"},{\"@type\":\"Organization\",\"@id\":\"https:\/\/bri9ita.com\/#organization\",\"name\":\"bri9ita.com\",\"url\":\"https:\/\/bri9ita.com\/\",\"logo\":{\"@type\":\"ImageObject\",\"inLanguage\":\"lt-LT\",\"@id\":\"https:\/\/bri9ita.com\/#\/schema\/logo\/image\/\",\"url\":\"https:\/\/bri9ita.com\/wp-content\/uploads\/2023\/03\/new_logo_for_web_2-removebg-preview.png\",\"contentUrl\":\"https:\/\/bri9ita.com\/wp-content\/uploads\/2023\/03\/new_logo_for_web_2-removebg-preview.png\",\"width\":560,\"height\":135,\"caption\":\"bri9ita.com\"},\"image\":{\"@id\":\"https:\/\/bri9ita.com\/#\/schema\/logo\/image\/\"},\"sameAs\":[\"https:\/\/www.instagram.com\/_bri9ita_\/?igshid=YmMyMTA2M2Y\",\"https:\/\/www.youtube.com\/@bri9ita599\"]}]}<\/script>\n<!-- \/ Yoast SEO plugin. -->","yoast_head_json":{"title":"Video: 2026 Analysis - bri9ita.com","robots":{"index":"index","follow":"follow","max-snippet":"max-snippet:-1","max-image-preview":"max-image-preview:large","max-video-preview":"max-video-preview:-1"},"canonical":"https:\/\/bri9ita.com\/lt\/produktas\/video-2025-analysis\/","og_locale":"lt_LT","og_type":"article","og_title":"Video: 2026 Analysis - bri9ita.com","og_description":"This Intuitive Consultation takes around 20 minutes and is focused on Your 2025 analysis.  \u2666 An Outline of Your Reading \u2666  \u2666 Your Soul's Journey in 2025  \u2666 Your Focus point in 2025  \u2666 Your Achievements in 2025  \u2666 Your Challenges in 2025  \u2666 Important Theme(s) in 2025  \u2666 Advice  &nbsp;","og_url":"https:\/\/bri9ita.com\/lt\/produktas\/video-2025-analysis\/","og_site_name":"bri9ita.com","article_modified_time":"2026-02-17T10:51:45+00:00","og_image":[{"width":518,"height":506,"url":"https:\/\/bri9ita.com\/wp-content\/uploads\/2024\/12\/2025.jpg","type":"image\/jpeg"}],"twitter_card":"summary_large_image","twitter_misc":{"Est. reading time":"2 minut\u0117s"},"schema":{"@context":"https:\/\/schema.org","@graph":[{"@type":"WebPage","@id":"https:\/\/bri9ita.com\/product\/video-2025-analysis\/","url":"https:\/\/bri9ita.com\/product\/video-2025-analysis\/","name":"Video: 2026 Analysis - bri9ita.com","isPartOf":{"@id":"https:\/\/bri9ita.com\/#website"},"primaryImageOfPage":{"@id":"https:\/\/bri9ita.com\/product\/video-2025-analysis\/#primaryimage"},"image":{"@id":"https:\/\/bri9ita.com\/product\/video-2025-analysis\/#primaryimage"},"thumbnailUrl":"https:\/\/bri9ita.com\/wp-content\/uploads\/2024\/12\/2025.jpg","datePublished":"2024-12-16T11:56:02+00:00","dateModified":"2026-02-17T10:51:45+00:00","breadcrumb":{"@id":"https:\/\/bri9ita.com\/product\/video-2025-analysis\/#breadcrumb"},"inLanguage":"lt-LT","potentialAction":[{"@type":"ReadAction","target":["https:\/\/bri9ita.com\/product\/video-2025-analysis\/"]}]},{"@type":"ImageObject","inLanguage":"lt-LT","@id":"https:\/\/bri9ita.com\/product\/video-2025-analysis\/#primaryimage","url":"https:\/\/bri9ita.com\/wp-content\/uploads\/2024\/12\/2025.jpg","contentUrl":"https:\/\/bri9ita.com\/wp-content\/uploads\/2024\/12\/2025.jpg","width":518,"height":506},{"@type":"BreadcrumbList","@id":"https:\/\/bri9ita.com\/product\/video-2025-analysis\/#breadcrumb","itemListElement":[{"@type":"ListItem","position":1,"name":"Home","item":"https:\/\/bri9ita.com\/"},{"@type":"ListItem","position":2,"name":"Shop","item":"https:\/\/bri9ita.com\/shop\/"},{"@type":"ListItem","position":3,"name":"Video: 2026 Analysis"}]},{"@type":"WebSite","@id":"https:\/\/bri9ita.com\/#website","url":"https:\/\/bri9ita.com\/","name":"bri9ita.com","description":"","publisher":{"@id":"https:\/\/bri9ita.com\/#organization"},"potentialAction":[{"@type":"SearchAction","target":{"@type":"EntryPoint","urlTemplate":"https:\/\/bri9ita.com\/?s={search_term_string}"},"query-input":{"@type":"PropertyValueSpecification","valueRequired":true,"valueName":"search_term_string"}}],"inLanguage":"lt-LT"},{"@type":"Organization","@id":"https:\/\/bri9ita.com\/#organization","name":"bri9ita.com","url":"https:\/\/bri9ita.com\/","logo":{"@type":"ImageObject","inLanguage":"lt-LT","@id":"https:\/\/bri9ita.com\/#\/schema\/logo\/image\/","url":"https:\/\/bri9ita.com\/wp-content\/uploads\/2023\/03\/new_logo_for_web_2-removebg-preview.png","contentUrl":"https:\/\/bri9ita.com\/wp-content\/uploads\/2023\/03\/new_logo_for_web_2-removebg-preview.png","width":560,"height":135,"caption":"bri9ita.com"},"image":{"@id":"https:\/\/bri9ita.com\/#\/schema\/logo\/image\/"},"sameAs":["https:\/\/www.instagram.com\/_bri9ita_\/?igshid=YmMyMTA2M2Y","https:\/\/www.youtube.com\/@bri9ita599"]}]}},"_links":{"self":[{"href":"https:\/\/bri9ita.com\/lt\/wp-json\/wp\/v2\/product\/3156","targetHints":{"allow":["GET"]}}],"collection":[{"href":"https:\/\/bri9ita.com\/lt\/wp-json\/wp\/v2\/product"}],"about":[{"href":"https:\/\/bri9ita.com\/lt\/wp-json\/wp\/v2\/types\/product"}],"replies":[{"embeddable":true,"href":"https:\/\/bri9ita.com\/lt\/wp-json\/wp\/v2\/comments?post=3156"}],"wp:featuredmedia":[{"embeddable":true,"href":"https:\/\/bri9ita.com\/lt\/wp-json\/wp\/v2\/media\/3204"}],"wp:attachment":[{"href":"https:\/\/bri9ita.com\/lt\/wp-json\/wp\/v2\/media?parent=3156"}],"wp:term":[{"taxonomy":"product_brand","embeddable":true,"href":"https:\/\/bri9ita.com\/lt\/wp-json\/wp\/v2\/product_brand?post=3156"},{"taxonomy":"product_cat","embeddable":true,"href":"https:\/\/bri9ita.com\/lt\/wp-json\/wp\/v2\/product_cat?post=3156"},{"taxonomy":"product_tag","embeddable":true,"href":"https:\/\/bri9ita.com\/lt\/wp-json\/wp\/v2\/product_tag?post=3156"}],"curies":[{"name":"wp","href":"https:\/\/api.w.org\/{rel}","templated":true}]}}