{"id":2544,"date":"2023-12-09T13:02:45","date_gmt":"2023-12-09T13:02:45","guid":{"rendered":"https:\/\/bri9ita.com\/?post_type=product&#038;p=2544"},"modified":"2025-11-15T09:30:19","modified_gmt":"2025-11-15T09:30:19","slug":"anxiety-relief-a-subconscious-journey","status":"publish","type":"product","link":"https:\/\/bri9ita.com\/lt\/produktas\/anxiety-relief-a-subconscious-journey\/","title":{"rendered":"Nerimo mal\u0161inimas: pas\u0105mon\u0117s kelion\u0117"},"content":{"rendered":"<p>\u2018\u017dmogus tampa ap\u0161viestas ne \u012fsivaizduodamas \u0161viesos fig\u016bras, bet \u012fsis\u0105monindamas tams\u0105. C. G. Jungas<\/p>\n<p>This is a group subconscious workshop which is focused on anxiousness, this journey takes around an hour. After booking you will receive a link to the upcoming Zoom session, please have your earphones or a good headset ready before the start of the session. This session will require you to turn your camera on, especially during the subconscious journey as I will be monitoring movements, emotions, etc. This is a safe space for everyone, allow your body and soul to experience what it came for and watch the magic happen.<\/p>\n<p>How to prepare for your session:<\/p>\n<p>\u2022 Arrange a time and space where you will not be disturbed. It is a sacred personal journey and I\u2019d like you to make the most out of it.<\/p>\n<p>\u2022 Set up where you can lie down and have a blanket with you.<\/p>\n<p>\u2022 Have a headset or earphones with a good microphone<\/p>\n<p>\u2022 On the day of your session lower your caffeine intake<\/p>\n<p>\u2022 Before the session meditate or take a walk (optional)<\/p>\n<p>I am looking forward to guiding you.<\/p>\n<p>Meil\u0117,<\/p>\n<p>Brigita<\/p>","protected":false},"excerpt":{"rendered":"<p>\u2018One does not become enlightened by imagining figures of light, but by making the darkness conscious.\u2019 C.G. Jung This is a group subconscious workshop which is focused on anxiousness, this journey takes around an hour. After booking you will receive a link to the upcoming Zoom session, please have your earphones or a good headset [&hellip;]<\/p>","protected":false},"featured_media":2578,"comment_status":"open","ping_status":"closed","template":"","meta":[],"product_brand":[],"product_cat":[15],"product_tag":[127],"class_list":{"0":"post-2544","1":"product","2":"type-product","3":"status-publish","4":"has-post-thumbnail","6":"product_cat-personal-sessions","7":"product_tag-anxiety-relief","9":"first","10":"outofstock","11":"virtual","12":"purchasable","13":"product-type-simple"},"yoast_head":"<!-- This site is optimized with the Yoast SEO plugin v26.6 - https:\/\/yoast.com\/wordpress\/plugins\/seo\/ -->\n<title>Anxiety Relief: a Subconscious Journey - bri9ita.com<\/title>\n<meta name=\"robots\" content=\"index, follow, max-snippet:-1, max-image-preview:large, max-video-preview:-1\" \/>\n<link rel=\"canonical\" href=\"https:\/\/bri9ita.com\/lt\/produktas\/anxiety-relief-a-subconscious-journey\/\" \/>\n<meta property=\"og:locale\" content=\"lt_LT\" \/>\n<meta property=\"og:type\" content=\"article\" \/>\n<meta property=\"og:title\" content=\"Anxiety Relief: a Subconscious Journey - bri9ita.com\" \/>\n<meta property=\"og:description\" content=\"\u2018One does not become enlightened by imagining figures of light, but by making the darkness conscious.\u2019 C.G. Jung This is a group subconscious workshop which is focused on anxiousness, this journey takes around an hour. After booking you will receive a link to the upcoming Zoom session, please have your earphones or a good headset [&hellip;]\" \/>\n<meta property=\"og:url\" content=\"https:\/\/bri9ita.com\/lt\/produktas\/anxiety-relief-a-subconscious-journey\/\" \/>\n<meta property=\"og:site_name\" content=\"bri9ita.com\" \/>\n<meta property=\"article:modified_time\" content=\"2025-11-15T09:30:19+00:00\" \/>\n<meta property=\"og:image\" content=\"https:\/\/bri9ita.com\/wp-content\/uploads\/2023\/12\/61EE1920-150F-4A02-ACC0-16F821EA9833.jpeg\" \/>\n\t<meta property=\"og:image:width\" content=\"720\" \/>\n\t<meta property=\"og:image:height\" content=\"720\" \/>\n\t<meta property=\"og:image:type\" content=\"image\/jpeg\" \/>\n<meta name=\"twitter:card\" content=\"summary_large_image\" \/>\n<meta name=\"twitter:label1\" content=\"Est. reading time\" \/>\n\t<meta name=\"twitter:data1\" content=\"2 minut\u0117s\" \/>\n<script type=\"application\/ld+json\" class=\"yoast-schema-graph\">{\"@context\":\"https:\/\/schema.org\",\"@graph\":[{\"@type\":\"WebPage\",\"@id\":\"https:\/\/bri9ita.com\/product\/anxiety-relief-a-subconscious-journey\/\",\"url\":\"https:\/\/bri9ita.com\/product\/anxiety-relief-a-subconscious-journey\/\",\"name\":\"Anxiety Relief: a Subconscious Journey - bri9ita.com\",\"isPartOf\":{\"@id\":\"https:\/\/bri9ita.com\/#website\"},\"primaryImageOfPage\":{\"@id\":\"https:\/\/bri9ita.com\/product\/anxiety-relief-a-subconscious-journey\/#primaryimage\"},\"image\":{\"@id\":\"https:\/\/bri9ita.com\/product\/anxiety-relief-a-subconscious-journey\/#primaryimage\"},\"thumbnailUrl\":\"https:\/\/bri9ita.com\/wp-content\/uploads\/2023\/12\/61EE1920-150F-4A02-ACC0-16F821EA9833.jpeg\",\"datePublished\":\"2023-12-09T13:02:45+00:00\",\"dateModified\":\"2025-11-15T09:30:19+00:00\",\"breadcrumb\":{\"@id\":\"https:\/\/bri9ita.com\/product\/anxiety-relief-a-subconscious-journey\/#breadcrumb\"},\"inLanguage\":\"lt-LT\",\"potentialAction\":[{\"@type\":\"ReadAction\",\"target\":[\"https:\/\/bri9ita.com\/product\/anxiety-relief-a-subconscious-journey\/\"]}]},{\"@type\":\"ImageObject\",\"inLanguage\":\"lt-LT\",\"@id\":\"https:\/\/bri9ita.com\/product\/anxiety-relief-a-subconscious-journey\/#primaryimage\",\"url\":\"https:\/\/bri9ita.com\/wp-content\/uploads\/2023\/12\/61EE1920-150F-4A02-ACC0-16F821EA9833.jpeg\",\"contentUrl\":\"https:\/\/bri9ita.com\/wp-content\/uploads\/2023\/12\/61EE1920-150F-4A02-ACC0-16F821EA9833.jpeg\",\"width\":720,\"height\":720},{\"@type\":\"BreadcrumbList\",\"@id\":\"https:\/\/bri9ita.com\/product\/anxiety-relief-a-subconscious-journey\/#breadcrumb\",\"itemListElement\":[{\"@type\":\"ListItem\",\"position\":1,\"name\":\"Home\",\"item\":\"https:\/\/bri9ita.com\/\"},{\"@type\":\"ListItem\",\"position\":2,\"name\":\"Shop\",\"item\":\"https:\/\/bri9ita.com\/shop\/\"},{\"@type\":\"ListItem\",\"position\":3,\"name\":\"Anxiety Relief: a Subconscious Journey\"}]},{\"@type\":\"WebSite\",\"@id\":\"https:\/\/bri9ita.com\/#website\",\"url\":\"https:\/\/bri9ita.com\/\",\"name\":\"bri9ita.com\",\"description\":\"\",\"publisher\":{\"@id\":\"https:\/\/bri9ita.com\/#organization\"},\"potentialAction\":[{\"@type\":\"SearchAction\",\"target\":{\"@type\":\"EntryPoint\",\"urlTemplate\":\"https:\/\/bri9ita.com\/?s={search_term_string}\"},\"query-input\":{\"@type\":\"PropertyValueSpecification\",\"valueRequired\":true,\"valueName\":\"search_term_string\"}}],\"inLanguage\":\"lt-LT\"},{\"@type\":\"Organization\",\"@id\":\"https:\/\/bri9ita.com\/#organization\",\"name\":\"bri9ita.com\",\"url\":\"https:\/\/bri9ita.com\/\",\"logo\":{\"@type\":\"ImageObject\",\"inLanguage\":\"lt-LT\",\"@id\":\"https:\/\/bri9ita.com\/#\/schema\/logo\/image\/\",\"url\":\"https:\/\/bri9ita.com\/wp-content\/uploads\/2023\/03\/new_logo_for_web_2-removebg-preview.png\",\"contentUrl\":\"https:\/\/bri9ita.com\/wp-content\/uploads\/2023\/03\/new_logo_for_web_2-removebg-preview.png\",\"width\":560,\"height\":135,\"caption\":\"bri9ita.com\"},\"image\":{\"@id\":\"https:\/\/bri9ita.com\/#\/schema\/logo\/image\/\"},\"sameAs\":[\"https:\/\/www.instagram.com\/_bri9ita_\/?igshid=YmMyMTA2M2Y\",\"https:\/\/www.youtube.com\/@bri9ita599\"]}]}<\/script>\n<!-- \/ Yoast SEO plugin. -->","yoast_head_json":{"title":"Anxiety Relief: a Subconscious Journey - bri9ita.com","robots":{"index":"index","follow":"follow","max-snippet":"max-snippet:-1","max-image-preview":"max-image-preview:large","max-video-preview":"max-video-preview:-1"},"canonical":"https:\/\/bri9ita.com\/lt\/produktas\/anxiety-relief-a-subconscious-journey\/","og_locale":"lt_LT","og_type":"article","og_title":"Anxiety Relief: a Subconscious Journey - bri9ita.com","og_description":"\u2018One does not become enlightened by imagining figures of light, but by making the darkness conscious.\u2019 C.G. Jung This is a group subconscious workshop which is focused on anxiousness, this journey takes around an hour. After booking you will receive a link to the upcoming Zoom session, please have your earphones or a good headset [&hellip;]","og_url":"https:\/\/bri9ita.com\/lt\/produktas\/anxiety-relief-a-subconscious-journey\/","og_site_name":"bri9ita.com","article_modified_time":"2025-11-15T09:30:19+00:00","og_image":[{"width":720,"height":720,"url":"https:\/\/bri9ita.com\/wp-content\/uploads\/2023\/12\/61EE1920-150F-4A02-ACC0-16F821EA9833.jpeg","type":"image\/jpeg"}],"twitter_card":"summary_large_image","twitter_misc":{"Est. reading time":"2 minut\u0117s"},"schema":{"@context":"https:\/\/schema.org","@graph":[{"@type":"WebPage","@id":"https:\/\/bri9ita.com\/product\/anxiety-relief-a-subconscious-journey\/","url":"https:\/\/bri9ita.com\/product\/anxiety-relief-a-subconscious-journey\/","name":"Anxiety Relief: a Subconscious Journey - bri9ita.com","isPartOf":{"@id":"https:\/\/bri9ita.com\/#website"},"primaryImageOfPage":{"@id":"https:\/\/bri9ita.com\/product\/anxiety-relief-a-subconscious-journey\/#primaryimage"},"image":{"@id":"https:\/\/bri9ita.com\/product\/anxiety-relief-a-subconscious-journey\/#primaryimage"},"thumbnailUrl":"https:\/\/bri9ita.com\/wp-content\/uploads\/2023\/12\/61EE1920-150F-4A02-ACC0-16F821EA9833.jpeg","datePublished":"2023-12-09T13:02:45+00:00","dateModified":"2025-11-15T09:30:19+00:00","breadcrumb":{"@id":"https:\/\/bri9ita.com\/product\/anxiety-relief-a-subconscious-journey\/#breadcrumb"},"inLanguage":"lt-LT","potentialAction":[{"@type":"ReadAction","target":["https:\/\/bri9ita.com\/product\/anxiety-relief-a-subconscious-journey\/"]}]},{"@type":"ImageObject","inLanguage":"lt-LT","@id":"https:\/\/bri9ita.com\/product\/anxiety-relief-a-subconscious-journey\/#primaryimage","url":"https:\/\/bri9ita.com\/wp-content\/uploads\/2023\/12\/61EE1920-150F-4A02-ACC0-16F821EA9833.jpeg","contentUrl":"https:\/\/bri9ita.com\/wp-content\/uploads\/2023\/12\/61EE1920-150F-4A02-ACC0-16F821EA9833.jpeg","width":720,"height":720},{"@type":"BreadcrumbList","@id":"https:\/\/bri9ita.com\/product\/anxiety-relief-a-subconscious-journey\/#breadcrumb","itemListElement":[{"@type":"ListItem","position":1,"name":"Home","item":"https:\/\/bri9ita.com\/"},{"@type":"ListItem","position":2,"name":"Shop","item":"https:\/\/bri9ita.com\/shop\/"},{"@type":"ListItem","position":3,"name":"Anxiety Relief: a Subconscious Journey"}]},{"@type":"WebSite","@id":"https:\/\/bri9ita.com\/#website","url":"https:\/\/bri9ita.com\/","name":"bri9ita.com","description":"","publisher":{"@id":"https:\/\/bri9ita.com\/#organization"},"potentialAction":[{"@type":"SearchAction","target":{"@type":"EntryPoint","urlTemplate":"https:\/\/bri9ita.com\/?s={search_term_string}"},"query-input":{"@type":"PropertyValueSpecification","valueRequired":true,"valueName":"search_term_string"}}],"inLanguage":"lt-LT"},{"@type":"Organization","@id":"https:\/\/bri9ita.com\/#organization","name":"bri9ita.com","url":"https:\/\/bri9ita.com\/","logo":{"@type":"ImageObject","inLanguage":"lt-LT","@id":"https:\/\/bri9ita.com\/#\/schema\/logo\/image\/","url":"https:\/\/bri9ita.com\/wp-content\/uploads\/2023\/03\/new_logo_for_web_2-removebg-preview.png","contentUrl":"https:\/\/bri9ita.com\/wp-content\/uploads\/2023\/03\/new_logo_for_web_2-removebg-preview.png","width":560,"height":135,"caption":"bri9ita.com"},"image":{"@id":"https:\/\/bri9ita.com\/#\/schema\/logo\/image\/"},"sameAs":["https:\/\/www.instagram.com\/_bri9ita_\/?igshid=YmMyMTA2M2Y","https:\/\/www.youtube.com\/@bri9ita599"]}]}},"_links":{"self":[{"href":"https:\/\/bri9ita.com\/lt\/wp-json\/wp\/v2\/product\/2544","targetHints":{"allow":["GET"]}}],"collection":[{"href":"https:\/\/bri9ita.com\/lt\/wp-json\/wp\/v2\/product"}],"about":[{"href":"https:\/\/bri9ita.com\/lt\/wp-json\/wp\/v2\/types\/product"}],"replies":[{"embeddable":true,"href":"https:\/\/bri9ita.com\/lt\/wp-json\/wp\/v2\/comments?post=2544"}],"wp:featuredmedia":[{"embeddable":true,"href":"https:\/\/bri9ita.com\/lt\/wp-json\/wp\/v2\/media\/2578"}],"wp:attachment":[{"href":"https:\/\/bri9ita.com\/lt\/wp-json\/wp\/v2\/media?parent=2544"}],"wp:term":[{"taxonomy":"product_brand","embeddable":true,"href":"https:\/\/bri9ita.com\/lt\/wp-json\/wp\/v2\/product_brand?post=2544"},{"taxonomy":"product_cat","embeddable":true,"href":"https:\/\/bri9ita.com\/lt\/wp-json\/wp\/v2\/product_cat?post=2544"},{"taxonomy":"product_tag","embeddable":true,"href":"https:\/\/bri9ita.com\/lt\/wp-json\/wp\/v2\/product_tag?post=2544"}],"curies":[{"name":"wp","href":"https:\/\/api.w.org\/{rel}","templated":true}]}}