{"id":2349,"date":"2023-03-28T18:10:29","date_gmt":"2023-03-28T18:10:29","guid":{"rendered":"https:\/\/9decor.net\/?post_type=product&#038;p=2349"},"modified":"2025-11-15T09:37:02","modified_gmt":"2025-11-15T09:37:02","slug":"tarot-consultation-online","status":"publish","type":"product","link":"https:\/\/bri9ita.com\/lt\/produktas\/tarot-consultation-online\/","title":{"rendered":"Vaizdo \u012fra\u0161as: Auk\u0161tesniojo A\u0161 patarimai"},"content":{"rendered":"<p>\u2018\u017dmogus tampa ap\u0161viestas ne \u012fsivaizduodamas \u0161viesos fig\u016bras, bet \u012fsis\u0105monindamas tams\u0105. C. G. Jungas<\/p>\n<p>This Intuitive Consultation takes around 20 minutes and is focused on messages from your Higher Self, I allow this reading to flow naturally and do not take questions so if you wanted to know what your Higher Self thinks you should focus on and hear the advice &#8211; this reading is for you. \u2666 Please provide some information you believe is important about you right now, example: currently married and looking to improve the relationship, looking for a job, looking for grounding, etc. \u2666 This reading comes in a video format, you will receive a private link to your reading to view it (the video is locked, therefore it is completely private unless you decide to share the link with someone else). If you are in a rush (I am not doing emergency readings) please send me a message before booking as I am usually pre-booked in advance, I will then be able to let you know the turnaround time before you book. I am currently not taking more than 3 clients a day as it helps me have the same amount of energy for all clients that day.<\/p>\n<p>\u2666 An Outline of This Reading \u2666<\/p>\n<p>\u2666 Your Overall Current Energy<\/p>\n<p>\u2666 What to focus on \/ improve<\/p>\n<p>\u2666 What to let go of \/ distractions<\/p>\n<p>\u2666 Patarimai<\/p>\n<p>Nekantriai laukiu, kada gal\u0117siu perskaityti j\u016bs\u0173 energij\u0105 ir suteikti ai\u0161kumo,<\/p>\n<p>Meil\u0117,<\/p>\n<p>Brigita<\/p>\n<p>\u2666 In accordance with the law, I must inform you that this intuitive consultation is for entertainment purposes only. The information provided is taken from your current energy, energies can shift at any time. All information given acts as guidance only and is subject to your own personal<\/p>","protected":false},"excerpt":{"rendered":"<p>This Intuitive Consultation takes around 20 minutes and is focused on messages from your Higher Self, I allow this reading to flow naturally and do not take questions so if you wanted to know what your Higher Self thinks you should focus on and hear the advice &#8211; this reading is for you.<\/p>","protected":false},"featured_media":3207,"comment_status":"open","ping_status":"closed","template":"","meta":[],"product_brand":[],"product_cat":[15],"product_tag":[111,110],"class_list":{"0":"post-2349","1":"product","2":"type-product","3":"status-publish","4":"has-post-thumbnail","6":"product_cat-personal-sessions","7":"product_tag-how-to-get-advice-from-your-higher-self","8":"product_tag-video-advice-from-your-higher-self","10":"first","11":"instock","12":"virtual","13":"purchasable","14":"product-type-simple"},"yoast_head":"<!-- This site is optimized with the Yoast SEO plugin v26.6 - https:\/\/yoast.com\/wordpress\/plugins\/seo\/ -->\n<title>Video: Advice from Your Higher Self - bri9ita.com<\/title>\n<meta name=\"description\" content=\"Get personal tarot consultations for love, career, and life decisions. Trusted online tarot readings with accurate insights to guide you on your path.\" \/>\n<meta name=\"robots\" content=\"index, follow, max-snippet:-1, max-image-preview:large, max-video-preview:-1\" \/>\n<link rel=\"canonical\" href=\"https:\/\/bri9ita.com\/lt\/produktas\/tarot-consultation-online\/\" \/>\n<meta property=\"og:locale\" content=\"lt_LT\" \/>\n<meta property=\"og:type\" content=\"article\" \/>\n<meta property=\"og:title\" content=\"Video: Advice from Your Higher Self - bri9ita.com\" \/>\n<meta property=\"og:description\" content=\"Get personal tarot consultations for love, career, and life decisions. Trusted online tarot readings with accurate insights to guide you on your path.\" \/>\n<meta property=\"og:url\" content=\"https:\/\/bri9ita.com\/lt\/produktas\/tarot-consultation-online\/\" \/>\n<meta property=\"og:site_name\" content=\"bri9ita.com\" \/>\n<meta property=\"article:modified_time\" content=\"2025-11-15T09:37:02+00:00\" \/>\n<meta property=\"og:image\" content=\"https:\/\/bri9ita.com\/wp-content\/uploads\/2023\/03\/higher-self.jpg\" \/>\n\t<meta property=\"og:image:width\" content=\"518\" \/>\n\t<meta property=\"og:image:height\" content=\"506\" \/>\n\t<meta property=\"og:image:type\" content=\"image\/jpeg\" \/>\n<meta name=\"twitter:card\" content=\"summary_large_image\" \/>\n<meta name=\"twitter:label1\" content=\"Est. reading time\" \/>\n\t<meta name=\"twitter:data1\" content=\"2 minut\u0117s\" \/>\n<script type=\"application\/ld+json\" class=\"yoast-schema-graph\">{\"@context\":\"https:\/\/schema.org\",\"@graph\":[{\"@type\":\"WebPage\",\"@id\":\"https:\/\/bri9ita.com\/product\/tarot-consultation-online\/\",\"url\":\"https:\/\/bri9ita.com\/product\/tarot-consultation-online\/\",\"name\":\"Video: Advice from Your Higher Self - bri9ita.com\",\"isPartOf\":{\"@id\":\"https:\/\/bri9ita.com\/#website\"},\"primaryImageOfPage\":{\"@id\":\"https:\/\/bri9ita.com\/product\/tarot-consultation-online\/#primaryimage\"},\"image\":{\"@id\":\"https:\/\/bri9ita.com\/product\/tarot-consultation-online\/#primaryimage\"},\"thumbnailUrl\":\"https:\/\/bri9ita.com\/wp-content\/uploads\/2023\/03\/higher-self.jpg\",\"datePublished\":\"2023-03-28T18:10:29+00:00\",\"dateModified\":\"2025-11-15T09:37:02+00:00\",\"description\":\"Get personal tarot consultations for love, career, and life decisions. Trusted online tarot readings with accurate insights to guide you on your path.\",\"breadcrumb\":{\"@id\":\"https:\/\/bri9ita.com\/product\/tarot-consultation-online\/#breadcrumb\"},\"inLanguage\":\"lt-LT\",\"potentialAction\":[{\"@type\":\"ReadAction\",\"target\":[\"https:\/\/bri9ita.com\/product\/tarot-consultation-online\/\"]}]},{\"@type\":\"ImageObject\",\"inLanguage\":\"lt-LT\",\"@id\":\"https:\/\/bri9ita.com\/product\/tarot-consultation-online\/#primaryimage\",\"url\":\"https:\/\/bri9ita.com\/wp-content\/uploads\/2023\/03\/higher-self.jpg\",\"contentUrl\":\"https:\/\/bri9ita.com\/wp-content\/uploads\/2023\/03\/higher-self.jpg\",\"width\":518,\"height\":506},{\"@type\":\"BreadcrumbList\",\"@id\":\"https:\/\/bri9ita.com\/product\/tarot-consultation-online\/#breadcrumb\",\"itemListElement\":[{\"@type\":\"ListItem\",\"position\":1,\"name\":\"Home\",\"item\":\"https:\/\/bri9ita.com\/\"},{\"@type\":\"ListItem\",\"position\":2,\"name\":\"Shop\",\"item\":\"https:\/\/bri9ita.com\/shop\/\"},{\"@type\":\"ListItem\",\"position\":3,\"name\":\"Video: Advice from Your Higher Self\"}]},{\"@type\":\"WebSite\",\"@id\":\"https:\/\/bri9ita.com\/#website\",\"url\":\"https:\/\/bri9ita.com\/\",\"name\":\"bri9ita.com\",\"description\":\"\",\"publisher\":{\"@id\":\"https:\/\/bri9ita.com\/#organization\"},\"potentialAction\":[{\"@type\":\"SearchAction\",\"target\":{\"@type\":\"EntryPoint\",\"urlTemplate\":\"https:\/\/bri9ita.com\/?s={search_term_string}\"},\"query-input\":{\"@type\":\"PropertyValueSpecification\",\"valueRequired\":true,\"valueName\":\"search_term_string\"}}],\"inLanguage\":\"lt-LT\"},{\"@type\":\"Organization\",\"@id\":\"https:\/\/bri9ita.com\/#organization\",\"name\":\"bri9ita.com\",\"url\":\"https:\/\/bri9ita.com\/\",\"logo\":{\"@type\":\"ImageObject\",\"inLanguage\":\"lt-LT\",\"@id\":\"https:\/\/bri9ita.com\/#\/schema\/logo\/image\/\",\"url\":\"https:\/\/bri9ita.com\/wp-content\/uploads\/2023\/03\/new_logo_for_web_2-removebg-preview.png\",\"contentUrl\":\"https:\/\/bri9ita.com\/wp-content\/uploads\/2023\/03\/new_logo_for_web_2-removebg-preview.png\",\"width\":560,\"height\":135,\"caption\":\"bri9ita.com\"},\"image\":{\"@id\":\"https:\/\/bri9ita.com\/#\/schema\/logo\/image\/\"},\"sameAs\":[\"https:\/\/www.instagram.com\/_bri9ita_\/?igshid=YmMyMTA2M2Y\",\"https:\/\/www.youtube.com\/@bri9ita599\"]}]}<\/script>\n<!-- \/ Yoast SEO plugin. -->","yoast_head_json":{"title":"Video: Advice from Your Higher Self - bri9ita.com","description":"Get personal tarot consultations for love, career, and life decisions. Trusted online tarot readings with accurate insights to guide you on your path.","robots":{"index":"index","follow":"follow","max-snippet":"max-snippet:-1","max-image-preview":"max-image-preview:large","max-video-preview":"max-video-preview:-1"},"canonical":"https:\/\/bri9ita.com\/lt\/produktas\/tarot-consultation-online\/","og_locale":"lt_LT","og_type":"article","og_title":"Video: Advice from Your Higher Self - bri9ita.com","og_description":"Get personal tarot consultations for love, career, and life decisions. Trusted online tarot readings with accurate insights to guide you on your path.","og_url":"https:\/\/bri9ita.com\/lt\/produktas\/tarot-consultation-online\/","og_site_name":"bri9ita.com","article_modified_time":"2025-11-15T09:37:02+00:00","og_image":[{"width":518,"height":506,"url":"https:\/\/bri9ita.com\/wp-content\/uploads\/2023\/03\/higher-self.jpg","type":"image\/jpeg"}],"twitter_card":"summary_large_image","twitter_misc":{"Est. reading time":"2 minut\u0117s"},"schema":{"@context":"https:\/\/schema.org","@graph":[{"@type":"WebPage","@id":"https:\/\/bri9ita.com\/product\/tarot-consultation-online\/","url":"https:\/\/bri9ita.com\/product\/tarot-consultation-online\/","name":"Video: Advice from Your Higher Self - bri9ita.com","isPartOf":{"@id":"https:\/\/bri9ita.com\/#website"},"primaryImageOfPage":{"@id":"https:\/\/bri9ita.com\/product\/tarot-consultation-online\/#primaryimage"},"image":{"@id":"https:\/\/bri9ita.com\/product\/tarot-consultation-online\/#primaryimage"},"thumbnailUrl":"https:\/\/bri9ita.com\/wp-content\/uploads\/2023\/03\/higher-self.jpg","datePublished":"2023-03-28T18:10:29+00:00","dateModified":"2025-11-15T09:37:02+00:00","description":"Get personal tarot consultations for love, career, and life decisions. Trusted online tarot readings with accurate insights to guide you on your path.","breadcrumb":{"@id":"https:\/\/bri9ita.com\/product\/tarot-consultation-online\/#breadcrumb"},"inLanguage":"lt-LT","potentialAction":[{"@type":"ReadAction","target":["https:\/\/bri9ita.com\/product\/tarot-consultation-online\/"]}]},{"@type":"ImageObject","inLanguage":"lt-LT","@id":"https:\/\/bri9ita.com\/product\/tarot-consultation-online\/#primaryimage","url":"https:\/\/bri9ita.com\/wp-content\/uploads\/2023\/03\/higher-self.jpg","contentUrl":"https:\/\/bri9ita.com\/wp-content\/uploads\/2023\/03\/higher-self.jpg","width":518,"height":506},{"@type":"BreadcrumbList","@id":"https:\/\/bri9ita.com\/product\/tarot-consultation-online\/#breadcrumb","itemListElement":[{"@type":"ListItem","position":1,"name":"Home","item":"https:\/\/bri9ita.com\/"},{"@type":"ListItem","position":2,"name":"Shop","item":"https:\/\/bri9ita.com\/shop\/"},{"@type":"ListItem","position":3,"name":"Video: Advice from Your Higher Self"}]},{"@type":"WebSite","@id":"https:\/\/bri9ita.com\/#website","url":"https:\/\/bri9ita.com\/","name":"bri9ita.com","description":"","publisher":{"@id":"https:\/\/bri9ita.com\/#organization"},"potentialAction":[{"@type":"SearchAction","target":{"@type":"EntryPoint","urlTemplate":"https:\/\/bri9ita.com\/?s={search_term_string}"},"query-input":{"@type":"PropertyValueSpecification","valueRequired":true,"valueName":"search_term_string"}}],"inLanguage":"lt-LT"},{"@type":"Organization","@id":"https:\/\/bri9ita.com\/#organization","name":"bri9ita.com","url":"https:\/\/bri9ita.com\/","logo":{"@type":"ImageObject","inLanguage":"lt-LT","@id":"https:\/\/bri9ita.com\/#\/schema\/logo\/image\/","url":"https:\/\/bri9ita.com\/wp-content\/uploads\/2023\/03\/new_logo_for_web_2-removebg-preview.png","contentUrl":"https:\/\/bri9ita.com\/wp-content\/uploads\/2023\/03\/new_logo_for_web_2-removebg-preview.png","width":560,"height":135,"caption":"bri9ita.com"},"image":{"@id":"https:\/\/bri9ita.com\/#\/schema\/logo\/image\/"},"sameAs":["https:\/\/www.instagram.com\/_bri9ita_\/?igshid=YmMyMTA2M2Y","https:\/\/www.youtube.com\/@bri9ita599"]}]}},"_links":{"self":[{"href":"https:\/\/bri9ita.com\/lt\/wp-json\/wp\/v2\/product\/2349","targetHints":{"allow":["GET"]}}],"collection":[{"href":"https:\/\/bri9ita.com\/lt\/wp-json\/wp\/v2\/product"}],"about":[{"href":"https:\/\/bri9ita.com\/lt\/wp-json\/wp\/v2\/types\/product"}],"replies":[{"embeddable":true,"href":"https:\/\/bri9ita.com\/lt\/wp-json\/wp\/v2\/comments?post=2349"}],"wp:featuredmedia":[{"embeddable":true,"href":"https:\/\/bri9ita.com\/lt\/wp-json\/wp\/v2\/media\/3207"}],"wp:attachment":[{"href":"https:\/\/bri9ita.com\/lt\/wp-json\/wp\/v2\/media?parent=2349"}],"wp:term":[{"taxonomy":"product_brand","embeddable":true,"href":"https:\/\/bri9ita.com\/lt\/wp-json\/wp\/v2\/product_brand?post=2349"},{"taxonomy":"product_cat","embeddable":true,"href":"https:\/\/bri9ita.com\/lt\/wp-json\/wp\/v2\/product_cat?post=2349"},{"taxonomy":"product_tag","embeddable":true,"href":"https:\/\/bri9ita.com\/lt\/wp-json\/wp\/v2\/product_tag?post=2349"}],"curies":[{"name":"wp","href":"https:\/\/api.w.org\/{rel}","templated":true}]}}