{"id":2347,"date":"2023-03-28T18:04:23","date_gmt":"2023-03-28T18:04:23","guid":{"rendered":"https:\/\/9decor.net\/?post_type=product&#038;p=2347"},"modified":"2025-11-15T09:37:27","modified_gmt":"2025-11-15T09:37:27","slug":"remote-healing-session-for-physical-problems-performed-by-my-mom","status":"publish","type":"product","link":"https:\/\/bri9ita.com\/lt\/produktas\/remote-healing-session-for-physical-problems-performed-by-my-mom\/","title":{"rendered":"Nuotolinio gydymo seansas d\u0117l fizini\u0173 problem\u0173 | Atliko mano mama"},"content":{"rendered":"<p>Healings are performed by my Mom &#8211; Ronalda:<\/p>\n<p>Thank you for stopping by. I am an energy healer and a professional masseuse, you can find my experience down below and feel free to ask me for testimonials. English is not my strength, I speak Lithuanian and Russian so if you do too &#8211; let me know. (I use the translator to communicate with English speaking clients so apologies for any inconvenience in advance).<\/p>\n<p>\u26ab\ufe0f Outline of Your Session \u26ab\ufe0f<br \/>\nFirst, we will decide on a time and date that works for both of us (I will also check the time zone differences)<br \/>\nOnce the date and time have been decided &#8211; sit back or lie down for 30 minutes in a relaxed position, I will be performing the healing session throughout that time. You may feel tingling or warmth, calmness, cold, or a presence of a touch in certain parts of your body &#8211; this is part of the energy healing and is perfectly normal, I will feel or see you intuitively, even if you are in another part of the world. Some people feel the energy more than others and the intensity of sensations will vary from person to person. Some feel it intensely, others not so much, but it does not mean that the healing does not work. Before booking the session be ready to be open for healing, 2-3 days after the session I will send you a PDF with insights on your energy field, the chakras I worked with, and advice. I am able to heal you energetically, but we will have to meet halfway \ud83d\ude42 It is important that you also start working on yourself or improving your routine after or in-between the sessions for the best result. <\/p>\n<p>When Booking Your Session Please PROVIDE:<\/p>\n<p>A Description of Your Emotional State:<br \/>\n\u26ab\ufe0f Are you Anxious? Low in energy? Pressure\/heat in the chest area, etc?<br \/>\n\u26ab\ufe0f If you are aware of what caused it &#8211; please let me know.<\/p>\n<p>Experience:<br \/>\n\u26ab\ufe0f Therapeutic Massage Diploma together with practice in Rehabilitation Clinic [included classes of Internal Illnesses, Anatomy, Classic massage, Sports massage, Cranial Massage]<br \/>\n\u26ab\ufe0fWorked with patients who had: Post Stroke \/ Paralysis \/ Nervous System Diseases. Patients who suffered from Broken Bones \/ Muscles Damage<br \/>\n\u26ab\ufe0f Holistic Medicine Certificate<br \/>\n\u26ab\ufe0f Cranial Massage Certificate<br \/>\n\u26ab\ufe0f Classic Massage Certificate<br \/>\n\u26ab\ufe0f Functional Medicine and Kinesiotherapy Certificate<br \/>\n\u26ab\ufe0f Usui Shiki Ryoho Reiki Certificate<\/p>\n<p>***Given insights and advice during your treatment session is purely my observation and it should not be used as a replacement of professional care. Please consult your doctor at all times. Before purchasing the healing session you agree that you have read this. I provide general insight and information that can help you achieve your physical, emotional and spiritual well-being.***<\/p>","protected":false},"excerpt":{"rendered":"<p>Healings are performed by my Mom &#8211; Ronalda:<\/p>\n<p>Thank you for stopping by. I am an energy healer and a professional masseuse, you can find my experience down below and feel free to ask me for testimonials. English is not my strength, I speak Lithuanian and Russian so if you do too &#8211; let me know. (I use the translator to communicate with English speaking clients so apologies for any inconvenience in advance).<\/p>","protected":false},"featured_media":2348,"comment_status":"open","ping_status":"closed","template":"","meta":[],"product_brand":[],"product_cat":[15],"product_tag":[109,108,107],"class_list":{"0":"post-2347","1":"product","2":"type-product","3":"status-publish","4":"has-post-thumbnail","6":"product_cat-personal-sessions","7":"product_tag-how-to-heal-physical-problems-using-your-energy","8":"product_tag-physical-problems-healing-online","9":"product_tag-physical-problems-healing-session","11":"first","12":"instock","13":"virtual","14":"purchasable","15":"product-type-simple"},"yoast_head":"<!-- This site is optimized with the Yoast SEO plugin v26.6 - https:\/\/yoast.com\/wordpress\/plugins\/seo\/ -->\n<title>Remote Healing Session for PHYSICAL Problems | Performed by my Mom - bri9ita.com<\/title>\n<meta name=\"robots\" content=\"index, follow, max-snippet:-1, max-image-preview:large, max-video-preview:-1\" \/>\n<link rel=\"canonical\" href=\"https:\/\/bri9ita.com\/lt\/produktas\/remote-healing-session-for-physical-problems-performed-by-my-mom\/\" \/>\n<meta property=\"og:locale\" content=\"lt_LT\" \/>\n<meta property=\"og:type\" content=\"article\" \/>\n<meta property=\"og:title\" content=\"Remote Healing Session for PHYSICAL Problems | Performed by my Mom - bri9ita.com\" \/>\n<meta property=\"og:description\" content=\"Healings are performed by my Mom - Ronalda:  Thank you for stopping by. I am an energy healer and a professional masseuse, you can find my experience down below and feel free to ask me for testimonials. English is not my strength, I speak Lithuanian and Russian so if you do too - let me know. (I use the translator to communicate with English speaking clients so apologies for any inconvenience in advance).\" \/>\n<meta property=\"og:url\" content=\"https:\/\/bri9ita.com\/lt\/produktas\/remote-healing-session-for-physical-problems-performed-by-my-mom\/\" \/>\n<meta property=\"og:site_name\" content=\"bri9ita.com\" \/>\n<meta property=\"article:modified_time\" content=\"2025-11-15T09:37:27+00:00\" \/>\n<meta property=\"og:image\" content=\"https:\/\/bri9ita.com\/wp-content\/uploads\/2023\/03\/thumbnail_Image-3.jpg\" \/>\n\t<meta property=\"og:image:width\" content=\"1125\" \/>\n\t<meta property=\"og:image:height\" content=\"1125\" \/>\n\t<meta property=\"og:image:type\" content=\"image\/jpeg\" \/>\n<meta name=\"twitter:card\" content=\"summary_large_image\" \/>\n<meta name=\"twitter:label1\" content=\"Est. reading time\" \/>\n\t<meta name=\"twitter:data1\" content=\"2 minut\u0117s\" \/>\n<script type=\"application\/ld+json\" class=\"yoast-schema-graph\">{\"@context\":\"https:\/\/schema.org\",\"@graph\":[{\"@type\":\"WebPage\",\"@id\":\"https:\/\/bri9ita.com\/product\/remote-healing-session-for-physical-problems-performed-by-my-mom\/\",\"url\":\"https:\/\/bri9ita.com\/product\/remote-healing-session-for-physical-problems-performed-by-my-mom\/\",\"name\":\"Remote Healing Session for PHYSICAL Problems | Performed by my Mom - bri9ita.com\",\"isPartOf\":{\"@id\":\"https:\/\/bri9ita.com\/#website\"},\"primaryImageOfPage\":{\"@id\":\"https:\/\/bri9ita.com\/product\/remote-healing-session-for-physical-problems-performed-by-my-mom\/#primaryimage\"},\"image\":{\"@id\":\"https:\/\/bri9ita.com\/product\/remote-healing-session-for-physical-problems-performed-by-my-mom\/#primaryimage\"},\"thumbnailUrl\":\"https:\/\/bri9ita.com\/wp-content\/uploads\/2023\/03\/thumbnail_Image-3.jpg\",\"datePublished\":\"2023-03-28T18:04:23+00:00\",\"dateModified\":\"2025-11-15T09:37:27+00:00\",\"breadcrumb\":{\"@id\":\"https:\/\/bri9ita.com\/product\/remote-healing-session-for-physical-problems-performed-by-my-mom\/#breadcrumb\"},\"inLanguage\":\"lt-LT\",\"potentialAction\":[{\"@type\":\"ReadAction\",\"target\":[\"https:\/\/bri9ita.com\/product\/remote-healing-session-for-physical-problems-performed-by-my-mom\/\"]}]},{\"@type\":\"ImageObject\",\"inLanguage\":\"lt-LT\",\"@id\":\"https:\/\/bri9ita.com\/product\/remote-healing-session-for-physical-problems-performed-by-my-mom\/#primaryimage\",\"url\":\"https:\/\/bri9ita.com\/wp-content\/uploads\/2023\/03\/thumbnail_Image-3.jpg\",\"contentUrl\":\"https:\/\/bri9ita.com\/wp-content\/uploads\/2023\/03\/thumbnail_Image-3.jpg\",\"width\":1125,\"height\":1125,\"caption\":\"physical problems healing session\"},{\"@type\":\"BreadcrumbList\",\"@id\":\"https:\/\/bri9ita.com\/product\/remote-healing-session-for-physical-problems-performed-by-my-mom\/#breadcrumb\",\"itemListElement\":[{\"@type\":\"ListItem\",\"position\":1,\"name\":\"Home\",\"item\":\"https:\/\/bri9ita.com\/\"},{\"@type\":\"ListItem\",\"position\":2,\"name\":\"Shop\",\"item\":\"https:\/\/bri9ita.com\/shop\/\"},{\"@type\":\"ListItem\",\"position\":3,\"name\":\"Remote Healing Session for PHYSICAL Problems | Performed by my Mom\"}]},{\"@type\":\"WebSite\",\"@id\":\"https:\/\/bri9ita.com\/#website\",\"url\":\"https:\/\/bri9ita.com\/\",\"name\":\"bri9ita.com\",\"description\":\"\",\"publisher\":{\"@id\":\"https:\/\/bri9ita.com\/#organization\"},\"potentialAction\":[{\"@type\":\"SearchAction\",\"target\":{\"@type\":\"EntryPoint\",\"urlTemplate\":\"https:\/\/bri9ita.com\/?s={search_term_string}\"},\"query-input\":{\"@type\":\"PropertyValueSpecification\",\"valueRequired\":true,\"valueName\":\"search_term_string\"}}],\"inLanguage\":\"lt-LT\"},{\"@type\":\"Organization\",\"@id\":\"https:\/\/bri9ita.com\/#organization\",\"name\":\"bri9ita.com\",\"url\":\"https:\/\/bri9ita.com\/\",\"logo\":{\"@type\":\"ImageObject\",\"inLanguage\":\"lt-LT\",\"@id\":\"https:\/\/bri9ita.com\/#\/schema\/logo\/image\/\",\"url\":\"https:\/\/bri9ita.com\/wp-content\/uploads\/2023\/03\/new_logo_for_web_2-removebg-preview.png\",\"contentUrl\":\"https:\/\/bri9ita.com\/wp-content\/uploads\/2023\/03\/new_logo_for_web_2-removebg-preview.png\",\"width\":560,\"height\":135,\"caption\":\"bri9ita.com\"},\"image\":{\"@id\":\"https:\/\/bri9ita.com\/#\/schema\/logo\/image\/\"},\"sameAs\":[\"https:\/\/www.instagram.com\/_bri9ita_\/?igshid=YmMyMTA2M2Y\",\"https:\/\/www.youtube.com\/@bri9ita599\"]}]}<\/script>\n<!-- \/ Yoast SEO plugin. -->","yoast_head_json":{"title":"Remote Healing Session for PHYSICAL Problems | Performed by my Mom - bri9ita.com","robots":{"index":"index","follow":"follow","max-snippet":"max-snippet:-1","max-image-preview":"max-image-preview:large","max-video-preview":"max-video-preview:-1"},"canonical":"https:\/\/bri9ita.com\/lt\/produktas\/remote-healing-session-for-physical-problems-performed-by-my-mom\/","og_locale":"lt_LT","og_type":"article","og_title":"Remote Healing Session for PHYSICAL Problems | Performed by my Mom - bri9ita.com","og_description":"Healings are performed by my Mom - Ronalda:  Thank you for stopping by. I am an energy healer and a professional masseuse, you can find my experience down below and feel free to ask me for testimonials. English is not my strength, I speak Lithuanian and Russian so if you do too - let me know. (I use the translator to communicate with English speaking clients so apologies for any inconvenience in advance).","og_url":"https:\/\/bri9ita.com\/lt\/produktas\/remote-healing-session-for-physical-problems-performed-by-my-mom\/","og_site_name":"bri9ita.com","article_modified_time":"2025-11-15T09:37:27+00:00","og_image":[{"width":1125,"height":1125,"url":"https:\/\/bri9ita.com\/wp-content\/uploads\/2023\/03\/thumbnail_Image-3.jpg","type":"image\/jpeg"}],"twitter_card":"summary_large_image","twitter_misc":{"Est. reading time":"2 minut\u0117s"},"schema":{"@context":"https:\/\/schema.org","@graph":[{"@type":"WebPage","@id":"https:\/\/bri9ita.com\/product\/remote-healing-session-for-physical-problems-performed-by-my-mom\/","url":"https:\/\/bri9ita.com\/product\/remote-healing-session-for-physical-problems-performed-by-my-mom\/","name":"Remote Healing Session for PHYSICAL Problems | Performed by my Mom - bri9ita.com","isPartOf":{"@id":"https:\/\/bri9ita.com\/#website"},"primaryImageOfPage":{"@id":"https:\/\/bri9ita.com\/product\/remote-healing-session-for-physical-problems-performed-by-my-mom\/#primaryimage"},"image":{"@id":"https:\/\/bri9ita.com\/product\/remote-healing-session-for-physical-problems-performed-by-my-mom\/#primaryimage"},"thumbnailUrl":"https:\/\/bri9ita.com\/wp-content\/uploads\/2023\/03\/thumbnail_Image-3.jpg","datePublished":"2023-03-28T18:04:23+00:00","dateModified":"2025-11-15T09:37:27+00:00","breadcrumb":{"@id":"https:\/\/bri9ita.com\/product\/remote-healing-session-for-physical-problems-performed-by-my-mom\/#breadcrumb"},"inLanguage":"lt-LT","potentialAction":[{"@type":"ReadAction","target":["https:\/\/bri9ita.com\/product\/remote-healing-session-for-physical-problems-performed-by-my-mom\/"]}]},{"@type":"ImageObject","inLanguage":"lt-LT","@id":"https:\/\/bri9ita.com\/product\/remote-healing-session-for-physical-problems-performed-by-my-mom\/#primaryimage","url":"https:\/\/bri9ita.com\/wp-content\/uploads\/2023\/03\/thumbnail_Image-3.jpg","contentUrl":"https:\/\/bri9ita.com\/wp-content\/uploads\/2023\/03\/thumbnail_Image-3.jpg","width":1125,"height":1125,"caption":"physical problems healing session"},{"@type":"BreadcrumbList","@id":"https:\/\/bri9ita.com\/product\/remote-healing-session-for-physical-problems-performed-by-my-mom\/#breadcrumb","itemListElement":[{"@type":"ListItem","position":1,"name":"Home","item":"https:\/\/bri9ita.com\/"},{"@type":"ListItem","position":2,"name":"Shop","item":"https:\/\/bri9ita.com\/shop\/"},{"@type":"ListItem","position":3,"name":"Remote Healing Session for PHYSICAL Problems | Performed by my Mom"}]},{"@type":"WebSite","@id":"https:\/\/bri9ita.com\/#website","url":"https:\/\/bri9ita.com\/","name":"bri9ita.com","description":"","publisher":{"@id":"https:\/\/bri9ita.com\/#organization"},"potentialAction":[{"@type":"SearchAction","target":{"@type":"EntryPoint","urlTemplate":"https:\/\/bri9ita.com\/?s={search_term_string}"},"query-input":{"@type":"PropertyValueSpecification","valueRequired":true,"valueName":"search_term_string"}}],"inLanguage":"lt-LT"},{"@type":"Organization","@id":"https:\/\/bri9ita.com\/#organization","name":"bri9ita.com","url":"https:\/\/bri9ita.com\/","logo":{"@type":"ImageObject","inLanguage":"lt-LT","@id":"https:\/\/bri9ita.com\/#\/schema\/logo\/image\/","url":"https:\/\/bri9ita.com\/wp-content\/uploads\/2023\/03\/new_logo_for_web_2-removebg-preview.png","contentUrl":"https:\/\/bri9ita.com\/wp-content\/uploads\/2023\/03\/new_logo_for_web_2-removebg-preview.png","width":560,"height":135,"caption":"bri9ita.com"},"image":{"@id":"https:\/\/bri9ita.com\/#\/schema\/logo\/image\/"},"sameAs":["https:\/\/www.instagram.com\/_bri9ita_\/?igshid=YmMyMTA2M2Y","https:\/\/www.youtube.com\/@bri9ita599"]}]}},"_links":{"self":[{"href":"https:\/\/bri9ita.com\/lt\/wp-json\/wp\/v2\/product\/2347","targetHints":{"allow":["GET"]}}],"collection":[{"href":"https:\/\/bri9ita.com\/lt\/wp-json\/wp\/v2\/product"}],"about":[{"href":"https:\/\/bri9ita.com\/lt\/wp-json\/wp\/v2\/types\/product"}],"replies":[{"embeddable":true,"href":"https:\/\/bri9ita.com\/lt\/wp-json\/wp\/v2\/comments?post=2347"}],"wp:featuredmedia":[{"embeddable":true,"href":"https:\/\/bri9ita.com\/lt\/wp-json\/wp\/v2\/media\/2348"}],"wp:attachment":[{"href":"https:\/\/bri9ita.com\/lt\/wp-json\/wp\/v2\/media?parent=2347"}],"wp:term":[{"taxonomy":"product_brand","embeddable":true,"href":"https:\/\/bri9ita.com\/lt\/wp-json\/wp\/v2\/product_brand?post=2347"},{"taxonomy":"product_cat","embeddable":true,"href":"https:\/\/bri9ita.com\/lt\/wp-json\/wp\/v2\/product_cat?post=2347"},{"taxonomy":"product_tag","embeddable":true,"href":"https:\/\/bri9ita.com\/lt\/wp-json\/wp\/v2\/product_tag?post=2347"}],"curies":[{"name":"wp","href":"https:\/\/api.w.org\/{rel}","templated":true}]}}