{"id":2345,"date":"2023-03-28T17:56:18","date_gmt":"2023-03-28T17:56:18","guid":{"rendered":"https:\/\/9decor.net\/?post_type=product&#038;p=2345"},"modified":"2025-11-15T09:37:43","modified_gmt":"2025-11-15T09:37:43","slug":"tarot-consultation-online-3","status":"publish","type":"product","link":"https:\/\/bri9ita.com\/lt\/produktas\/tarot-consultation-online-3\/","title":{"rendered":"Vaizdo \u012fra\u0161as arba \"Zoom\": 3 temos, 8 klausimai, intuityvi konsultacija"},"content":{"rendered":"<p>intuitive consultation<\/p>\n<p>held over zoom or pre-recorded<\/p>\n<p>This Intuitive Consultation takes around 50 minutes and is focused on 3 Topics. This reading can be pre-recorded or held over Zoom if so &#8211; please send me your questions prior to our Zoom call (I meditate and pull cards before talking to you). If you are in a rush please send me a message before booking as I am usually pre-booked in advance, I will then be able to provide you with the turnaround time before you book. I am currently not taking more than 3 clients a day as it helps me have the same amount of energy for all clients that day.<\/p>\n<p>Your Personal Reading<\/p>\n<p>Please type your questions upon making a payment in the Confirm Your Order section, when sending me your questions please remember &#8211; the more specific the question, the more specific the answer ( it depends on what you are looking for &#8211; a clear answer or general reading\/advice). If you are asking about a person or they are somehow involved &#8211; please send me their full name. You can also send me a brief description of your current situation, but it is not a must. I would like you to feel empowered by your reading, rather than restricted.<\/p>\n<p>Example of a restrictive question:<\/p>\n<p>\u2018Which date\/year will I be happy?\u2019<\/p>\n<p>Example of a power question: \u2018What can I do to lead a happier life?<\/p>\n<p>Nekantriai laukiu, kada gal\u0117siu perskaityti j\u016bs\u0173 energij\u0105 ir suteikti ai\u0161kumo,<\/p>\n<p>Meil\u0117,<\/p>\n<p>Brigita<\/p>\n<p>\u2018\u017dmogus tampa ap\u0161viestas ne \u012fsivaizduodamas \u0161viesos fig\u016bras, bet \u012fsis\u0105monindamas tams\u0105. C. G. Jungas<\/p>\n<p>In accordance with the law, I must inform you that this intuitive consultation is for entertainment purposes only. The information provided is taken from your current energy, energies can shift at any time. All information given acts as guidance only and is subject to your own personal interpretation. Any decisions and\/or choices you make based on this guidance remain your sole personal and legal responsibility. If you require specific legal, financial, medical or other advice, you should seek a suitable licensed professional. By scheduling and\/or paying for any service offered by Brigita Butkute you agree that you have read this disclaimer and are over 18 years of age.<\/p>","protected":false},"excerpt":{"rendered":"<p>This Intuitive Consultation takes around 50 minutes and is focused on 3 Topics. This reading can be pre-recorded or held over Zoom if so &#8211; please send me your questions prior to our Zoom call (I meditate and pull cards before talking to you).<\/p>","protected":false},"featured_media":3209,"comment_status":"open","ping_status":"closed","template":"","meta":[],"product_brand":[],"product_cat":[15],"product_tag":[106],"class_list":{"0":"post-2345","1":"product","2":"type-product","3":"status-publish","4":"has-post-thumbnail","6":"product_cat-personal-sessions","7":"product_tag-video-or-zoom-intuitive-consultation","9":"first","10":"instock","11":"virtual","12":"purchasable","13":"product-type-simple"},"yoast_head":"<!-- This site is optimized with the Yoast SEO plugin v26.6 - https:\/\/yoast.com\/wordpress\/plugins\/seo\/ -->\n<title>Video or Zoom: 3 Topics 8 Questions Intuitive Consultation - bri9ita.com<\/title>\n<meta name=\"description\" content=\"Get personal tarot consultations for love, career, and life decisions. Trusted online tarot readings with accurate insights to guide you on your path.\" \/>\n<meta name=\"robots\" content=\"index, follow, max-snippet:-1, max-image-preview:large, max-video-preview:-1\" \/>\n<link rel=\"canonical\" href=\"https:\/\/bri9ita.com\/lt\/produktas\/tarot-consultation-online-3\/\" \/>\n<meta property=\"og:locale\" content=\"lt_LT\" \/>\n<meta property=\"og:type\" content=\"article\" \/>\n<meta property=\"og:title\" content=\"Video or Zoom: 3 Topics 8 Questions Intuitive Consultation - bri9ita.com\" \/>\n<meta property=\"og:description\" content=\"Get personal tarot consultations for love, career, and life decisions. Trusted online tarot readings with accurate insights to guide you on your path.\" \/>\n<meta property=\"og:url\" content=\"https:\/\/bri9ita.com\/lt\/produktas\/tarot-consultation-online-3\/\" \/>\n<meta property=\"og:site_name\" content=\"bri9ita.com\" \/>\n<meta property=\"article:modified_time\" content=\"2025-11-15T09:37:43+00:00\" \/>\n<meta property=\"og:image\" content=\"https:\/\/bri9ita.com\/wp-content\/uploads\/2023\/03\/3-t-8-q.jpg\" \/>\n\t<meta property=\"og:image:width\" content=\"518\" \/>\n\t<meta property=\"og:image:height\" content=\"506\" \/>\n\t<meta property=\"og:image:type\" content=\"image\/jpeg\" \/>\n<meta name=\"twitter:card\" content=\"summary_large_image\" \/>\n<meta name=\"twitter:label1\" content=\"Est. reading time\" \/>\n\t<meta name=\"twitter:data1\" content=\"2 minut\u0117s\" \/>\n<script type=\"application\/ld+json\" class=\"yoast-schema-graph\">{\"@context\":\"https:\/\/schema.org\",\"@graph\":[{\"@type\":\"WebPage\",\"@id\":\"https:\/\/bri9ita.com\/product\/tarot-consultation-online-3\/\",\"url\":\"https:\/\/bri9ita.com\/product\/tarot-consultation-online-3\/\",\"name\":\"Video or Zoom: 3 Topics 8 Questions Intuitive Consultation - bri9ita.com\",\"isPartOf\":{\"@id\":\"https:\/\/bri9ita.com\/#website\"},\"primaryImageOfPage\":{\"@id\":\"https:\/\/bri9ita.com\/product\/tarot-consultation-online-3\/#primaryimage\"},\"image\":{\"@id\":\"https:\/\/bri9ita.com\/product\/tarot-consultation-online-3\/#primaryimage\"},\"thumbnailUrl\":\"https:\/\/bri9ita.com\/wp-content\/uploads\/2023\/03\/3-t-8-q.jpg\",\"datePublished\":\"2023-03-28T17:56:18+00:00\",\"dateModified\":\"2025-11-15T09:37:43+00:00\",\"description\":\"Get personal tarot consultations for love, career, and life decisions. Trusted online tarot readings with accurate insights to guide you on your path.\",\"breadcrumb\":{\"@id\":\"https:\/\/bri9ita.com\/product\/tarot-consultation-online-3\/#breadcrumb\"},\"inLanguage\":\"lt-LT\",\"potentialAction\":[{\"@type\":\"ReadAction\",\"target\":[\"https:\/\/bri9ita.com\/product\/tarot-consultation-online-3\/\"]}]},{\"@type\":\"ImageObject\",\"inLanguage\":\"lt-LT\",\"@id\":\"https:\/\/bri9ita.com\/product\/tarot-consultation-online-3\/#primaryimage\",\"url\":\"https:\/\/bri9ita.com\/wp-content\/uploads\/2023\/03\/3-t-8-q.jpg\",\"contentUrl\":\"https:\/\/bri9ita.com\/wp-content\/uploads\/2023\/03\/3-t-8-q.jpg\",\"width\":518,\"height\":506},{\"@type\":\"BreadcrumbList\",\"@id\":\"https:\/\/bri9ita.com\/product\/tarot-consultation-online-3\/#breadcrumb\",\"itemListElement\":[{\"@type\":\"ListItem\",\"position\":1,\"name\":\"Home\",\"item\":\"https:\/\/bri9ita.com\/\"},{\"@type\":\"ListItem\",\"position\":2,\"name\":\"Shop\",\"item\":\"https:\/\/bri9ita.com\/shop\/\"},{\"@type\":\"ListItem\",\"position\":3,\"name\":\"Video or Zoom: 3 Topics 8 Questions Intuitive Consultation\"}]},{\"@type\":\"WebSite\",\"@id\":\"https:\/\/bri9ita.com\/#website\",\"url\":\"https:\/\/bri9ita.com\/\",\"name\":\"bri9ita.com\",\"description\":\"\",\"publisher\":{\"@id\":\"https:\/\/bri9ita.com\/#organization\"},\"potentialAction\":[{\"@type\":\"SearchAction\",\"target\":{\"@type\":\"EntryPoint\",\"urlTemplate\":\"https:\/\/bri9ita.com\/?s={search_term_string}\"},\"query-input\":{\"@type\":\"PropertyValueSpecification\",\"valueRequired\":true,\"valueName\":\"search_term_string\"}}],\"inLanguage\":\"lt-LT\"},{\"@type\":\"Organization\",\"@id\":\"https:\/\/bri9ita.com\/#organization\",\"name\":\"bri9ita.com\",\"url\":\"https:\/\/bri9ita.com\/\",\"logo\":{\"@type\":\"ImageObject\",\"inLanguage\":\"lt-LT\",\"@id\":\"https:\/\/bri9ita.com\/#\/schema\/logo\/image\/\",\"url\":\"https:\/\/bri9ita.com\/wp-content\/uploads\/2023\/03\/new_logo_for_web_2-removebg-preview.png\",\"contentUrl\":\"https:\/\/bri9ita.com\/wp-content\/uploads\/2023\/03\/new_logo_for_web_2-removebg-preview.png\",\"width\":560,\"height\":135,\"caption\":\"bri9ita.com\"},\"image\":{\"@id\":\"https:\/\/bri9ita.com\/#\/schema\/logo\/image\/\"},\"sameAs\":[\"https:\/\/www.instagram.com\/_bri9ita_\/?igshid=YmMyMTA2M2Y\",\"https:\/\/www.youtube.com\/@bri9ita599\"]}]}<\/script>\n<!-- \/ Yoast SEO plugin. -->","yoast_head_json":{"title":"Video or Zoom: 3 Topics 8 Questions Intuitive Consultation - bri9ita.com","description":"Get personal tarot consultations for love, career, and life decisions. Trusted online tarot readings with accurate insights to guide you on your path.","robots":{"index":"index","follow":"follow","max-snippet":"max-snippet:-1","max-image-preview":"max-image-preview:large","max-video-preview":"max-video-preview:-1"},"canonical":"https:\/\/bri9ita.com\/lt\/produktas\/tarot-consultation-online-3\/","og_locale":"lt_LT","og_type":"article","og_title":"Video or Zoom: 3 Topics 8 Questions Intuitive Consultation - bri9ita.com","og_description":"Get personal tarot consultations for love, career, and life decisions. Trusted online tarot readings with accurate insights to guide you on your path.","og_url":"https:\/\/bri9ita.com\/lt\/produktas\/tarot-consultation-online-3\/","og_site_name":"bri9ita.com","article_modified_time":"2025-11-15T09:37:43+00:00","og_image":[{"width":518,"height":506,"url":"https:\/\/bri9ita.com\/wp-content\/uploads\/2023\/03\/3-t-8-q.jpg","type":"image\/jpeg"}],"twitter_card":"summary_large_image","twitter_misc":{"Est. reading time":"2 minut\u0117s"},"schema":{"@context":"https:\/\/schema.org","@graph":[{"@type":"WebPage","@id":"https:\/\/bri9ita.com\/product\/tarot-consultation-online-3\/","url":"https:\/\/bri9ita.com\/product\/tarot-consultation-online-3\/","name":"Video or Zoom: 3 Topics 8 Questions Intuitive Consultation - bri9ita.com","isPartOf":{"@id":"https:\/\/bri9ita.com\/#website"},"primaryImageOfPage":{"@id":"https:\/\/bri9ita.com\/product\/tarot-consultation-online-3\/#primaryimage"},"image":{"@id":"https:\/\/bri9ita.com\/product\/tarot-consultation-online-3\/#primaryimage"},"thumbnailUrl":"https:\/\/bri9ita.com\/wp-content\/uploads\/2023\/03\/3-t-8-q.jpg","datePublished":"2023-03-28T17:56:18+00:00","dateModified":"2025-11-15T09:37:43+00:00","description":"Get personal tarot consultations for love, career, and life decisions. Trusted online tarot readings with accurate insights to guide you on your path.","breadcrumb":{"@id":"https:\/\/bri9ita.com\/product\/tarot-consultation-online-3\/#breadcrumb"},"inLanguage":"lt-LT","potentialAction":[{"@type":"ReadAction","target":["https:\/\/bri9ita.com\/product\/tarot-consultation-online-3\/"]}]},{"@type":"ImageObject","inLanguage":"lt-LT","@id":"https:\/\/bri9ita.com\/product\/tarot-consultation-online-3\/#primaryimage","url":"https:\/\/bri9ita.com\/wp-content\/uploads\/2023\/03\/3-t-8-q.jpg","contentUrl":"https:\/\/bri9ita.com\/wp-content\/uploads\/2023\/03\/3-t-8-q.jpg","width":518,"height":506},{"@type":"BreadcrumbList","@id":"https:\/\/bri9ita.com\/product\/tarot-consultation-online-3\/#breadcrumb","itemListElement":[{"@type":"ListItem","position":1,"name":"Home","item":"https:\/\/bri9ita.com\/"},{"@type":"ListItem","position":2,"name":"Shop","item":"https:\/\/bri9ita.com\/shop\/"},{"@type":"ListItem","position":3,"name":"Video or Zoom: 3 Topics 8 Questions Intuitive Consultation"}]},{"@type":"WebSite","@id":"https:\/\/bri9ita.com\/#website","url":"https:\/\/bri9ita.com\/","name":"bri9ita.com","description":"","publisher":{"@id":"https:\/\/bri9ita.com\/#organization"},"potentialAction":[{"@type":"SearchAction","target":{"@type":"EntryPoint","urlTemplate":"https:\/\/bri9ita.com\/?s={search_term_string}"},"query-input":{"@type":"PropertyValueSpecification","valueRequired":true,"valueName":"search_term_string"}}],"inLanguage":"lt-LT"},{"@type":"Organization","@id":"https:\/\/bri9ita.com\/#organization","name":"bri9ita.com","url":"https:\/\/bri9ita.com\/","logo":{"@type":"ImageObject","inLanguage":"lt-LT","@id":"https:\/\/bri9ita.com\/#\/schema\/logo\/image\/","url":"https:\/\/bri9ita.com\/wp-content\/uploads\/2023\/03\/new_logo_for_web_2-removebg-preview.png","contentUrl":"https:\/\/bri9ita.com\/wp-content\/uploads\/2023\/03\/new_logo_for_web_2-removebg-preview.png","width":560,"height":135,"caption":"bri9ita.com"},"image":{"@id":"https:\/\/bri9ita.com\/#\/schema\/logo\/image\/"},"sameAs":["https:\/\/www.instagram.com\/_bri9ita_\/?igshid=YmMyMTA2M2Y","https:\/\/www.youtube.com\/@bri9ita599"]}]}},"_links":{"self":[{"href":"https:\/\/bri9ita.com\/lt\/wp-json\/wp\/v2\/product\/2345","targetHints":{"allow":["GET"]}}],"collection":[{"href":"https:\/\/bri9ita.com\/lt\/wp-json\/wp\/v2\/product"}],"about":[{"href":"https:\/\/bri9ita.com\/lt\/wp-json\/wp\/v2\/types\/product"}],"replies":[{"embeddable":true,"href":"https:\/\/bri9ita.com\/lt\/wp-json\/wp\/v2\/comments?post=2345"}],"wp:featuredmedia":[{"embeddable":true,"href":"https:\/\/bri9ita.com\/lt\/wp-json\/wp\/v2\/media\/3209"}],"wp:attachment":[{"href":"https:\/\/bri9ita.com\/lt\/wp-json\/wp\/v2\/media?parent=2345"}],"wp:term":[{"taxonomy":"product_brand","embeddable":true,"href":"https:\/\/bri9ita.com\/lt\/wp-json\/wp\/v2\/product_brand?post=2345"},{"taxonomy":"product_cat","embeddable":true,"href":"https:\/\/bri9ita.com\/lt\/wp-json\/wp\/v2\/product_cat?post=2345"},{"taxonomy":"product_tag","embeddable":true,"href":"https:\/\/bri9ita.com\/lt\/wp-json\/wp\/v2\/product_tag?post=2345"}],"curies":[{"name":"wp","href":"https:\/\/api.w.org\/{rel}","templated":true}]}}