{"id":143,"date":"2016-06-20T07:48:11","date_gmt":"2016-06-20T07:48:11","guid":{"rendered":"http:\/\/sw-themes.com\/porto_dummy\/?page_id=143"},"modified":"2025-11-15T19:31:25","modified_gmt":"2025-11-15T19:31:25","slug":"home","status":"publish","type":"page","link":"https:\/\/bri9ita.com\/lt\/","title":{"rendered":"Pagrindinis"},"content":{"rendered":"<section class=\"wpb-content-wrapper\"><div class=\"vc_row wpb_row row top-row home-slider no-padding wpb_custom_034b39d9bc6c6b310d69e39f0ccf274f\"><div class=\"vc_column_container col-md-12\"><div class=\"wpb_wrapper vc_column-inner\"><div class=\"porto-ibanner interactive-banner-wrap-07dd21040fa50768c9d370ae74e47015\" style=\"min-height:800px;\"><img loading=\"lazy\" decoding=\"async\" alt=\"\" width=\"1922\" height=\"1153\" class=\"porto-ibanner-img\" src=\"https:\/\/bri9ita.com\/wp-content\/uploads\/2025\/11\/Untitled-design-30p.png\" srcset=\"https:\/\/bri9ita.com\/wp-content\/uploads\/2025\/11\/Untitled-design-30p.png 1922w, https:\/\/bri9ita.com\/wp-content\/uploads\/2025\/11\/Untitled-design-30p-1536x921.png 1536w\" sizes=\"auto, (max-width: 1922px) 100vw, 1922px\"><div class=\"porto-ibanner-desc\"><div class=\"porto-ibanner-content\" style=\"\"><div class=\"porto-ibanner-layer wpb_custom_2c5109c031829f9c54153ed0e6239ff6 banner-pos-d8faaecc40d074754cb807780753fdf5\"><style>.banner-pos-d8faaecc40d074754cb807780753fdf5 {left: 50%;right: unset;top: 50%;bottom: unset;transform: translate(-50%, -50%);}<\/style><\/div><\/div><\/div><\/div><\/div><\/div><\/div><div class=\"vc_row wpb_row row top-row wpb_custom_034b39d9bc6c6b310d69e39f0ccf274f\"><div class=\"vc_column_container col-md-6\"><div class=\"wpb_wrapper vc_column-inner\">\r\n\t<div class=\"wpb_single_image wpb_content_element vc_align_center  wpb_custom_81a4f7ef9830bf958462581aa01150fb\" data-appear-animation=\"bounce\"><div class=\"wpb_wrapper\">\r\n\t\t\t<h2 class=\"wpb_heading wpb_singleimage_heading\">Paslaugos<\/h2>\r\n\t\t\t<a href=\"https:\/\/bri9ita.com\/lt\/produkto-kategorija\/personal-sessions\/\" target=\"_self\" aria-label=\"Zoom the image\"><div class=\"vc_single_image-wrapper vc_box_shadow_circle  vc_box_border_grey\"><img loading=\"lazy\" decoding=\"async\" class=\"vc_single_image-img\" src=\"https:\/\/bri9ita.com\/wp-content\/uploads\/2024\/11\/Pe-5-400x400.png\" width=\"400\" height=\"400\" alt=\"Pe 5\" title=\"Pe 5\" \/><\/div><\/a>\r\n\t\t<\/div>\r\n\t<\/div>\r\n<\/div><\/div><div class=\"vc_column_container col-md-6\"><div class=\"wpb_wrapper vc_column-inner\">\r\n\t<div class=\"wpb_single_image wpb_content_element vc_align_center  wpb_custom_81a4f7ef9830bf958462581aa01150fb\" data-appear-animation=\"bounce\"><div class=\"wpb_wrapper\">\r\n\t\t\t<h2 class=\"wpb_heading wpb_singleimage_heading\">Ritualin\u0117 parduotuv\u0117<\/h2>\r\n\t\t\t<a href=\"https:\/\/bri9ita.com\/lt\/produkto-kategorija\/ritual-shop\/\" target=\"_self\" aria-label=\"Zoom the image\"><div class=\"vc_single_image-wrapper vc_box_shadow_circle  vc_box_border_grey\"><img loading=\"lazy\" decoding=\"async\" class=\"vc_single_image-img\" src=\"https:\/\/bri9ita.com\/wp-content\/uploads\/2025\/03\/alpha-essence-400x400.jpg\" width=\"400\" height=\"400\" alt=\"Untitled design - 1\" title=\"Dizainas be pavadinimo - 1\" \/><\/div><\/a>\r\n\t\t<\/div>\r\n\t<\/div>\r\n<\/div><\/div><\/div><div class=\"vc_row wpb_row row top-row vc_custom_1679911675650 wpb_custom_034b39d9bc6c6b310d69e39f0ccf274f\"><div class=\"vc_column_container col-md-12\"><div class=\"wpb_wrapper vc_column-inner\"><h2 style=\"font-size: 1.125rem;line-height: 1;text-align: center\" class=\"vc_custom_heading mb-5 m-t-sm p-t-xs wpb_custom_aa365bd5046e8294520b4e73732b9d15 text-uppercase\" >Klient\u0173 patirtis<\/h2><div class=\"porto-carousel owl-carousel has-ccols has-ccols-spacing ccols-xl-1 ccols-lg-1 ccols-md-1 ccols-sm-1 ccols-1 stage-margin wpb_custom_e7ff2f73e399f108e428c717da9bcc45\" data-plugin-options=\"{&quot;themeConfig&quot;:true,&quot;stagePadding&quot;:40,&quot;margin&quot;:10,&quot;autoplay&quot;:&quot;yes&quot;,&quot;mouseDrag&quot;:true,&quot;touchDrag&quot;:true,&quot;autoplayTimeout&quot;:5000,&quot;autoplayHoverPause&quot;:false,&quot;items&quot;:1,&quot;xl&quot;:1,&quot;lg&quot;:1,&quot;md&quot;:1,&quot;sm&quot;:1,&quot;xs&quot;:1,&quot;nav&quot;:false,&quot;dots&quot;:&quot;yes&quot;,&quot;animateIn&quot;:&quot;&quot;,&quot;animateOut&quot;:&quot;&quot;,&quot;loop&quot;:&quot;yes&quot;,&quot;center&quot;:false,&quot;video&quot;:false,&quot;lazyLoad&quot;:false,&quot;fullscreen&quot;:false}\"><div class=\"porto-testimonial wpb_content_element   wpb_custom_4760b66c0cbf51ec9a7673f3785bca75\"><div class=\"testimonial testimonial-style-5 testimonial-with-quotes\"><blockquote class=\"testimonial-carousel\"><p>A\u0161 vis dar gr\u012f\u017etu \u012f jos vaizdo \u012fra\u0161\u0105 patarim\u0173 ir priminim\u0173, 3 m\u0117nesius nuo mano pirkimo ir tai, k\u0105 ji mat\u0117, vis dar atsiskleid\u017eia. Brigita yra ne\u012ftik\u0117tinai gabi, saky\u010diau, net iki mano \u0161eimos kort\u0173 ai\u0161kintojos lygio. Ji yra tikra asmenyb\u0117. Skatinu visus \u012fsigyti jos skaitymus, informacija yra ne tik tiksli, bet ir \u012f\u017evalgi j\u016bs\u0173 pa\u010di\u0173 augimui. Palaiminimai.<\/p><\/blockquote><div class=\"testimonial-author\"><p><strong>Minerva<\/strong><span><\/span><\/p><\/div><\/div><\/div><div class=\"porto-testimonial wpb_content_element   wpb_custom_4760b66c0cbf51ec9a7673f3785bca75\"><div class=\"testimonial testimonial-style-5 testimonial-with-quotes\"><blockquote class=\"testimonial-carousel\"><p>Prie\u0161 por\u0105 savai\u010di\u0173 gavau skaitym\u0105 ir esu labai d\u0117kinga Brigitai u\u017e jos pateiktas \u012f\u017evalgas. Jei ie\u0161kote gairi\u0173 savo gyvenime, tikrai rekomenduoju u\u017esisakyti seans\u0105!<\/p><\/blockquote><div class=\"testimonial-author\"><p><strong>Uzma<\/strong><span><\/span><\/p><\/div><\/div><\/div><div class=\"porto-testimonial wpb_content_element   wpb_custom_4760b66c0cbf51ec9a7673f3785bca75\"><div class=\"testimonial testimonial-style-5\"><blockquote><p>Tai buvo mano antrasis skaitymas su Brigita, ir a\u0161 negaliu apib\u016bdinti, kokie tikslingi yra jos skaitymai. Ji tikrai gilinasi \u012f tem\u0105 ir tai, k\u0105 svarbu \u017einoti, taip pat duoda daug patarim\u0173, kaip pagerinti savo pad\u0117t\u012f, o tai labai padeda. Be to, ji nesureik\u0161mina situacijos, tod\u0117l j\u016bs turite ai\u0161k\u0173 vaizd\u0105, kuris padeda jums su\u017einoti, kas i\u0161 tikr\u0173j\u0173 vyksta, o ne suteikia jums klaiding\u0173 vil\u010di\u0173, kurios padeda priimti situacij\u0105 arba priimti geresn\u012f sprendim\u0105, arba padeda tobul\u0117ti ir vystytis asmeninio augimo srityje. Tikrai rekomenduoju jos skaitymus!!!! Dar kart\u0105 labai a\u010di\u016b, Brigita!<\/p><\/blockquote><div class=\"testimonial-arrow-down\"><\/div><div class=\"testimonial-author\"><p><strong>Natalija<\/strong><span><\/span><\/p><\/div><\/div><\/div><div class=\"porto-testimonial wpb_content_element   wpb_custom_4760b66c0cbf51ec9a7673f3785bca75\"><div class=\"testimonial testimonial-style-5\"><blockquote><p>Tai buvo pirmas mano \u012fsigytas skaitinys, ir a\u0161 labai d\u017eiaugiuosi, kad pasirinkau Brigit\u0105 skaityti u\u017e mane. Ji kruop\u0161\u010diai, giliai ir r\u016bpestingai perskait\u0117 mano energij\u0105. Labai a\u010di\u016b! \ud83d\ude00 \ud83d\ude00<\/p><\/blockquote><div class=\"testimonial-arrow-down\"><\/div><div class=\"testimonial-author\"><p><strong>Katie<\/strong><span><\/span><\/p><\/div><\/div><\/div><div class=\"porto-testimonial wpb_content_element   wpb_custom_4760b66c0cbf51ec9a7673f3785bca75\"><div class=\"testimonial testimonial-style-5\"><blockquote><p>Nuo 2019 m. A\u0161 at\u0117jau su Brigita \u012f savo bok\u0161to laikotarpius, pakabintas \u017emogus, Mirtis ir akimirkomis, kaip didelis, kaip laimingas, kaip Saul\u0117s kortel\u0117 (Manau, kad asmuo \u0161ioje kortel\u0117je yra tikrai laimingas, nes jie gyvena didelio grobio asmens svajon\u0119). Viskas, k\u0105 ji man yra sakiusi, tapo realybe, bet darbas su ja yra daugiau nei tai, asmeni\u0161kai man yra garb\u0117 su ja bendrauti lygiaver\u010diais mainais, ji visada man primena, kad turiu laisv\u0105 vali\u0105. \u012edomus faktas: \u017eavinga yra tai, kad su Brigita visada suteikia informacijos, bet tam tikru b\u016bdu magija tavo gyvenime gali \u012fvykti laisvai. A\u0161 \u012fsigijau \u012fra\u0161yt\u0105 skaitym\u0105 kiekvien\u0105 kart\u0105, bet \u0161\u012f paskutin\u012f kart\u0105 a\u0161 padariau priartinti vien\u0105 ir buvo geriausias diena EVER (A\u0161 i\u0161saugojau \u012fra\u0161\u0105 \u0161iuo pavadinimu hahaha), net ir manydamas, kad a\u0161 nekalbu angl\u0173 laisvai, ji buvo tikrai i\u0161sami su kalbos barjer\u0105 ir man panik\u0105, nes a\u0161 tiesiog myliu j\u0105 ir a\u0161 dreb\u0117jo, kai a\u0161 j\u0105 pama\u010diau ir prad\u0117jo kalb\u0117ti su manimi &lt;3<\/p><\/blockquote><div class=\"testimonial-arrow-down\"><\/div><div class=\"testimonial-author\"><p><strong>Carla Castillo Jeldres<\/strong><span><\/span><\/p><\/div><\/div><\/div><div class=\"porto-testimonial wpb_content_element   wpb_custom_4760b66c0cbf51ec9a7673f3785bca75\"><div class=\"testimonial testimonial-style-5\"><blockquote><p>Man labai patiko, kad Brigita leido studentui pa\u010diam formuoti kurs\u0105, o ne laikytis grie\u017eto tvarkara\u0161\u010dio. Brigita \u017eino, kaip pritaikyti savo mokym\u0105 prie studento, ir tai darydama ji suteik\u0117 kur kas daugiau, nei numatyta kurso apra\u0161e. Ji taip pat labai paslaugi ir d\u0117mesinga. Po pirmojo kurso Brigita leido man naudotis jos auditorija praktikai, o tai, mano manymu, padaryt\u0173 nedaugelis \u017emoni\u0173 ir yra tikrai garbinga, nes tai pad\u0117jo man \u012fgyti pasitik\u0117jimo savo intuityvaus skaitymo geb\u0117jimais. Apskritai \u0161is kursas atgaivino mano intuityvaus skaitymo stili\u0173 ir paskatino mane stengtis, o tai tikrai vertinu.<\/p><\/blockquote><div class=\"testimonial-arrow-down\"><\/div><div class=\"testimonial-author\"><p><strong>Sara M<\/strong><span><\/span><\/p><\/div><\/div><\/div><div class=\"porto-testimonial wpb_content_element   wpb_custom_4760b66c0cbf51ec9a7673f3785bca75\"><div class=\"testimonial testimonial-style-5\"><blockquote><p>Jei skaitote \u0161i\u0105 ap\u017evalg\u0105, kad nuspr\u0119stum\u0117te, ar tur\u0117tum\u0117te u\u017esisakyti \u0161i\u0105 \u201cAuk\u0161tojo A\u0161 \u017einut\u0119\u201d... DARYKITE TAI (patvirtinimas)! Mano sesija buvo ne kas kita, kaip nuostabi ir patvirtinanti aprei\u0161kimus, kuriuos jau\u010diau ir (arba) dalinausi! Ji pateik\u0117 ir pasi\u016blymus d\u0117l dalyk\u0173, kurie gali pad\u0117ti pagreitinti ry\u0161io su savo Auk\u0161tuoju A\u0161 (i\u0161mintimi) sraut\u0105! Esu labai d\u0117kinga Brigitai, jos dovanoms ir jos norui dalintis jomis su pasauliu!!! \u0160i energija yra labai u\u017ekre\u010diama, ir a\u0161 taip pat d\u017eiaugiuosi gal\u0117dama pasidalyti savo dovanomis.<\/p><\/blockquote><div class=\"testimonial-arrow-down\"><\/div><div class=\"testimonial-author\"><p><strong>Tasha Ransom<\/strong><span><\/span><\/p><\/div><\/div><\/div><div class=\"porto-testimonial wpb_content_element   wpb_custom_4760b66c0cbf51ec9a7673f3785bca75\"><div class=\"testimonial testimonial-style-5\"><blockquote><p>Sveiki, Brigita! Pra\u0117jo nema\u017eai laiko nuo to laiko, kai tur\u0117jau \u0161\u012f kurs\u0105 su jumis, ir a\u0161 nor\u0117jau pad\u0117koti jums u\u017e tai, kad pri\u0117m\u0117te mane ir pad\u0117jote man mano dvasin\u0117je kelion\u0117je! Tu mane labai palaikei tiek kurso metu, tiek instagrame, tiek tiesiog matydama tave youtube! A\u0161 tiek daug i\u0161 tav\u0119s i\u0161mokau ir tu mane kasdien vis \u012fkvepi! Dabar, kai u\u017estringu, naudojuosi j\u016bs\u0173 duotomis technikomis, kad i\u0161silaisvin\u010diau. Labai a\u010di\u016b! Apkabinimai, Chee-Way<\/p><\/blockquote><div class=\"testimonial-arrow-down\"><\/div><div class=\"testimonial-author\"><p><strong>\"Chee-Way Sun<\/strong><span><\/span><\/p><\/div><\/div><\/div><div class=\"porto-testimonial wpb_content_element   wpb_custom_4760b66c0cbf51ec9a7673f3785bca75\"><div class=\"testimonial testimonial-style-5\"><blockquote><p>Introspekcin\u0117s hipnoz\u0117s seansas su Brigita tikrai pakeit\u0117 gyvenim\u0105. Tai buvo mano pirmasis hipnoz\u0117s seansas ir nebuvau tikra, ar sugeb\u0117siu atsipalaiduoti ir atsisakyti savo s\u0105mon\u0117s kontrol\u0117s. Be reikalo nerimavau, Brigita buvo man puikus vadovas ir atliko nuostab\u0173 darb\u0105. Nuo pat prad\u017ei\u0173 i\u0161 karto labai gerai jau\u010diausi jos akivaizdoje. Brigita turi labai malon\u0173 ir raminant\u012f bals\u0105, kuris pad\u0117jo man patekti \u012f norim\u0105 hipnotin\u0119 b\u016bsen\u0105, kuri yra labai subtili ir labiau primena gil\u0173 atsipalaidavim\u0105. Brigita elgiasi labai profesionaliai, puikiai \u017eino, k\u0105 daro, ir u\u017eduoda tinkamus klausimus. Brigit\u0105 suvokiau kaip u\u017ejau\u010dian\u010di\u0105, r\u016bpesting\u0105, d\u0117mesing\u0105 ir labai intuityvi\u0105 moter\u012f. Seanso pabaigoje visk\u0105 aptar\u0117me ir \u012f \u0161vies\u0105 paleidome prie man\u0119s prisiri\u0161usi\u0105 dvasi\u0105. Nedvejodama bet kada v\u0117l u\u017esisaky\u010diau pas Brigit\u0105. A\u010di\u016b Brigitai u\u017e \u0161i\u0105 nepaprast\u0105 patirt\u012f!<\/p><\/blockquote><div class=\"testimonial-arrow-down\"><\/div><div class=\"testimonial-author\"><p><strong>Barbara Amgwerd<\/strong><span><\/span><\/p><\/div><\/div><\/div><div class=\"porto-testimonial wpb_content_element   wpb_custom_4760b66c0cbf51ec9a7673f3785bca75\"><div class=\"testimonial testimonial-style-5\"><blockquote><p>Tai buvo pirmas kartas, kai patyriau introspekcin\u0119 hipnoz\u0119. Hipnoz\u0117s seanso metu su\u017einojau, kad prie man\u0119s buvo prisiri\u0161usi mano negimusio vaiko siela (persileidimas), tur\u0117jau galimyb\u0119 pasikalb\u0117ti su ta siela, apkabinti j\u0105 ir paleisti, kad ji gal\u0117t\u0173 toliau augti. \u012edomu tai, kad seanso metu su\u017einojau, jog tai paveik\u0117 mano \u0161lapimo p\u016bsl\u0119 (tur\u0117jau labai da\u017enai lankytis tualete). Jau\u010diu ramyb\u0119 ir i\u0161silaisvinim\u0105. Labai d\u0117kinga u\u017e \u0161i\u0105 patirt\u012f, \u017eod\u017eiais to neapsakysi.<\/p><\/blockquote><div class=\"testimonial-arrow-down\"><\/div><div class=\"testimonial-author\"><p><strong>Raminta Burneik\u0117<\/strong><span><\/span><\/p><\/div><\/div><\/div><div class=\"porto-testimonial wpb_content_element   wpb_custom_4760b66c0cbf51ec9a7673f3785bca75\"><div class=\"testimonial testimonial-style-5\"><blockquote><p>Tai buvo mano pirmasis hipnoz\u0117s seansas ir, ties\u0105 sakant, nesitik\u0117jau, kad jis taip stipriai pakeis mano gyvenim\u0105. Brigita buvo tokia rami, kad i\u0161 karto pasijutau patogiai. Kai prad\u0117jome seans\u0105, paai\u0161k\u0117jo tiek daug dalyk\u0173, apie kuriuos net ne\u012fsivaizdavau, kad jie daro \u012ftak\u0105 mano kasdieniam gyvenimui. Prie man\u0119s buvo prisiri\u0161usi dvasia, ir Brigita pad\u0117jo t\u0105 dvasi\u0105 i\u0161kelti \u012f \u0161vies\u0105. Paai\u0161k\u0117jo, kad daugyb\u0117 dalyk\u0173, kuriuos laikiau savo \u201cdaiktais\u201d, buvo su manimi nesusij\u0119 ir mane stabdantys dalykai. Brigita jau labai ilgai dirba Taro srityje ir yra labai intuityvi, ir tai atsiskleid\u017eia po sesijos su ja. Ji \u017einojo visus teisingus klausimus, kuriuos reikia u\u017eduoti, ir sugeb\u0117jo atskirti, kada dvasia su ja elgiasi atvirk\u0161\u010diai. Nemanau, kad kokia nors terapija man pad\u0117jo labiau nei \u0161i. A\u010di\u016b tau, Brigita, u\u017e visk\u0105, k\u0105 darai, kad pad\u0117tum \u017emon\u0117ms x x x x<\/p><\/blockquote><div class=\"testimonial-arrow-down\"><\/div><div class=\"testimonial-author\"><p><strong>Joey<\/strong><span><\/span><\/p><\/div><\/div><\/div><\/div><div class=\"porto-separator\"><hr class=\"separator-line  align_center\" style=\"background-image: -webkit-linear-gradient(left, transparent, grey, transparent); background-image: linear-gradient(to right, transparent, grey, transparent);\"><\/div><\/div><\/div><\/div>\n<\/section>","protected":false},"excerpt":{"rendered":"Services Ritual Shop Customer experienceI still go back to her video for advice and reminders, 3 months since my purchase and what she has seen is still unfolding. Brigita is incredibly gifted, I would even say to the level of my family card reader. She's the real deal. I encourage anyone to purchase her readings, [...]","protected":false},"author":1,"featured_media":0,"parent":0,"menu_order":0,"comment_status":"closed","ping_status":"closed","template":"","meta":{"footnotes":""},"class_list":["post-143","page","type-page","status-publish","hentry"],"yoast_head":"<!-- This site is optimized with the Yoast SEO plugin v26.6 - https:\/\/yoast.com\/wordpress\/plugins\/seo\/ -->\n<title>Home - bri9ita.com<\/title>\n<meta name=\"description\" content=\"In-depth personalised tarot readings, introspective hypnosis sessions, and handcrafted ritual soaps designed to nurture your spirit and body. Unlock insight, healing, and spiritual growth by booking my services.\" \/>\n<meta name=\"robots\" content=\"index, follow, max-snippet:-1, max-image-preview:large, max-video-preview:-1\" \/>\n<link rel=\"canonical\" href=\"https:\/\/bri9ita.com\/lt\/\" \/>\n<meta property=\"og:locale\" content=\"lt_LT\" \/>\n<meta property=\"og:type\" content=\"article\" \/>\n<meta property=\"og:title\" content=\"Home - bri9ita.com\" \/>\n<meta property=\"og:description\" content=\"In-depth personalised tarot readings, introspective hypnosis sessions, and handcrafted ritual soaps designed to nurture your spirit and body. Unlock insight, healing, and spiritual growth by booking my services.\" \/>\n<meta property=\"og:url\" content=\"https:\/\/bri9ita.com\/lt\/\" \/>\n<meta property=\"og:site_name\" content=\"bri9ita.com\" \/>\n<meta property=\"article:modified_time\" content=\"2025-11-15T19:31:25+00:00\" \/>\n<meta name=\"twitter:card\" content=\"summary_large_image\" \/>\n<meta name=\"twitter:label1\" content=\"Est. reading time\" \/>\n\t<meta name=\"twitter:data1\" content=\"3 minut\u0117s\" \/>\n<script type=\"application\/ld+json\" class=\"yoast-schema-graph\">{\"@context\":\"https:\/\/schema.org\",\"@graph\":[{\"@type\":\"WebPage\",\"@id\":\"https:\/\/bri9ita.com\/\",\"url\":\"https:\/\/bri9ita.com\/\",\"name\":\"Home - bri9ita.com\",\"isPartOf\":{\"@id\":\"https:\/\/bri9ita.com\/#website\"},\"datePublished\":\"2016-06-20T07:48:11+00:00\",\"dateModified\":\"2025-11-15T19:31:25+00:00\",\"description\":\"In-depth personalised tarot readings, introspective hypnosis sessions, and handcrafted ritual soaps designed to nurture your spirit and body. Unlock insight, healing, and spiritual growth by booking my services.\",\"breadcrumb\":{\"@id\":\"https:\/\/bri9ita.com\/#breadcrumb\"},\"inLanguage\":\"lt-LT\",\"potentialAction\":[{\"@type\":\"ReadAction\",\"target\":[\"https:\/\/bri9ita.com\/\"]}]},{\"@type\":\"BreadcrumbList\",\"@id\":\"https:\/\/bri9ita.com\/#breadcrumb\",\"itemListElement\":[{\"@type\":\"ListItem\",\"position\":1,\"name\":\"Home\",\"item\":\"https:\/\/bri9ita.com\/\"},{\"@type\":\"ListItem\",\"position\":2,\"name\":\"Home\"}]},{\"@type\":\"WebSite\",\"@id\":\"https:\/\/bri9ita.com\/#website\",\"url\":\"https:\/\/bri9ita.com\/\",\"name\":\"bri9ita.com\",\"description\":\"\",\"publisher\":{\"@id\":\"https:\/\/bri9ita.com\/#organization\"},\"potentialAction\":[{\"@type\":\"SearchAction\",\"target\":{\"@type\":\"EntryPoint\",\"urlTemplate\":\"https:\/\/bri9ita.com\/?s={search_term_string}\"},\"query-input\":{\"@type\":\"PropertyValueSpecification\",\"valueRequired\":true,\"valueName\":\"search_term_string\"}}],\"inLanguage\":\"lt-LT\"},{\"@type\":\"Organization\",\"@id\":\"https:\/\/bri9ita.com\/#organization\",\"name\":\"bri9ita.com\",\"url\":\"https:\/\/bri9ita.com\/\",\"logo\":{\"@type\":\"ImageObject\",\"inLanguage\":\"lt-LT\",\"@id\":\"https:\/\/bri9ita.com\/#\/schema\/logo\/image\/\",\"url\":\"https:\/\/bri9ita.com\/wp-content\/uploads\/2023\/03\/new_logo_for_web_2-removebg-preview.png\",\"contentUrl\":\"https:\/\/bri9ita.com\/wp-content\/uploads\/2023\/03\/new_logo_for_web_2-removebg-preview.png\",\"width\":560,\"height\":135,\"caption\":\"bri9ita.com\"},\"image\":{\"@id\":\"https:\/\/bri9ita.com\/#\/schema\/logo\/image\/\"},\"sameAs\":[\"https:\/\/www.instagram.com\/_bri9ita_\/?igshid=YmMyMTA2M2Y\",\"https:\/\/www.youtube.com\/@bri9ita599\"]}]}<\/script>\n<!-- \/ Yoast SEO plugin. -->","yoast_head_json":{"title":"Home - bri9ita.com","description":"In-depth personalised tarot readings, introspective hypnosis sessions, and handcrafted ritual soaps designed to nurture your spirit and body. Unlock insight, healing, and spiritual growth by booking my services.","robots":{"index":"index","follow":"follow","max-snippet":"max-snippet:-1","max-image-preview":"max-image-preview:large","max-video-preview":"max-video-preview:-1"},"canonical":"https:\/\/bri9ita.com\/lt\/","og_locale":"lt_LT","og_type":"article","og_title":"Home - bri9ita.com","og_description":"In-depth personalised tarot readings, introspective hypnosis sessions, and handcrafted ritual soaps designed to nurture your spirit and body. Unlock insight, healing, and spiritual growth by booking my services.","og_url":"https:\/\/bri9ita.com\/lt\/","og_site_name":"bri9ita.com","article_modified_time":"2025-11-15T19:31:25+00:00","twitter_card":"summary_large_image","twitter_misc":{"Est. reading time":"3 minut\u0117s"},"schema":{"@context":"https:\/\/schema.org","@graph":[{"@type":"WebPage","@id":"https:\/\/bri9ita.com\/","url":"https:\/\/bri9ita.com\/","name":"Home - bri9ita.com","isPartOf":{"@id":"https:\/\/bri9ita.com\/#website"},"datePublished":"2016-06-20T07:48:11+00:00","dateModified":"2025-11-15T19:31:25+00:00","description":"In-depth personalised tarot readings, introspective hypnosis sessions, and handcrafted ritual soaps designed to nurture your spirit and body. Unlock insight, healing, and spiritual growth by booking my services.","breadcrumb":{"@id":"https:\/\/bri9ita.com\/#breadcrumb"},"inLanguage":"lt-LT","potentialAction":[{"@type":"ReadAction","target":["https:\/\/bri9ita.com\/"]}]},{"@type":"BreadcrumbList","@id":"https:\/\/bri9ita.com\/#breadcrumb","itemListElement":[{"@type":"ListItem","position":1,"name":"Home","item":"https:\/\/bri9ita.com\/"},{"@type":"ListItem","position":2,"name":"Home"}]},{"@type":"WebSite","@id":"https:\/\/bri9ita.com\/#website","url":"https:\/\/bri9ita.com\/","name":"bri9ita.com","description":"","publisher":{"@id":"https:\/\/bri9ita.com\/#organization"},"potentialAction":[{"@type":"SearchAction","target":{"@type":"EntryPoint","urlTemplate":"https:\/\/bri9ita.com\/?s={search_term_string}"},"query-input":{"@type":"PropertyValueSpecification","valueRequired":true,"valueName":"search_term_string"}}],"inLanguage":"lt-LT"},{"@type":"Organization","@id":"https:\/\/bri9ita.com\/#organization","name":"bri9ita.com","url":"https:\/\/bri9ita.com\/","logo":{"@type":"ImageObject","inLanguage":"lt-LT","@id":"https:\/\/bri9ita.com\/#\/schema\/logo\/image\/","url":"https:\/\/bri9ita.com\/wp-content\/uploads\/2023\/03\/new_logo_for_web_2-removebg-preview.png","contentUrl":"https:\/\/bri9ita.com\/wp-content\/uploads\/2023\/03\/new_logo_for_web_2-removebg-preview.png","width":560,"height":135,"caption":"bri9ita.com"},"image":{"@id":"https:\/\/bri9ita.com\/#\/schema\/logo\/image\/"},"sameAs":["https:\/\/www.instagram.com\/_bri9ita_\/?igshid=YmMyMTA2M2Y","https:\/\/www.youtube.com\/@bri9ita599"]}]}},"_links":{"self":[{"href":"https:\/\/bri9ita.com\/lt\/wp-json\/wp\/v2\/pages\/143","targetHints":{"allow":["GET"]}}],"collection":[{"href":"https:\/\/bri9ita.com\/lt\/wp-json\/wp\/v2\/pages"}],"about":[{"href":"https:\/\/bri9ita.com\/lt\/wp-json\/wp\/v2\/types\/page"}],"author":[{"embeddable":true,"href":"https:\/\/bri9ita.com\/lt\/wp-json\/wp\/v2\/users\/1"}],"replies":[{"embeddable":true,"href":"https:\/\/bri9ita.com\/lt\/wp-json\/wp\/v2\/comments?post=143"}],"version-history":[{"count":57,"href":"https:\/\/bri9ita.com\/lt\/wp-json\/wp\/v2\/pages\/143\/revisions"}],"predecessor-version":[{"id":3456,"href":"https:\/\/bri9ita.com\/lt\/wp-json\/wp\/v2\/pages\/143\/revisions\/3456"}],"wp:attachment":[{"href":"https:\/\/bri9ita.com\/lt\/wp-json\/wp\/v2\/media?parent=143"}],"curies":[{"name":"wp","href":"https:\/\/api.w.org\/{rel}","templated":true}]}}